{"id":1362,"date":"2014-09-30T16:49:29","date_gmt":"2014-09-30T13:49:29","guid":{"rendered":"https:\/\/miningwatch.ro\/sitenou\/?page_id=1362"},"modified":"2017-02-13T12:26:16","modified_gmt":"2017-02-13T10:26:16","slug":"proiectul-mining-watch-romania","status":"publish","type":"page","link":"https:\/\/miningwatch.ro\/en\/proiectul-mining-watch-romania\/","title":{"rendered":"(Rom\u00e2n\u0103) Proiectul Mining Watch Rom\u00e2nia"},"content":{"rendered":"<p class=\"qtranxs-available-languages-message qtranxs-available-languages-message-en\">Sorry, this entry is only available in <a href=\"https:\/\/miningwatch.ro\/ro\/wp-json\/wp\/v2\/pages\/1362\" class=\"qtranxs-available-language-link qtranxs-available-language-link-ro\" title=\"Rom\u00e2n\u0103\">Rom\u00e2n\u0103<\/a>.<\/p>","protected":false},"excerpt":{"rendered":"<p>Sorry, this entry is only available in Rom\u00e2n\u0103.<\/p>\n","protected":false},"author":2,"featured_media":0,"parent":0,"menu_order":0,"comment_status":"closed","ping_status":"closed","template":"","meta":{"_exactmetrics_skip_tracking":false,"_exactmetrics_sitenote_active":false,"_exactmetrics_sitenote_note":"","_exactmetrics_sitenote_category":0,"footnotes":""},"class_list":["post-1362","page","type-page","status-publish"],"yoast_head":"<!-- This site is optimized with the Yoast SEO plugin v21.2 - https:\/\/yoast.com\/wordpress\/plugins\/seo\/ -->\n<title>(Rom\u00e2n\u0103) Proiectul Mining Watch Rom\u00e2nia - Mining Watch Romania<\/title>\n<meta name=\"robots\" content=\"index, follow, max-snippet:-1, max-image-preview:large, max-video-preview:-1\" \/>\n<link rel=\"canonical\" href=\"https:\/\/miningwatch.ro\/en\/proiectul-mining-watch-romania\/\" \/>\n<meta property=\"og:locale\" content=\"en_US\" \/>\n<meta property=\"og:type\" content=\"article\" \/>\n<meta property=\"og:title\" content=\"(Rom\u00e2n\u0103) Proiectul Mining Watch Rom\u00e2nia - Mining Watch Romania\" \/>\n<meta property=\"og:description\" content=\"Sorry, this entry is only available in Rom\u00e2n\u0103.\" \/>\n<meta property=\"og:url\" content=\"https:\/\/miningwatch.ro\/en\/proiectul-mining-watch-romania\/\" \/>\n<meta property=\"og:site_name\" content=\"Mining Watch Romania\" \/>\n<meta property=\"article:modified_time\" content=\"2017-02-13T10:26:16+00:00\" \/>\n<meta property=\"og:image\" content=\"https:\/\/miningwatch.ro\/sitenou\/wp-content\/uploads\/2014\/09\/EEA_Grants.png\" \/>\n<meta name=\"twitter:card\" content=\"summary_large_image\" \/>\n<meta name=\"twitter:label1\" content=\"Est. reading time\" \/>\n\t<meta name=\"twitter:data1\" content=\"3 minutes\" \/>\n<script type=\"application\/ld+json\" class=\"yoast-schema-graph\">{\"@context\":\"https:\/\/schema.org\",\"@graph\":[{\"@type\":\"WebPage\",\"@id\":\"https:\/\/miningwatch.ro\/en\/proiectul-mining-watch-romania\/\",\"url\":\"https:\/\/miningwatch.ro\/en\/proiectul-mining-watch-romania\/\",\"name\":\"(Rom\u00e2n\u0103) Proiectul Mining Watch Rom\u00e2nia - Mining Watch Romania\",\"isPartOf\":{\"@id\":\"https:\/\/miningwatch.ro\/en\/#website\"},\"datePublished\":\"2014-09-30T13:49:29+00:00\",\"dateModified\":\"2017-02-13T10:26:16+00:00\",\"breadcrumb\":{\"@id\":\"https:\/\/miningwatch.ro\/en\/proiectul-mining-watch-romania\/#breadcrumb\"},\"inLanguage\":\"en-US\",\"potentialAction\":[{\"@type\":\"ReadAction\",\"target\":[[\"https:\/\/miningwatch.ro\/en\/proiectul-mining-watch-romania\/\"]]}]},{\"@type\":\"BreadcrumbList\",\"@id\":\"https:\/\/miningwatch.ro\/en\/proiectul-mining-watch-romania\/#breadcrumb\",\"itemListElement\":[{\"@type\":\"ListItem\",\"position\":1,\"name\":\"Home\",\"item\":\"https:\/\/miningwatch.ro\/en\/\"},{\"@type\":\"ListItem\",\"position\":2,\"name\":\"Proiectul Mining Watch Rom\u00e2nia\"}]},{\"@type\":\"WebSite\",\"@id\":\"https:\/\/miningwatch.ro\/en\/#website\",\"url\":\"https:\/\/miningwatch.ro\/en\/\",\"name\":\"Mining Watch Romania\",\"description\":\"Mining Watch Romania is a monitoring network designed to organise civil society and local community actions on proposed gold mining projects in Romania.\",\"potentialAction\":[{\"@type\":\"SearchAction\",\"target\":{\"@type\":\"EntryPoint\",\"urlTemplate\":\"https:\/\/miningwatch.ro\/en\/?s={search_term_string}\"},\"query-input\":\"required name=search_term_string\"}],\"inLanguage\":\"en-US\"}]}<\/script>\n<!-- \/ Yoast SEO plugin. -->","yoast_head_json":{"title":"(Rom\u00e2n\u0103) Proiectul Mining Watch Rom\u00e2nia - Mining Watch Romania","robots":{"index":"index","follow":"follow","max-snippet":"max-snippet:-1","max-image-preview":"max-image-preview:large","max-video-preview":"max-video-preview:-1"},"canonical":"https:\/\/miningwatch.ro\/en\/proiectul-mining-watch-romania\/","og_locale":"en_US","og_type":"article","og_title":"(Rom\u00e2n\u0103) Proiectul Mining Watch Rom\u00e2nia - Mining Watch Romania","og_description":"Sorry, this entry is only available in Rom\u00e2n\u0103.","og_url":"https:\/\/miningwatch.ro\/en\/proiectul-mining-watch-romania\/","og_site_name":"Mining Watch Romania","article_modified_time":"2017-02-13T10:26:16+00:00","og_image":[{"url":"https:\/\/miningwatch.ro\/sitenou\/wp-content\/uploads\/2014\/09\/EEA_Grants.png"}],"twitter_card":"summary_large_image","twitter_misc":{"Est. reading time":"3 minutes"},"schema":{"@context":"https:\/\/schema.org","@graph":[{"@type":"WebPage","@id":"https:\/\/miningwatch.ro\/en\/proiectul-mining-watch-romania\/","url":"https:\/\/miningwatch.ro\/en\/proiectul-mining-watch-romania\/","name":"(Rom\u00e2n\u0103) Proiectul Mining Watch Rom\u00e2nia - Mining Watch Romania","isPartOf":{"@id":"https:\/\/miningwatch.ro\/en\/#website"},"datePublished":"2014-09-30T13:49:29+00:00","dateModified":"2017-02-13T10:26:16+00:00","breadcrumb":{"@id":"https:\/\/miningwatch.ro\/en\/proiectul-mining-watch-romania\/#breadcrumb"},"inLanguage":"en-US","potentialAction":[{"@type":"ReadAction","target":[["https:\/\/miningwatch.ro\/en\/proiectul-mining-watch-romania\/"]]}]},{"@type":"BreadcrumbList","@id":"https:\/\/miningwatch.ro\/en\/proiectul-mining-watch-romania\/#breadcrumb","itemListElement":[{"@type":"ListItem","position":1,"name":"Home","item":"https:\/\/miningwatch.ro\/en\/"},{"@type":"ListItem","position":2,"name":"Proiectul Mining Watch Rom\u00e2nia"}]},{"@type":"WebSite","@id":"https:\/\/miningwatch.ro\/en\/#website","url":"https:\/\/miningwatch.ro\/en\/","name":"Mining Watch Romania","description":"Mining Watch Romania is a monitoring network designed to organise civil society and local community actions on proposed gold mining projects in Romania.","potentialAction":[{"@type":"SearchAction","target":{"@type":"EntryPoint","urlTemplate":"https:\/\/miningwatch.ro\/en\/?s={search_term_string}"},"query-input":"required name=search_term_string"}],"inLanguage":"en-US"}]}},"_links":{"self":[{"href":"https:\/\/miningwatch.ro\/en\/wp-json\/wp\/v2\/pages\/1362","targetHints":{"allow":["GET"]}}],"collection":[{"href":"https:\/\/miningwatch.ro\/en\/wp-json\/wp\/v2\/pages"}],"about":[{"href":"https:\/\/miningwatch.ro\/en\/wp-json\/wp\/v2\/types\/page"}],"author":[{"embeddable":true,"href":"https:\/\/miningwatch.ro\/en\/wp-json\/wp\/v2\/users\/2"}],"replies":[{"embeddable":true,"href":"https:\/\/miningwatch.ro\/en\/wp-json\/wp\/v2\/comments?post=1362"}],"version-history":[{"count":4,"href":"https:\/\/miningwatch.ro\/en\/wp-json\/wp\/v2\/pages\/1362\/revisions"}],"predecessor-version":[{"id":1374,"href":"https:\/\/miningwatch.ro\/en\/wp-json\/wp\/v2\/pages\/1362\/revisions\/1374"}],"wp:attachment":[{"href":"https:\/\/miningwatch.ro\/en\/wp-json\/wp\/v2\/media?parent=1362"}],"curies":[{"name":"wp","href":"https:\/\/api.w.org\/{rel}","templated":true}]}}