{"id":2027,"date":"2015-06-24T10:59:38","date_gmt":"2015-06-24T07:59:38","guid":{"rendered":"https:\/\/miningwatch.ro\/sitenou\/?page_id=2027"},"modified":"2020-11-26T08:15:18","modified_gmt":"2020-11-26T06:15:18","slug":"doneaza-online-ep-sms","status":"publish","type":"page","link":"https:\/\/miningwatch.ro\/en\/doneaza-online-ep-sms\/","title":{"rendered":"Donate for Mining Watch Romania"},"content":{"rendered":"<script>\/\/ <![CDATA[\nfunction formCheck(formobj){\n\t\/\/ Enter name of mandatory fields\n\tvar fieldRequired = Array(\"email\");\n\t\/\/ Enter field description to appear in the dialog box\n\tvar fieldDescription = Array(\"E-mail\");\n\t\/\/ dialog message\n\tvar alertMsg = \"Va rugam completati urmatoarele campuri :\\n\";\n\t\n\tvar l_Msg = alertMsg.length;\n\t\n\tfor (var i = 0; i < fieldRequired.length; i++){\n\t\tvar obj = formobj.elements[fieldRequired[i]];\n\t\tif (obj){\n\t\t\tswitch(obj.type){\n\t\t\tcase \"select-one\":\n\t\t\t\tif (obj.selectedIndex == -1 || obj.options[obj.selectedIndex].text == \"\"){\n\t\t\t\t\talertMsg += \" - \" + fieldDescription[i] + \"\\n\";\n\t\t\t\t}\n\t\t\t\tbreak;\n\t\t\tcase \"select-multiple\":\n\t\t\t\tif (obj.selectedIndex == -1){\n\t\t\t\t\talertMsg += \" - \" + fieldDescription[i] + \"\\n\";\n\t\t\t\t}\n\t\t\t\tbreak;\n\t\t\tcase \"text\":\n\t\t\tcase \"textarea\":\n\t\t\t\tif (obj.value == \"\" || obj.value == null){\n\t\t\t\t\talertMsg += \" - \" + fieldDescription[i] + \"\\n\";\n\t\t\t\t}\n\t\t\t\tbreak;\n\t\t\tdefault:\n\t\t\t}\n\t\t\tif (obj.type == undefined){\n\t\t\t\tvar blnchecked = false;\n\t\t\t\tfor (var j = 0; j < obj.length; j++){ if (obj[j].checked){ blnchecked = true; } } if (!blnchecked){ alertMsg += \" - \" + fieldDescription[i] + \"\\n\"; } } } } if (alertMsg.length == l_Msg){ return true; }else{ alert(alertMsg); return false; } }\n\/\/ ]]><\/script><\/p>\n<form action=\"https:\/\/miningwatch.ro\/sitenou\/plateste-sms.php\" enctype=\"multipart\/form-data\" method=\"post\" name=\"EuPlatesc\">\n<table class=\"aligncenter\" border=\"0\" width=\"450\" cellspacing=\"0\" cellpadding=\"5\">\n<tbody>\n<tr>\n<td>Suma Donata<\/td>\n<td><input name=\"amount\" required=\"\" type=\"text\" \/><br \/>\n<input id=\"curr-ron\" class=\"inline\" checked=\"checked\" name=\"curr\" type=\"radio\" value=\"RON\" \/> <label class=\"inline\" for=\"curr-ron\">LEI<\/label> <input id=\"curr-eur\" class=\"inline\" name=\"curr\" type=\"radio\" value=\"EUR\" \/> <label class=\"inline\" for=\"curr-eur\">EURO<\/label> <input id=\"curr-usd\" class=\"inline\" name=\"curr\" type=\"radio\" value=\"USD\" \/> <label class=\"inline\" for=\"curr-usd\">USD<\/label><\/td>\n<\/tr>\n<tr>\n<td>Nume<\/td>\n<td><input name=\"fname\" required=\"\" type=\"text\" \/><\/td>\n<\/tr>\n<tr>\n<td>Prenume<\/td>\n<td><input name=\"lname\" required=\"\" type=\"text\" \/><\/td>\n<\/tr>\n<p><!--\n\n\n<tr>\n\n\n<td>Tara<\/td>\n\n\n\n\n<td><input name=\"country\" type=\"text\" \/><\/td>\n\n\n<\/tr>\n\n\n\n\n<tr>\n\n\n<td>Organizatie<\/td>\n\n\n\n\n<td><input name=\"company\" type=\"text\" \/><\/td>\n\n\n<\/tr>\n\n\n\n\n<tr>\n\n\n<td>Adresa<\/td>\n\n\n\n\n<td><input name=\"add\" type=\"text\" \/><\/td>\n\n\n<\/tr>\n\n\n\n\n<tr>\n\n\n<td>Telefon<\/td>\n\n\n\n\n<td><input name=\"phone\" type=\"text\" \/><\/td>\n\n\n<\/tr>\n\n\n\n\n<tr>\n\n\n<td>Fax<\/td>\n\n\n\n\n<td><input name=\"fax\" type=\"text\" \/><\/td>\n\n\n<\/tr>\n\n\n--><\/p>\n<tr>\n<td>Oras<\/td>\n<td><input name=\"city\" type=\"text\" \/><\/td>\n<\/tr>\n<tr>\n<td>E-mail<\/td>\n<td><input name=\"email\" required=\"\" type=\"text\" \/><\/td>\n<\/tr>\n<tr>\n<td>Plata recurenta<\/td>\n<td><select name=\"recurent\"><option value=\"no\">Nu<\/option><option selected=\"selected\" value=\"yes\">Da<\/option><\/select>&#8211; doresc sa platesc lunar aceasta suma<\/td>\n<\/tr>\n<\/tbody>\n<\/table>\n<p style=\"text-align: center;\"><input class=\"button dark_blue\" name=\"Doneaza\" type=\"submit\" value=\"Doneaza online\" \/><\/p>\n<p>Plata cu cardul bancar (Visa\/Visa Electron\/MasterCard\/Maestro) se realizeaz\u0103 prin EuPl\u0103tesc.<\/p>\n<p>&#8211; Dac\u0103 a\u021bi ales metoda de plat\u0103 online cu cardul bancar\u00a0este necesar s\u0103 completa\u021bi pe pagina urm\u0103toare un formular cu informa\u021biile despre cardul dumneavoastr\u0103 \u00een pagina securizat\u0103 a procesatorului de pl\u0103\u021bi.<\/p>\n<p>&#8211; Pl\u0103\u021bile cu carduri de credit\/debit emise sub sigla Visa \u0219i MasterCard (Visa\/Visa Electron \u0219i MasterCard\/Maestro)\u00a0se efectuaeaz\u0103 prin intermediul sistemului &#8220;3-D Secure&#8221; elaborat de organiza\u021biile care asigur\u0103 tranzac\u021biilor on-line acela\u0219i nivel de securitate ca cele realizate la bancomat sau \u00een mediul fizic, la comerciant.<\/p>\n<p>&#8211; &#8220;3-D Secure&#8221; asigur\u0103 \u00een primul r\u00e2nd c\u0103 nici o informa\u021bie legat\u0103 de cardul dumneavoastr\u0103 nu este transferat\u0103 sau stocat\u0103,\u00a0la niciun moment de timp, pe serverele magazinului sau pe serverele procesatorului de pl\u0103\u021bi, aceste date fiind direct introduse \u00een sistemele Visa \u0219i MasterCard.<\/p>\n<\/form>","protected":false},"excerpt":{"rendered":"<p>Suma Donata LEI EURO USD Nume Prenume Oras E-mail Plata recurenta NuDa&#8211; doresc sa platesc lunar aceasta suma Plata cu cardul bancar (Visa\/Visa Electron\/MasterCard\/Maestro) se realizeaz\u0103 prin EuPl\u0103tesc. &#8211; Dac\u0103 a\u021bi ales metoda de plat\u0103 online cu cardul bancar\u00a0este necesar s\u0103 completa\u021bi pe pagina urm\u0103toare un formular cu informa\u021biile despre cardul dumneavoastr\u0103 \u00een pagina securizat\u0103 [&hellip;]<\/p>\n","protected":false},"author":5,"featured_media":0,"parent":0,"menu_order":0,"comment_status":"closed","ping_status":"closed","template":"","meta":{"_exactmetrics_skip_tracking":false,"_exactmetrics_sitenote_active":false,"_exactmetrics_sitenote_note":"","_exactmetrics_sitenote_category":0,"footnotes":""},"class_list":["post-2027","page","type-page","status-publish"],"yoast_head":"<!-- This site is optimized with the Yoast SEO plugin v21.2 - https:\/\/yoast.com\/wordpress\/plugins\/seo\/ -->\n<title>Donate for Mining Watch Romania - Mining Watch Romania<\/title>\n<meta name=\"robots\" content=\"index, follow, max-snippet:-1, max-image-preview:large, max-video-preview:-1\" \/>\n<link rel=\"canonical\" href=\"https:\/\/miningwatch.ro\/en\/doneaza-online-ep-sms\/\" \/>\n<meta property=\"og:locale\" content=\"en_US\" \/>\n<meta property=\"og:type\" content=\"article\" \/>\n<meta property=\"og:title\" content=\"Donate for Mining Watch Romania - Mining Watch Romania\" \/>\n<meta property=\"og:description\" content=\"Suma Donata LEI EURO USD Nume Prenume Oras E-mail Plata recurenta NuDa&#8211; doresc sa platesc lunar aceasta suma Plata cu cardul bancar (Visa\/Visa Electron\/MasterCard\/Maestro) se realizeaz\u0103 prin EuPl\u0103tesc. &#8211; Dac\u0103 a\u021bi ales metoda de plat\u0103 online cu cardul bancar\u00a0este necesar s\u0103 completa\u021bi pe pagina urm\u0103toare un formular cu informa\u021biile despre cardul dumneavoastr\u0103 \u00een pagina securizat\u0103 [&hellip;]\" \/>\n<meta property=\"og:url\" content=\"https:\/\/miningwatch.ro\/en\/doneaza-online-ep-sms\/\" \/>\n<meta property=\"og:site_name\" content=\"Mining Watch Romania\" \/>\n<meta property=\"article:modified_time\" content=\"2020-11-26T06:15:18+00:00\" \/>\n<meta property=\"og:image\" content=\"https:\/\/miningwatch.ro\/sitenou\/wp-content\/uploads\/2016\/01\/paypal-300x69.jpg\" \/>\n<meta name=\"twitter:card\" content=\"summary_large_image\" \/>\n<meta name=\"twitter:label1\" content=\"Est. reading time\" \/>\n\t<meta name=\"twitter:data1\" content=\"2 minutes\" \/>\n<script type=\"application\/ld+json\" class=\"yoast-schema-graph\">{\"@context\":\"https:\/\/schema.org\",\"@graph\":[{\"@type\":\"WebPage\",\"@id\":\"https:\/\/miningwatch.ro\/en\/doneaza-online-ep-sms\/\",\"url\":\"https:\/\/miningwatch.ro\/en\/doneaza-online-ep-sms\/\",\"name\":\"Donate for Mining Watch Romania - Mining Watch Romania\",\"isPartOf\":{\"@id\":\"https:\/\/miningwatch.ro\/en\/#website\"},\"datePublished\":\"2015-06-24T07:59:38+00:00\",\"dateModified\":\"2020-11-26T06:15:18+00:00\",\"breadcrumb\":{\"@id\":\"https:\/\/miningwatch.ro\/en\/doneaza-online-ep-sms\/#breadcrumb\"},\"inLanguage\":\"en-US\",\"potentialAction\":[{\"@type\":\"ReadAction\",\"target\":[[\"https:\/\/miningwatch.ro\/en\/doneaza-online-ep-sms\/\"]]}]},{\"@type\":\"BreadcrumbList\",\"@id\":\"https:\/\/miningwatch.ro\/en\/doneaza-online-ep-sms\/#breadcrumb\",\"itemListElement\":[{\"@type\":\"ListItem\",\"position\":1,\"name\":\"Home\",\"item\":\"https:\/\/miningwatch.ro\/en\/\"},{\"@type\":\"ListItem\",\"position\":2,\"name\":\"Doneaza pentru Mining Watch Rom\u00e2nia\"}]},{\"@type\":\"WebSite\",\"@id\":\"https:\/\/miningwatch.ro\/en\/#website\",\"url\":\"https:\/\/miningwatch.ro\/en\/\",\"name\":\"Mining Watch Romania\",\"description\":\"Mining Watch Romania is a monitoring network designed to organise civil society and local community actions on proposed gold mining projects in Romania.\",\"potentialAction\":[{\"@type\":\"SearchAction\",\"target\":{\"@type\":\"EntryPoint\",\"urlTemplate\":\"https:\/\/miningwatch.ro\/en\/?s={search_term_string}\"},\"query-input\":\"required name=search_term_string\"}],\"inLanguage\":\"en-US\"}]}<\/script>\n<!-- \/ Yoast SEO plugin. -->","yoast_head_json":{"title":"Donate for Mining Watch Romania - Mining Watch Romania","robots":{"index":"index","follow":"follow","max-snippet":"max-snippet:-1","max-image-preview":"max-image-preview:large","max-video-preview":"max-video-preview:-1"},"canonical":"https:\/\/miningwatch.ro\/en\/doneaza-online-ep-sms\/","og_locale":"en_US","og_type":"article","og_title":"Donate for Mining Watch Romania - Mining Watch Romania","og_description":"Suma Donata LEI EURO USD Nume Prenume Oras E-mail Plata recurenta NuDa&#8211; doresc sa platesc lunar aceasta suma Plata cu cardul bancar (Visa\/Visa Electron\/MasterCard\/Maestro) se realizeaz\u0103 prin EuPl\u0103tesc. &#8211; Dac\u0103 a\u021bi ales metoda de plat\u0103 online cu cardul bancar\u00a0este necesar s\u0103 completa\u021bi pe pagina urm\u0103toare un formular cu informa\u021biile despre cardul dumneavoastr\u0103 \u00een pagina securizat\u0103 [&hellip;]","og_url":"https:\/\/miningwatch.ro\/en\/doneaza-online-ep-sms\/","og_site_name":"Mining Watch Romania","article_modified_time":"2020-11-26T06:15:18+00:00","og_image":[{"url":"https:\/\/miningwatch.ro\/sitenou\/wp-content\/uploads\/2016\/01\/paypal-300x69.jpg"}],"twitter_card":"summary_large_image","twitter_misc":{"Est. reading time":"2 minutes"},"schema":{"@context":"https:\/\/schema.org","@graph":[{"@type":"WebPage","@id":"https:\/\/miningwatch.ro\/en\/doneaza-online-ep-sms\/","url":"https:\/\/miningwatch.ro\/en\/doneaza-online-ep-sms\/","name":"Donate for Mining Watch Romania - Mining Watch Romania","isPartOf":{"@id":"https:\/\/miningwatch.ro\/en\/#website"},"datePublished":"2015-06-24T07:59:38+00:00","dateModified":"2020-11-26T06:15:18+00:00","breadcrumb":{"@id":"https:\/\/miningwatch.ro\/en\/doneaza-online-ep-sms\/#breadcrumb"},"inLanguage":"en-US","potentialAction":[{"@type":"ReadAction","target":[["https:\/\/miningwatch.ro\/en\/doneaza-online-ep-sms\/"]]}]},{"@type":"BreadcrumbList","@id":"https:\/\/miningwatch.ro\/en\/doneaza-online-ep-sms\/#breadcrumb","itemListElement":[{"@type":"ListItem","position":1,"name":"Home","item":"https:\/\/miningwatch.ro\/en\/"},{"@type":"ListItem","position":2,"name":"Doneaza pentru Mining Watch Rom\u00e2nia"}]},{"@type":"WebSite","@id":"https:\/\/miningwatch.ro\/en\/#website","url":"https:\/\/miningwatch.ro\/en\/","name":"Mining Watch Romania","description":"Mining Watch Romania is a monitoring network designed to organise civil society and local community actions on proposed gold mining projects in Romania.","potentialAction":[{"@type":"SearchAction","target":{"@type":"EntryPoint","urlTemplate":"https:\/\/miningwatch.ro\/en\/?s={search_term_string}"},"query-input":"required name=search_term_string"}],"inLanguage":"en-US"}]}},"_links":{"self":[{"href":"https:\/\/miningwatch.ro\/en\/wp-json\/wp\/v2\/pages\/2027","targetHints":{"allow":["GET"]}}],"collection":[{"href":"https:\/\/miningwatch.ro\/en\/wp-json\/wp\/v2\/pages"}],"about":[{"href":"https:\/\/miningwatch.ro\/en\/wp-json\/wp\/v2\/types\/page"}],"author":[{"embeddable":true,"href":"https:\/\/miningwatch.ro\/en\/wp-json\/wp\/v2\/users\/5"}],"replies":[{"embeddable":true,"href":"https:\/\/miningwatch.ro\/en\/wp-json\/wp\/v2\/comments?post=2027"}],"version-history":[{"count":13,"href":"https:\/\/miningwatch.ro\/en\/wp-json\/wp\/v2\/pages\/2027\/revisions"}],"predecessor-version":[{"id":3660,"href":"https:\/\/miningwatch.ro\/en\/wp-json\/wp\/v2\/pages\/2027\/revisions\/3660"}],"wp:attachment":[{"href":"https:\/\/miningwatch.ro\/en\/wp-json\/wp\/v2\/media?parent=2027"}],"curies":[{"name":"wp","href":"https:\/\/api.w.org\/{rel}","templated":true}]}}