{"id":278,"date":"2014-01-14T12:07:34","date_gmt":"2014-01-14T10:07:34","guid":{"rendered":"https:\/\/miningwatch.ro\/sitenou\/?page_id=278"},"modified":"2020-11-26T07:45:38","modified_gmt":"2020-11-26T05:45:38","slug":"certej-2","status":"publish","type":"page","link":"https:\/\/miningwatch.ro\/en\/certej-2\/","title":{"rendered":"Certej"},"content":{"rendered":"Certeju de Sus is an old mining centre in Hunedoara county, located in the south-eastern area of Metaliferi Mountains. The place lies within the <a href=\"http:\/\/ro.wikipedia.org\/wiki\/Patrulaterul_aurifer\" target=\"_blank\" rel=\"noopener noreferrer\">Golden Quadrilateral<\/a> of Apuseni Mountains, in the area of Deva, Brad, Baia de Arie\u015f and Zlatna towns.<span class=\"symple-highlight symple-highlight-green \"> The mining project of Certej is owned 80% by the canadian company <a href=\"http:\/\/www.eldoradogold.com\/\" target=\"_blank\" rel=\"noopener noreferrer\">Eldorado Gold<\/a> and less than 20% by the Romanian state. <\/span> <div id=\"map_canvas_9206\" class=\"googlemap \" style=\"height:250px;width:100%\"><input class=\"title\" type=\"hidden\" value=\" Certeju de Sus commune\" \/><input class=\"location\" type=\"hidden\" value=\"Certeju de Sus, Hunedoara, Romania\" \/><input class=\"zoom\" type=\"hidden\" value=\"10\" \/><div class=\"map_canvas\"><\/div><\/div> <hr class=\"symple-divider dashed \" style=\"margin-top: 20px;margin-bottom: 20px;\" \/> <div class=\"symple-column symple-one-half symple-column-first  \"> <b>Deva Gold Project\u2013 technical aspects<\/b> The gold-bearing deposit in the Certej perimeter has an estimated quantity of 45.5 mil. tonnes with a concentration of 1.8 g\/t Au and 10 g\/t Ag and is proposed to be mined on a 456.2 ha area. The Certej mining project, with a 16 year duration and a processing capacity of 3 mil. tonnes of ore\/year, involves deforestation, soil uncovering, an open pit, two huge waste dumps and <span class=\"symple-highlight symple-highlight-green \"> and the use of cyanides <\/span> to obtain gold, as well as building two tailings dams over 63.6 ha. The project area is 456.2 ha, currently covered by: forests 187 ha, meadows 30.7 ha, arable fields 5.3 ha, residential areas 18.7 ha. Out of this area 62.8 ha will be turned into Certej open pit and 63.6 ha into tailings dams for cyanide tailings, in addition to the processing plant and other specific premises. The ore is obtained by uncovering the soil and using explosives &#8211; ANFO (a mixture of ammonium nitrate and fuel oil). This would result in <span class=\"symple-highlight symple-highlight-green \"> a crater with maximum depth 290 m, dug in 30 m steps.<\/span>. The ore is delivered from the open pit to the processing plant by 65 t trucks for 24 h\/day, 7 days\/week, 360 days\/year. The ore processing is planned to be performed in several stages by the following methods: Stage I &#8211; Flotation of ore to obtain a gold concentrate and flotation tailings; Stage II &#8211; Oxidation of the gold pyrite concentrate (the Albion process); Stage III &#8211; Cyanidation of the oxidised concentrate and the electrolyte recovery of gold and silver and casting in Dore alloy bullions. <\/div> <div class=\"symple-column symple-one-half symple-column-last  \"> The scale of the Certej mining project requires the use of 26,448 tonnes of sodium cyanide and 15,280 tonnes of copper sulphate during the 16 years of operation. Processed toxic waste will be disposed of in the tailings dam. Drainage water from the mine waste dumps North (32.6 ha) and South (40,.2 ha) is planned to be directed through a drainage channel to settlement tanks to ensure suspended solids sedimentation. Sediments will be transported to the tailings dam for flotation tails. The main dam of the tailings pond is designed to cover 63.6 ha and will be built from rockfill; it will be built in stages, first the initial dam (starter) followed by <span class=\"symple-highlight symple-highlight-green \"> successive height increases, with a maximum height of 169 m.<\/span>. The tailings dam for flotation tails is an extractive waste facility <span class=\"symple-highlight symple-highlight-yellow \"><span style=\"text-decoration: underline;\">under Risk Category A<\/span><\/span> considering that a dam failure (loss of the structural integrity of the dam embankments) may produce a major accident (rapid and uncontrolled loss of the content of the tailings dam for flotation tails, which may entail loss of human lives, environmental impacts and material damages), in accordance with the first indent of Annex III of Directive 2006\/21\/EC. The tailings dam <span class=\"symple-highlight symple-highlight-yellow \"><span style=\"text-decoration: underline;\">is also classified under Risk Category A<\/span>\u00a0<\/span> based on its content of inorganic dissoluble\/ dissociable cyanides (CN<sub>WAD<\/sub>) classified as very toxic substances (category H6), according to Directive 91\/689\/CE Annexes II and III. <a href=\"https:\/\/twitter.com\/MiningWatchRo\" class=\"symple-social-icon \" title=\"Follow Us\"><img decoding=\"async\" src=\"https:\/\/miningwatch.ro\/sitenou\/wp-content\/plugins\/symple-shortcodes\/shortcodes\/images\/social\/twitter.png\" alt=\"twitter\" \/><\/a>\u00a0<a href=\"http:\/\/www.facebook.com\/faracianura\" class=\"symple-social-icon \" title=\"Like Us\"><img decoding=\"async\" src=\"https:\/\/miningwatch.ro\/sitenou\/wp-content\/plugins\/symple-shortcodes\/shortcodes\/images\/social\/facebook.png\" alt=\"facebook\" \/><\/a><\/div><div class=\"symple-clear-floats\"><\/div><hr class=\"symple-divider dashed \" style=\"margin-top: 20px;margin-bottom: 20px;\" \/> <div class=\"symple-callout symple-clearfix  \"><div class=\"symple-callout-caption\"> Certej \u2013 Autorities\u2019 incapacity to critically analyse new mining projects. <\/div><div class=\"symple-callout-button\"><a href=\"https:\/\/miningwatch.ro\/sitenou\/wp-content\/uploads\/2014\/01\/RaportCertej-MiningWatchRomania.pdf\" class=\"symple-button normal teal\" title=\"Visit Site\"  rel=\"nofollow\" target=\"_blank\"><span class=\"symple-button-inner\" >Read report<\/span><\/a><\/div><\/div> Mining Watch Romania case study report includes a detailed review of mining operations developed in the area of Certeju de Sus commune in Hunedoara county. It describes the path with plenty of irregularities of the license transfer from the state company to the private investor. The latter gained afterwards huge amounts upon selling the project and hence the deposit to another mining operator with ongoing projects in Greece, Turkey, Brazil and China. The report also includes an account of the very serious mining accident of 1971, kept secret by the communist authorities, which made at least 89 victims. The accident at Certej was considered the most dreadful peacetime disaster in Romania, but this is not the only harm produced by mining in this area. The severe poverty and unemployment upon the sudden closure of the state mine are characteristic for this commune. <hr class=\"symple-divider dashed \" style=\"margin-top: 20px;margin-bottom: 20px;\" \/> <div class=\"symple-toggle state-closed \"><h3 class=\"symple-toggle-trigger \"> The beginnings of the mining project, permit transfer and selling to Eldorado Gold <\/h3><div class=\"symple-toggle-container symple-clearfix\"> <b>Canadian company Gabriel Resources set their sights on the Certej deposit<\/b> One of the first references of the Canadian company Gabriel Resources (GR) to the gold- and silver-bearing deposits at Certej was mentioned in the press release of November 1998, as &#8220;two new gold-bearing areas identified on the property of Certej in Romania\u201d. According to their <a href=\"http:\/\/www.ase.ro\/rosia_montana\/pdf\/2005\/ANEXA-4-%20feb-2005.pdf\" target=\"_blank\" rel=\"noopener noreferrer\">1999 Annual Report<\/a>, <span class=\"symple-highlight symple-highlight-green \"> GR purchased two new projects, Bolcana and B\u0103i\u0163a-Cr\u0103ciune\u015fti,<\/span> adiacente proiectului Certej. adjacent to the Certej project. The same report, signed by Vasile Frank Timi\u015f as Chairman and Chief Executive Officer, proposed to shareholders to reorganise the company, namely by splitting it into European Goldfields Ltd and Gabriel Resources Ltd. <b>Gabriel splits and European Goldfields takes over Certej project <\/b> Reorganisation was approved and became effective\u00a0 from\u00a0 June 2000.<span class=\"symple-highlight symple-highlight-green \"> Gabriel transferred to European Goldfields its exploration projects of Certej, Zlatna, Bolcana and Baita-Cr\u0103ciune\u015fti.<\/span> In 1999 ANRM awarded to the National Company for Copper, Gold and Iron MINVEST S.A., as per art. 46 of the Mining Law 61\/1998, \u00a0<span class=\"symple-highlight symple-highlight-green \">, the concession for exploitation of the deposit in the Certej mining area <\/span> by the \u201eConcession license for exploitation at Certej, no. 435\/1999\u201d. Since 2000, European Goldfields Ltd (80%) in association with the state company Minvest Deva (19%) form Deva Gold SA. In accordance with the Mining Law, Deva Gold becomes affiliated to the License no. 435\/1999 approved by HG no. 51\/24.01.2000. <div class=\"symple-box  green none \" style=\"text-align:left;width: 100%;\"> \u00a0It is very interesting to note that the person who signed the association documents between Minvest Deva and Gabriel Resources in 1997 on behalf of the Romanian state is no one else but Nicolae Stanca, current director of Deva Gold SA. The above mentioned journalistic investigation concludes that the initial association agreement and its addenda as well as the establishment of the joint venture in June 1997 allowed the investors to enter on the back door in a business with no mining license. At that time there was no mining law in Romania yet based on which to award mining licenses to private entities for resource exploitation.<\/div> <div class=\"symple-testimonial  \"><div class=\"symple-testimonial-content symple-clearfix\"><p> \u2018It\u2019s a small deposit, I would say at the limit of profitability, especially\u00a0 given that all the costs go up.\u2019<\/p>\n<\/div><div class=\"symple-testimonial-author\">Nicolae Stanca, director of Deva Gold for Rom\u00e2nia Liber\u0103<\/div><\/div> <b>European Goldfields and the gold-bearing deposits in Romania<\/b><b> <\/b>In August 2008 European Goldfields held in Romania <span class=\"symple-highlight symple-highlight-green \"> an exploration license for an area of 534 sqkm in Hunedoara county <\/span> (<a href=\"http:\/\/voxpublica.realitatea.net\/politica-societate\/morminte-de-la-basescu-in-apuseni-imagini-cu-proiectele-aurului-promovate-de-presedinte-si-cine-se-afla-in-spatele-european-goldfields-si-carpathian-gold-67278.html\" target=\"_blank\" rel=\"noopener noreferrer\">2.5 times the surface of Bucharest<\/a>). Thus, according to information on the company website, European Goldfields extended their old license to a 338 sqkm area west of Certej (an area adjacent to the former mines near Brad), and to a 137 sqkm area near Deva, in the region of the gold and copper deposits at Muncel-Ve\u0163el. European Goldfields, majority shareholder of Deva Gold, listed on the Toronto stock exchange (TSX:EGU), estimated the necessary investment for mining the Certej deposit at 136.5 million euro. <b>Eldorado Gold takes over European Goldfields<\/b><b> <\/b>In December 2011 Eldorado Gold initiated the<a href=\"http:\/\/en.wikipedia.org\/wiki\/European_Goldfields\" target=\"_blank\" rel=\"noopener noreferrer\"> takeover of European Goldfields for the amount of 2.5 billion dollars<\/a>. The acquisition was completed in February 2012. Thus, <span class=\"symple-highlight symple-highlight-green \"> Eldorado Gold became the majority shareholder of the Deva Gold joint stock company. <\/span>. Eldorado Gold Corporation is a Canadian mining company listed on the Vancouver stock exchange, which holds mining perimeters in Greece, Romania, Turkey, China and Brazil. <\/div><\/div> <div class=\"symple-toggle state-closed \"><h3 class=\"symple-toggle-trigger \"> Voia community's refusal to accept tailings dams location in Bal\u015fa commune <\/h3><div class=\"symple-toggle-container symple-clearfix\"> <span class=\"symple-highlight symple-highlight-green \"> Deva Gold proposed initially the arrangement of tailings dams for ore processing waste on Frumoasei Valley, in Voia village. <\/span>. The open pit and the processing plant would have been located in Certeju de Sus, and the tailings would have been disposed of in the nearby Bal\u015fa commune, Voia village. The tailings dams would have covered 871,995 m<sup>2 <\/sup>outside of built up areas of Voia village, north of Certej, as per the Environmental Report for the Regional Urban Plan (PUZ). According to the procedures for obtaining the environmental agreement, the Voia villagers were consulted within a public debate regarding the opportunity of building the tailings dams. In the summer of 2008 the Regional Environmental Protection Agency Timi\u015foara organised two <a href=\"http:\/\/www.arpmv5.ro\/pages\/doc\/convocator%20dezbatere%20publica%20DEVA%20GOLD.PDF\" target=\"_blank\" rel=\"noopener noreferrer\">public consultations<\/a> on the environmental report for the Regional Urban Plan associated with the mining operation. Several residents of Voia contacted the Independent Centre for the Development of Environmental Resources asking for the Centre&#8217;s involvement in a campaign to prevent the approval for building the tailings dams. Within this campaign <span class=\"symple-highlight symple-highlight-green \"> local people from Voia sent a memorandum to Timi\u015foara Regional EPA requesting the Agency not to issue the environmental agreement<\/span>. According to the <a href=\"http:\/\/www.arpmv5.ro\/pages\/doc\/Decizie%20dupa%20dezbatere.pdf\" target=\"_blank\" rel=\"noopener noreferrer\">official minutes<\/a> the local residents present at the public consultation in Voia <span class=\"symple-highlight symple-highlight-green \"> expressed their utter disagreement with the location of the two tailings dams in their commune<\/span>. The <i>Replica<\/i> newspaper in Hunedoara considers: &#8220;Unlike other places, where almost nobody is present at such public consultation meetings and the projects go further without any problems, in Voia almost every household had a representative in the meeting room.&#8221; The attendance lists for the public debate, prepared by Deva Gold, can prove this. The public debate initially scheduled for the autumn of 2007 was held on 24 June 2008. The <a href=\"http:\/\/hunedoreanul.gandul.info\/comunitate\/deva-gold-isi-muta-cianurile-la-certeju-de-sus-2749803\" target=\"_blank\" rel=\"noopener noreferrer\">economic offer of Deva Gold<\/a> for the Voia area, coming together with the location of the two tailings dams on the village territory, included, among others, 100-150 jobs, the water supply network for the village and building a connection road between Voia and Certeju de Sus. Neither the new by-pass which would have shortened the current route by 30 km, nor the jobs to be created convinced the local people to agree to the tailings dams being built in their village. <div class=\"symple-testimonial  \"><div class=\"symple-testimonial-content symple-clearfix\"><p>\u2018They want to turn Frumoasei (<i>eng. &#8220;beautiful&#8221;) <\/i>Valley, one of the most beautiful places in Romania, in my view, into a pond with cyanide sludge. They want to bring the sludge from Certej through pipes over the hill to Frumoasei Valley. I personally cannot accept this. They may come and give us money and gold, we still won&#8217;t give up our Frumoasei Valley and our good water.\u2019<\/p>\n<\/div><div class=\"symple-testimonial-author\">Mrs. Rodica Lasc, witnesses the villagers' refusal for the <em>Replica<\/em><em> newspaper<\/em><\/div><\/div> <\/div><\/div> <div class=\"symple-callout symple-clearfix  \"><div class=\"symple-callout-caption\"> Environmental permitting &#8211; lack of transparency and procedural irregularities. <\/div><div class=\"symple-callout-button\"><a href=\"https:\/\/miningwatch.ro\/sitenou\/certej\/certej-autorizarea-de-mediu-lipsa-de-transparenta-si-nereguli-procedurale\/\" class=\"symple-button normal teal\" title=\"Visit Site\"  rel=\"nofollow\" target=\"_blank\"><span class=\"symple-button-inner\" >Read more<\/span><\/a><\/div><\/div>","protected":false},"excerpt":{"rendered":"<p>Certeju de Sus is an old mining centre in Hunedoara county, located in the south-eastern area of Metaliferi Mountains. The place lies within the Golden Quadrilateral of Apuseni Mountains, in the area of Deva, Brad, Baia de Arie\u015f and Zlatna towns. Mining Watch Romania case study report includes a detailed review of mining operations developed [&hellip;]<\/p>\n","protected":false},"author":2,"featured_media":0,"parent":0,"menu_order":0,"comment_status":"closed","ping_status":"closed","template":"","meta":{"_exactmetrics_skip_tracking":false,"_exactmetrics_sitenote_active":false,"_exactmetrics_sitenote_note":"","_exactmetrics_sitenote_category":0,"footnotes":""},"class_list":["post-278","page","type-page","status-publish"],"yoast_head":"<!-- This site is optimized with the Yoast SEO plugin v21.2 - https:\/\/yoast.com\/wordpress\/plugins\/seo\/ -->\n<title>Certej - Mining Watch Romania<\/title>\n<meta name=\"robots\" content=\"index, follow, max-snippet:-1, max-image-preview:large, max-video-preview:-1\" \/>\n<link rel=\"canonical\" href=\"https:\/\/miningwatch.ro\/en\/certej\/\" \/>\n<meta property=\"og:locale\" content=\"en_US\" \/>\n<meta property=\"og:type\" content=\"article\" \/>\n<meta property=\"og:title\" content=\"Certej - Mining Watch Romania\" \/>\n<meta property=\"og:description\" content=\"Certeju de Sus is an old mining centre in Hunedoara county, located in the south-eastern area of Metaliferi Mountains. The place lies within the Golden Quadrilateral of Apuseni Mountains, in the area of Deva, Brad, Baia de Arie\u015f and Zlatna towns. Mining Watch Romania case study report includes a detailed review of mining operations developed [&hellip;]\" \/>\n<meta property=\"og:url\" content=\"https:\/\/miningwatch.ro\/en\/certej\/\" \/>\n<meta property=\"og:site_name\" content=\"Mining Watch Romania\" \/>\n<meta property=\"article:modified_time\" content=\"2020-11-26T05:45:38+00:00\" \/>\n<meta name=\"twitter:card\" content=\"summary_large_image\" \/>\n<meta name=\"twitter:label1\" content=\"Est. reading time\" \/>\n\t<meta name=\"twitter:data1\" content=\"20 minutes\" \/>\n<script type=\"application\/ld+json\" class=\"yoast-schema-graph\">{\"@context\":\"https:\/\/schema.org\",\"@graph\":[{\"@type\":\"WebPage\",\"@id\":\"https:\/\/miningwatch.ro\/en\/certej\/\",\"url\":\"https:\/\/miningwatch.ro\/en\/certej\/\",\"name\":\"Certej - Mining Watch Romania\",\"isPartOf\":{\"@id\":\"https:\/\/miningwatch.ro\/en\/#website\"},\"datePublished\":\"2014-01-14T10:07:34+00:00\",\"dateModified\":\"2020-11-26T05:45:38+00:00\",\"breadcrumb\":{\"@id\":\"https:\/\/miningwatch.ro\/en\/certej\/#breadcrumb\"},\"inLanguage\":\"en-US\",\"potentialAction\":[{\"@type\":\"ReadAction\",\"target\":[[\"https:\/\/miningwatch.ro\/en\/certej\/\"]]}]},{\"@type\":\"BreadcrumbList\",\"@id\":\"https:\/\/miningwatch.ro\/en\/certej\/#breadcrumb\",\"itemListElement\":[{\"@type\":\"ListItem\",\"position\":1,\"name\":\"Home\",\"item\":\"https:\/\/miningwatch.ro\/en\/\"},{\"@type\":\"ListItem\",\"position\":2,\"name\":\"Certej\"}]},{\"@type\":\"WebSite\",\"@id\":\"https:\/\/miningwatch.ro\/en\/#website\",\"url\":\"https:\/\/miningwatch.ro\/en\/\",\"name\":\"Mining Watch Romania\",\"description\":\"Mining Watch Romania is a monitoring network designed to organise civil society and local community actions on proposed gold mining projects in Romania.\",\"potentialAction\":[{\"@type\":\"SearchAction\",\"target\":{\"@type\":\"EntryPoint\",\"urlTemplate\":\"https:\/\/miningwatch.ro\/en\/?s={search_term_string}\"},\"query-input\":\"required name=search_term_string\"}],\"inLanguage\":\"en-US\"}]}<\/script>\n<!-- \/ Yoast SEO plugin. -->","yoast_head_json":{"title":"Certej - Mining Watch Romania","robots":{"index":"index","follow":"follow","max-snippet":"max-snippet:-1","max-image-preview":"max-image-preview:large","max-video-preview":"max-video-preview:-1"},"canonical":"https:\/\/miningwatch.ro\/en\/certej\/","og_locale":"en_US","og_type":"article","og_title":"Certej - Mining Watch Romania","og_description":"Certeju de Sus is an old mining centre in Hunedoara county, located in the south-eastern area of Metaliferi Mountains. The place lies within the Golden Quadrilateral of Apuseni Mountains, in the area of Deva, Brad, Baia de Arie\u015f and Zlatna towns. Mining Watch Romania case study report includes a detailed review of mining operations developed [&hellip;]","og_url":"https:\/\/miningwatch.ro\/en\/certej\/","og_site_name":"Mining Watch Romania","article_modified_time":"2020-11-26T05:45:38+00:00","twitter_card":"summary_large_image","twitter_misc":{"Est. reading time":"20 minutes"},"schema":{"@context":"https:\/\/schema.org","@graph":[{"@type":"WebPage","@id":"https:\/\/miningwatch.ro\/en\/certej\/","url":"https:\/\/miningwatch.ro\/en\/certej\/","name":"Certej - Mining Watch Romania","isPartOf":{"@id":"https:\/\/miningwatch.ro\/en\/#website"},"datePublished":"2014-01-14T10:07:34+00:00","dateModified":"2020-11-26T05:45:38+00:00","breadcrumb":{"@id":"https:\/\/miningwatch.ro\/en\/certej\/#breadcrumb"},"inLanguage":"en-US","potentialAction":[{"@type":"ReadAction","target":[["https:\/\/miningwatch.ro\/en\/certej\/"]]}]},{"@type":"BreadcrumbList","@id":"https:\/\/miningwatch.ro\/en\/certej\/#breadcrumb","itemListElement":[{"@type":"ListItem","position":1,"name":"Home","item":"https:\/\/miningwatch.ro\/en\/"},{"@type":"ListItem","position":2,"name":"Certej"}]},{"@type":"WebSite","@id":"https:\/\/miningwatch.ro\/en\/#website","url":"https:\/\/miningwatch.ro\/en\/","name":"Mining Watch Romania","description":"Mining Watch Romania is a monitoring network designed to organise civil society and local community actions on proposed gold mining projects in Romania.","potentialAction":[{"@type":"SearchAction","target":{"@type":"EntryPoint","urlTemplate":"https:\/\/miningwatch.ro\/en\/?s={search_term_string}"},"query-input":"required name=search_term_string"}],"inLanguage":"en-US"}]}},"_links":{"self":[{"href":"https:\/\/miningwatch.ro\/en\/wp-json\/wp\/v2\/pages\/278","targetHints":{"allow":["GET"]}}],"collection":[{"href":"https:\/\/miningwatch.ro\/en\/wp-json\/wp\/v2\/pages"}],"about":[{"href":"https:\/\/miningwatch.ro\/en\/wp-json\/wp\/v2\/types\/page"}],"author":[{"embeddable":true,"href":"https:\/\/miningwatch.ro\/en\/wp-json\/wp\/v2\/users\/2"}],"replies":[{"embeddable":true,"href":"https:\/\/miningwatch.ro\/en\/wp-json\/wp\/v2\/comments?post=278"}],"version-history":[{"count":28,"href":"https:\/\/miningwatch.ro\/en\/wp-json\/wp\/v2\/pages\/278\/revisions"}],"predecessor-version":[{"id":3651,"href":"https:\/\/miningwatch.ro\/en\/wp-json\/wp\/v2\/pages\/278\/revisions\/3651"}],"wp:attachment":[{"href":"https:\/\/miningwatch.ro\/en\/wp-json\/wp\/v2\/media?parent=278"}],"curies":[{"name":"wp","href":"https:\/\/api.w.org\/{rel}","templated":true}]}}