{"id":281,"date":"2014-01-14T12:13:45","date_gmt":"2014-01-14T10:13:45","guid":{"rendered":"https:\/\/miningwatch.ro\/sitenou\/?page_id=281"},"modified":"2020-11-26T07:46:05","modified_gmt":"2020-11-26T05:46:05","slug":"baita-craciunesti","status":"publish","type":"page","link":"https:\/\/miningwatch.ro\/en\/baita-craciunesti\/","title":{"rendered":"Baita Craciunesti"},"content":{"rendered":"<p><span class=\"symple-highlight symple-highlight-green \">Name of mining area:<\/span> area Baita Craciunesti, Teascu deposit (1) <span class=\"symple-highlight symple-highlight-green \">Location:<\/span>\u00a0outside the built-up areas of Fize\u015f locality, on the administrative territory of B\u0103i\u0163a and Certeju de Sus communes, Hunedoara <span class=\"symple-highlight symple-highlight-green \">Licence issuance date:<\/span> <span style=\"text-decoration: underline;\">under approval process<\/span> \u00a0No. 14117\/ 05.2011<span class=\"symple-highlight symple-highlight-green \">Project holder 2013:<\/span> Deva Gold SA <span class=\"symple-highlight symple-highlight-green \">Shareholders:<\/span> Eldorado Gold (80%) (by it&#8217;s subsidiary Deva Gold Barbados Ltd.) and Minvest Deva (&lt;20%) <span class=\"symple-highlight symple-highlight-green \">Data on the deposit:<\/span> 50 tons of gold <span class=\"symple-highlight symple-highlight-green \">Project permitting stage:<\/span> preparation of \u00a0PUZ (Regional Urban Planning) <div id=\"map_canvas_9588\" class=\"googlemap \" style=\"height:250px;width:100%\"><input class=\"title\" type=\"hidden\" value=\"B\u0103i\u021ba Commune\" \/><input class=\"location\" type=\"hidden\" value=\"Baita, Hunedoara, Romania\" \/><input class=\"zoom\" type=\"hidden\" value=\"10\" \/><div class=\"map_canvas\"><\/div><\/div> <hr class=\"symple-divider dashed \" style=\"margin-top: 20px;margin-bottom: 20px;\" \/> <div class=\"symple-column symple-one-half symple-column-first  \"> <b>Baita Craciunesti project &#8211; general aspects<\/b> B\u0103i\u0163a locality lies in the north of Hunedoara county, at the base of Metaliferi Mountains, 25 km distant from Deva city and 24 km distant from Brad town. B\u0103i\u0163a commune covers 11,139 ha and includes 11 villages, totalling 3,582 inhabitants. The specific activities in the area are animal farming and agriculture. The mining area is located outside the built-up area of Barbura village, B\u0103i\u0163a commune, on a land with forest vegetation, pastures and meadow lands under state ownership. The exploration area lies within the <a href=\"http:\/\/apmhd.anpm.ro\/decizie_etapa_de_incadrare_deva_gold-71967\" target=\"_blank\" rel=\"noopener noreferrer\">NATURA 2000 site ROSPA 0132\u2013 Special Avifauna Protection Area<\/a> Metaliferi Mountains. The site is characterised by two major groups of habitat: open lands and forests. According to the analysis performed by professors of the Academy for Economic Studies in Bucharest, Gabriel Resources purchased in 1999 two projects, Bolcana and B\u0103i\u0163a-Cr\u0103ciune\u015fti, holding thus 6 projects in the Golden Quadrilateral of Romania at that time: Rosia Montana, Bucium, Certej, Zlatna, Baita, Craciunesti, Bolcana. The same year Deva Gold was awarded the exploration license as operator of the B\u0103i\u0163a-Cr\u0103ciune\u015fti project. In February 2000, Gabriel announced the company restructuring and the splitting of the existing project portfolio to two separate companies, Gabriel Resources and European Goldfields. The latter was allocated the Certej, Zlatna, Bolcana and B\u0103i\u0163a-Cr\u0103ciune\u015fti projects.<\/div> <div class=\"symple-column symple-one-half symple-column-last  \"> In September 2003, European Goldfields performed the first exploration boreholes for obtaining a geological profile of B\u0103i\u0163a. In an <a href=\"http:\/\/www.mediafax.ro\/social\/basescu-proiectul-rosia-montana-sa-inceapa-rezerva-de-aur-a-bnr-trebuie-sa-ajunga-la-200-tone-8642562\" target=\"_blank\" rel=\"noopener noreferrer\">interview <\/a>at the national television in August 2011, president Traian B\u0103sescu, in the context of his support to the Ro\u015fia Montan\u0103 mining project, said that two more gold mining operations would be opened in Romania, operated by Romanian state companies. \u201eWe have two deposits: one of 50 tonnes and the other of 54 tonnes of gold\u201d, said the president, without giving any other details. The ANRM president, Alexandru P\u0103tru\u0163i, stated for Mediafax that there is a gold mining license for Certej area in Hunedoara county and another one under the approval process for B\u0103i\u0163a Cr\u0103ciune\u015fti &#8211; he supposed it was these two licenses that the state president was referring to in the <a href=\"http:\/\/www.mediafax.ro\/economic\/patruti-anrm-presupun-ca-seful-statului-s-a-referit-la-perimetrele-certej-si-baita-craciunesti-8646488\" target=\"_blank\" rel=\"noopener noreferrer\">interview on TVR<\/a>. The exploration activities continued in 2012, Eldorado Gold allocating <a href=\"http:\/\/www.eldoradogold.com\/s\/Romania.asp?ReportID=528120\" target=\"_blank\" rel=\"noopener noreferrer\">3,9 million dollars for these works<\/a>. &#8220;The boreholes are planned for both extensions of the Certej deposit, as well as for satellite objectives related to the exploration licenses in surrounding areas. Exploration boreholes are also planned for objectives in M\u0103gura and Teascu regions and Certej Nord, all of these being located about 5 km west and north-west from the Certej deposit\u201d, shows Eldorado&#8217;s press release. \u00a0<a href=\"http:\/\/www.facebook.com\/faracianura\" class=\"symple-social-icon \" title=\"Like Us\"><img decoding=\"async\" src=\"https:\/\/miningwatch.ro\/sitenou\/wp-content\/plugins\/symple-shortcodes\/shortcodes\/images\/social\/facebook.png\" alt=\"facebook\" \/><\/a><\/div><div class=\"symple-clear-floats\"><\/div><hr class=\"symple-divider dashed \" style=\"margin-top: 20px;margin-bottom: 20px;\" \/> <div class=\"symple-callout symple-clearfix  \"><div class=\"symple-callout-caption\"> Romania, mined field. <\/div><div class=\"symple-callout-button\"><a href=\"https:\/\/miningwatch.ro\/sitenou\/wp-content\/uploads\/2014\/01\/RaportGeneral-MiningWatchRomania.pdf\" class=\"symple-button normal teal\" title=\"Visit Site\"  rel=\"nofollow\" target=\"_blank\"><span class=\"symple-button-inner\" >Read report<\/span><\/a><\/div><\/div> Mining is therefore an industry with an extremely high stake for public policies and financial markets, but particularly for the directly affected communities and ecosystems. While the industry highlights its capacity to generate wealth and the use of modern technologies, the responsibility for the risks, costs and liabilities generated has never been fully assumed. The industry&#8217;s domination in the area of public policies prevented a change of the status-quo, and the local communities&#8217; voice remains marginal in the public discourse. The shift of mining companies&#8217; interest from large investment projects to smaller but more numerous projects has a major impact upon local communities, with public attention being thus dissipated in many directions and the permitting procedures being simplified. <hr class=\"symple-divider dashed \" style=\"margin-top: 20px;margin-bottom: 20px;\" \/> <div class=\"symple-callout symple-clearfix  \"><div class=\"symple-callout-caption\">\u00a0Approval stages for the mining project of Baita Craciunesti, Teascu deposit. <\/div><div class=\"symple-callout-button\"><a href=\"https:\/\/miningwatch.ro\/sitenou\/etapele-de-avizare-pentru-proiectul-minier-baita-craciunesti-zacamantul-teascu\/\" class=\"symple-button normal teal\" title=\"Visit Site\"  rel=\"nofollow\" target=\"_blank\"><span class=\"symple-button-inner\" >Read more<\/span><\/a><\/div><\/div>\n<\/p>","protected":false},"excerpt":{"rendered":"<p>area Baita Craciunesti, Teascu deposit (1) \u00a0outside the built-up areas of Fize\u015f locality, on the administrative territory of B\u0103i\u0163a and Certeju de Sus communes, Hunedoara under approval process \u00a0No. 14117\/ 05.2011 Deva Gold SA Eldorado Gold (80%) (by it&#8217;s subsidiary Deva Gold Barbados Ltd.) and Minvest Deva (&lt;20%) 50 tons of gold preparation of \u00a0PUZ [&hellip;]<\/p>\n","protected":false},"author":2,"featured_media":0,"parent":0,"menu_order":0,"comment_status":"closed","ping_status":"closed","template":"","meta":{"_exactmetrics_skip_tracking":false,"_exactmetrics_sitenote_active":false,"_exactmetrics_sitenote_note":"","_exactmetrics_sitenote_category":0,"footnotes":""},"class_list":["post-281","page","type-page","status-publish"],"yoast_head":"<!-- This site is optimized with the Yoast SEO plugin v21.2 - https:\/\/yoast.com\/wordpress\/plugins\/seo\/ -->\n<title>Baita Craciunesti - Mining Watch Romania<\/title>\n<meta name=\"robots\" content=\"index, follow, max-snippet:-1, max-image-preview:large, max-video-preview:-1\" \/>\n<link rel=\"canonical\" href=\"https:\/\/miningwatch.ro\/en\/baita-craciunesti\/\" \/>\n<meta property=\"og:locale\" content=\"en_US\" \/>\n<meta property=\"og:type\" content=\"article\" \/>\n<meta property=\"og:title\" content=\"Baita Craciunesti - Mining Watch Romania\" \/>\n<meta property=\"og:description\" content=\"area Baita Craciunesti, Teascu deposit (1) \u00a0outside the built-up areas of Fize\u015f locality, on the administrative territory of B\u0103i\u0163a and Certeju de Sus communes, Hunedoara under approval process \u00a0No. 14117\/ 05.2011 Deva Gold SA Eldorado Gold (80%) (by it&#8217;s subsidiary Deva Gold Barbados Ltd.) and Minvest Deva (&lt;20%) 50 tons of gold preparation of \u00a0PUZ [&hellip;]\" \/>\n<meta property=\"og:url\" content=\"https:\/\/miningwatch.ro\/en\/baita-craciunesti\/\" \/>\n<meta property=\"og:site_name\" content=\"Mining Watch Romania\" \/>\n<meta property=\"article:modified_time\" content=\"2020-11-26T05:46:05+00:00\" \/>\n<meta name=\"twitter:card\" content=\"summary_large_image\" \/>\n<meta name=\"twitter:label1\" content=\"Est. reading time\" \/>\n\t<meta name=\"twitter:data1\" content=\"9 minutes\" \/>\n<script type=\"application\/ld+json\" class=\"yoast-schema-graph\">{\"@context\":\"https:\/\/schema.org\",\"@graph\":[{\"@type\":\"WebPage\",\"@id\":\"https:\/\/miningwatch.ro\/en\/baita-craciunesti\/\",\"url\":\"https:\/\/miningwatch.ro\/en\/baita-craciunesti\/\",\"name\":\"Baita Craciunesti - Mining Watch Romania\",\"isPartOf\":{\"@id\":\"https:\/\/miningwatch.ro\/en\/#website\"},\"datePublished\":\"2014-01-14T10:13:45+00:00\",\"dateModified\":\"2020-11-26T05:46:05+00:00\",\"breadcrumb\":{\"@id\":\"https:\/\/miningwatch.ro\/en\/baita-craciunesti\/#breadcrumb\"},\"inLanguage\":\"en-US\",\"potentialAction\":[{\"@type\":\"ReadAction\",\"target\":[[\"https:\/\/miningwatch.ro\/en\/baita-craciunesti\/\"]]}]},{\"@type\":\"BreadcrumbList\",\"@id\":\"https:\/\/miningwatch.ro\/en\/baita-craciunesti\/#breadcrumb\",\"itemListElement\":[{\"@type\":\"ListItem\",\"position\":1,\"name\":\"Home\",\"item\":\"https:\/\/miningwatch.ro\/en\/\"},{\"@type\":\"ListItem\",\"position\":2,\"name\":\"B\u0103i\u021ba Cr\u0103ciune\u0219ti\"}]},{\"@type\":\"WebSite\",\"@id\":\"https:\/\/miningwatch.ro\/en\/#website\",\"url\":\"https:\/\/miningwatch.ro\/en\/\",\"name\":\"Mining Watch Romania\",\"description\":\"Mining Watch Romania is a monitoring network designed to organise civil society and local community actions on proposed gold mining projects in Romania.\",\"potentialAction\":[{\"@type\":\"SearchAction\",\"target\":{\"@type\":\"EntryPoint\",\"urlTemplate\":\"https:\/\/miningwatch.ro\/en\/?s={search_term_string}\"},\"query-input\":\"required name=search_term_string\"}],\"inLanguage\":\"en-US\"}]}<\/script>\n<!-- \/ Yoast SEO plugin. -->","yoast_head_json":{"title":"Baita Craciunesti - Mining Watch Romania","robots":{"index":"index","follow":"follow","max-snippet":"max-snippet:-1","max-image-preview":"max-image-preview:large","max-video-preview":"max-video-preview:-1"},"canonical":"https:\/\/miningwatch.ro\/en\/baita-craciunesti\/","og_locale":"en_US","og_type":"article","og_title":"Baita Craciunesti - Mining Watch Romania","og_description":"area Baita Craciunesti, Teascu deposit (1) \u00a0outside the built-up areas of Fize\u015f locality, on the administrative territory of B\u0103i\u0163a and Certeju de Sus communes, Hunedoara under approval process \u00a0No. 14117\/ 05.2011 Deva Gold SA Eldorado Gold (80%) (by it&#8217;s subsidiary Deva Gold Barbados Ltd.) and Minvest Deva (&lt;20%) 50 tons of gold preparation of \u00a0PUZ [&hellip;]","og_url":"https:\/\/miningwatch.ro\/en\/baita-craciunesti\/","og_site_name":"Mining Watch Romania","article_modified_time":"2020-11-26T05:46:05+00:00","twitter_card":"summary_large_image","twitter_misc":{"Est. reading time":"9 minutes"},"schema":{"@context":"https:\/\/schema.org","@graph":[{"@type":"WebPage","@id":"https:\/\/miningwatch.ro\/en\/baita-craciunesti\/","url":"https:\/\/miningwatch.ro\/en\/baita-craciunesti\/","name":"Baita Craciunesti - Mining Watch Romania","isPartOf":{"@id":"https:\/\/miningwatch.ro\/en\/#website"},"datePublished":"2014-01-14T10:13:45+00:00","dateModified":"2020-11-26T05:46:05+00:00","breadcrumb":{"@id":"https:\/\/miningwatch.ro\/en\/baita-craciunesti\/#breadcrumb"},"inLanguage":"en-US","potentialAction":[{"@type":"ReadAction","target":[["https:\/\/miningwatch.ro\/en\/baita-craciunesti\/"]]}]},{"@type":"BreadcrumbList","@id":"https:\/\/miningwatch.ro\/en\/baita-craciunesti\/#breadcrumb","itemListElement":[{"@type":"ListItem","position":1,"name":"Home","item":"https:\/\/miningwatch.ro\/en\/"},{"@type":"ListItem","position":2,"name":"B\u0103i\u021ba Cr\u0103ciune\u0219ti"}]},{"@type":"WebSite","@id":"https:\/\/miningwatch.ro\/en\/#website","url":"https:\/\/miningwatch.ro\/en\/","name":"Mining Watch Romania","description":"Mining Watch Romania is a monitoring network designed to organise civil society and local community actions on proposed gold mining projects in Romania.","potentialAction":[{"@type":"SearchAction","target":{"@type":"EntryPoint","urlTemplate":"https:\/\/miningwatch.ro\/en\/?s={search_term_string}"},"query-input":"required name=search_term_string"}],"inLanguage":"en-US"}]}},"_links":{"self":[{"href":"https:\/\/miningwatch.ro\/en\/wp-json\/wp\/v2\/pages\/281","targetHints":{"allow":["GET"]}}],"collection":[{"href":"https:\/\/miningwatch.ro\/en\/wp-json\/wp\/v2\/pages"}],"about":[{"href":"https:\/\/miningwatch.ro\/en\/wp-json\/wp\/v2\/types\/page"}],"author":[{"embeddable":true,"href":"https:\/\/miningwatch.ro\/en\/wp-json\/wp\/v2\/users\/2"}],"replies":[{"embeddable":true,"href":"https:\/\/miningwatch.ro\/en\/wp-json\/wp\/v2\/comments?post=281"}],"version-history":[{"count":23,"href":"https:\/\/miningwatch.ro\/en\/wp-json\/wp\/v2\/pages\/281\/revisions"}],"predecessor-version":[{"id":3652,"href":"https:\/\/miningwatch.ro\/en\/wp-json\/wp\/v2\/pages\/281\/revisions\/3652"}],"wp:attachment":[{"href":"https:\/\/miningwatch.ro\/en\/wp-json\/wp\/v2\/media?parent=281"}],"curies":[{"name":"wp","href":"https:\/\/api.w.org\/{rel}","templated":true}]}}