{"id":285,"date":"2014-01-14T12:14:42","date_gmt":"2014-01-14T10:14:42","guid":{"rendered":"https:\/\/miningwatch.ro\/sitenou\/?page_id=285"},"modified":"2020-11-26T07:49:53","modified_gmt":"2020-11-26T05:49:53","slug":"baia-mare","status":"publish","type":"page","link":"https:\/\/miningwatch.ro\/en\/baia-mare\/","title":{"rendered":"Baia Mare"},"content":{"rendered":"<p><p>According to the<a href=\"http:\/\/romaltyn.ro\/assets\/Raport_de_amplasament_Romaltyn.pdf\" target=\"_blank\" rel=\"noopener noreferrer\"> site report<\/a> of Romaltyn Mining updated in 2012, the company activities would be performed at three different locations in Baia Mare, technologically connected by a 13.6 km long pipe network crossing the city from east to west.<span class=\"symple-highlight symple-highlight-green \"> The plant in Baia Mare, liable for the <a href=\"http:\/\/www.evz.ro\/detalii\/stiri\/baia-mare-deceniul-otravit-884898.html#ixzz2lTyreLzf\" target=\"_blank\" rel=\"noopener noreferrer\">accident of January 2000<\/a>, is called now Romaltyn Mining and between 2008 &#8211; April 2012 was owned by Polyus Gold, the largest gold producer in Russia.<\/p>\n<\/span>\n<div id=\"map_canvas_2255\" class=\"googlemap \" style=\"height:250px;width:100%\"><input class=\"title\" type=\"hidden\" value=\"Baia Mare city\" \/><input class=\"location\" type=\"hidden\" value=\"Baia Mare, Maramures, Romania\" \/><input class=\"zoom\" type=\"hidden\" value=\"10\" \/><div class=\"map_canvas\"><\/div><\/div> <hr class=\"symple-divider dashed \" style=\"margin-top: 20px;margin-bottom: 20px;\" \/>\n<div class=\"symple-column symple-one-half symple-column-first  \">\n<p><b>Technical aspects on the mining project at Baia Mare<\/b><\/p>\n<span class=\"symple-highlight symple-highlight-green \"> The tailings in the Central tailings dam are the raw material <\/span> for Romaltyn Mining SRL. In addition to tailings Romaltyn will also process pyrites and other mining products. The tailings are processed by cyaniding and by contact with activated carbon (CIP-CIL), but <span class=\"symple-highlight symple-highlight-green \"> this method uses similar quantities of cyanide as classical cyanidation technologies<\/span>. Activated carbon is an efficient absorbent for gold from solutions with a content below 1 mg Au\/l. The precious metals content is lower than 0.001% of the raw material. Romaltyn intends to process 8.5 mil. tonnes of mining waste over three years. After processing, the cyanide tailings from the technological process would be disposed of in Aurul tailings dam.<\/p>\n<p>It is estimated that the industrial wastewater discharged with the tailings <span class=\"symple-highlight symple-highlight-green \"> contains cyanide, metals, metal cyanide complexes, thiocyanate, ammonia, cyanate and other dissolved constituents<\/span>. Romaltyn maintains that the concentration will reduce to 5 ppm after the cyanide removal stage, although the tailings pulp will have a concentration of 150-200 ppm at the outlet from the technological process.<\/div>\u00a0<div class=\"symple-column symple-one-half symple-column-last  \">\n<p>The cyanide concentration level put forward by Romaltyn was determined by the need to show to the public data below the admissible threshold according to European Union norms.<\/p>\n<p>The average consumption of cyanide for leaching is <span class=\"symple-highlight symple-highlight-green \">1.4 kg per tonne of mining waste<\/span>. This gives a necessary quantity of 11,900 t of cyanide for processing mining waste in the Central tailings dam. Cyanide would be transported by road, in solid form. Following the chemical process of gold extraction, water with tailings and cyanide compounds are discharged through the pipe route from the Processing plant to the Aurul dam. <span class=\"symple-highlight symple-highlight-green \"> The pipe route crosses the commercial and industrial area in the west of Baia Mare city, along the right bank of river S\u0103sar<\/span>.<\/p>\n\u00a0<a href=\"http:\/\/www.facebook.com\/faracianura\" class=\"symple-social-icon \" title=\"Like Us\"><img decoding=\"async\" src=\"https:\/\/miningwatch.ro\/sitenou\/wp-content\/plugins\/symple-shortcodes\/shortcodes\/images\/social\/facebook.png\" alt=\"facebook\" \/><\/a><\/div><div class=\"symple-clear-floats\"><\/div><hr class=\"symple-divider dashed \" style=\"margin-top: 20px;margin-bottom: 20px;\" \/>\n<div class=\"symple-callout symple-clearfix  \"><div class=\"symple-callout-caption\"> Baia Mare &#8211; failure of foreign investments in mining. <\/div><div class=\"symple-callout-button\"><a href=\"https:\/\/miningwatch.ro\/sitenou\/wp-content\/uploads\/2014\/01\/RaportBaiaMare-MiningWatchRomania.pdf\" class=\"symple-button normal teal\" title=\"Visit Site\"  rel=\"nofollow\" target=\"_blank\"><span class=\"symple-button-inner\" >Read report<\/span><\/a><\/div><\/div>\n<p>This Mining Watch case study report contains a review of the main mining operations undertaken in the Baia Mare region over the last twenty years. The report presents in detail the mining activity of the former Romanian state company in partnership with the Australian company Esmeralda and dwells upon the circumstances of the cyanide spill in 2000 and the recent attempts of Romaltyn Mining to reopen gold extraction operations by cyaniding.<\/p>\n<hr class=\"symple-divider dashed \" style=\"margin-top: 20px;margin-bottom: 20px;\" \/>\n<div class=\"symple-toggle state-closed \"><h3 class=\"symple-toggle-trigger \">Context of the mining project proposed by Romaltyn Mining Ltd<\/h3><div class=\"symple-toggle-container symple-clearfix\">\n<p>The recovery of tailings disposed of in the Central Tailings Dam is planned based on the License for exploitation no. 1\/1998 obtained by Transgold SA Baia Mare, which was transferred to Romaltyn Mining by Order 100\/ 25.06.2007 of the ANRM president. The new owners propose a new mining project with the same scenario &#8211; processing of mining waste from the tailings dams and the mining waste dumps. According to Addendum no. 6 of 09.07.2012, the duration of the license for exploitation no. 1\/1998 was extended until 8 July 2017. The Governmental Decision no. 437 of June 2013 approved the concession license no. 1\/1998 for recovery of mining waste from the tailings dam S\u0103sar (MEDA) and the Central Flotation tailings dam for Romaltyn Mining.<\/p>\n<p>According to the notification communicated by the National Agency for Mineral Resources to the Independent Centre for the Development of Environmental Resources, Romaltyn Exploration SRL held active exploration licenses for gold-silver ores in the mining areas Camarzana Nord (Camarzana Satu Mare), Aluni\u015f Piatra Handal \u2013 eastern area (T\u0103u\u0163ii M\u0103gheru\u015f, Maramure\u015f), Aluni\u015f Piatra Handal \u2013 western area (Cicarl\u0103u, Maramure\u015f), Poprad (Baia Mare), awarded in 2009.<\/p>\n<div class=\"symple-box  green none \" style=\"text-align:left;width: 100%;\"> \n<p>Starting 2006 <i>the majority stake of Romaltyn Mining belonged almost each year to a different company or investment group<\/i>. This is practically in line with the pattern of mobile shareholders specific to mining projects over the last 10 years:<\/p>\n<p>2006 &#8211; Transgold assets are taken over by KazakhGold Group Limited and the British mining group Oxus Gold.<\/p>\n<p>2007 &#8211; KazakhGold Group Limited takes over the majority stake of Transgold.<\/p>\n<p>2009 &#8211; KazakhGold Group Limited is taken over by Polyus Gold International, the largest gold producer in Russia, a company held by Mihail Prohorov, an oligarch close to Kremlin. Polyus Gold became thus the owner of Romaltyn Mining.<\/p>\n<p>2012 &#8211; <a href=\"http:\/\/www.bloomberg.com\/article\/2012-04-20\/aUzxrlWMXcpI.html\" target=\"_blank\" rel=\"noopener noreferrer\">Polyus Gold International<\/a> sells Romaltyn Mining and Romaltyn Exploration to a company of the British Virgin Islands affiliated to SAT &amp; Company JSC.<\/p>\n<p>2013 &#8211;<a href=\"http:\/\/economie.hotnews.ro\/stiri-companii-14204405-uzina-romaltyn-baia-mare-preluata-fondul-fribourg-investments-romania-controlat-ion-sturza-fostul-premier-moldovei.htm\" target=\"_blank\" rel=\"noopener noreferrer\"> Fribourg Investments Rom\u00e2nia<\/a>, an investment fund managed by the business man Ion Sturza, former vice-president of Rompetrol, announced their acquisition of 49% of Romaltyn Limited shares.<\/p>\n<\/div>\n<p>Similarly to the discourse of the 1990s, Ion Sturza, member of the Board of Directors,<a href=\"http:\/\/m.ziuanews.ro\/dezvaluiri-investigatii\/filiera-kazaha-desi-s-au-retras-oficial-din-exploatarea-aurului-din-haldele-de-steril-de-la-baia-mare-magnatii-rusi-de-la-polyus-gold-ar-putea-actiona-prin-interpusi-90608\" target=\"_blank\" rel=\"noopener noreferrer\"> stated<\/a> that &#8216;Romaltyn&#8217;s activity solves an existing issue &#8211; the waste disposed there is a source of serious pollution &#8211; and opens opportunities to invigorate several companies in Baia Mare&#8217;. According to the first press releases, the relaunching of Romaltyn activities was scheduled for the fourth quarter of 2013 upon completion of technology upgrade works at the plant, replacement of pipe networks and completion of the water treatment plant at the tailings dam.<\/div><\/div>\n<div class=\"symple-callout symple-clearfix  \"><div class=\"symple-callout-caption\"> The reaction of the community and local authorities.\u00a0<\/div><div class=\"symple-callout-button\"><a href=\"https:\/\/miningwatch.ro\/sitenou\/reactia-comunitatii-autoritatilor-locale\/\" class=\"symple-button normal teal\" title=\"Visit Site\"  rel=\"nofollow\" target=\"_blank\"><span class=\"symple-button-inner\" >Read more<\/span><\/a><\/div><\/div>\n<hr class=\"symple-divider dashed \" style=\"margin-top: 20px;margin-bottom: 20px;\" \/>\n<div class=\"symple-callout symple-clearfix  \"><div class=\"symple-callout-caption\"> Environmental authorization at Baia Mare.\u00a0<\/div><div class=\"symple-callout-button\"><a href=\"https:\/\/miningwatch.ro\/sitenou\/baia-mare\/autorizarea-de-mediu-la-baia-mare\/\" class=\"symple-button normal teal\" title=\"Visit Site\"  rel=\"nofollow\" target=\"_blank\"><span class=\"symple-button-inner\" >Read more<\/span><\/a><\/div><\/div>\n<\/p>","protected":false},"excerpt":{"rendered":"<p>According to the site report of Romaltyn Mining updated in 2012, the company activities would be performed at three different locations in Baia Mare, technologically connected by a 13.6 km long pipe network crossing the city from east to west. \u00a0 This Mining Watch case study report contains a review of the main mining operations [&hellip;]<\/p>\n","protected":false},"author":2,"featured_media":0,"parent":0,"menu_order":0,"comment_status":"closed","ping_status":"closed","template":"","meta":{"_exactmetrics_skip_tracking":false,"_exactmetrics_sitenote_active":false,"_exactmetrics_sitenote_note":"","_exactmetrics_sitenote_category":0,"footnotes":""},"class_list":["post-285","page","type-page","status-publish"],"yoast_head":"<!-- This site is optimized with the Yoast SEO plugin v21.2 - https:\/\/yoast.com\/wordpress\/plugins\/seo\/ -->\n<title>Baia Mare - Mining Watch Romania<\/title>\n<meta name=\"robots\" content=\"index, follow, max-snippet:-1, max-image-preview:large, max-video-preview:-1\" \/>\n<link rel=\"canonical\" href=\"https:\/\/miningwatch.ro\/en\/baia-mare\/\" \/>\n<meta property=\"og:locale\" content=\"en_US\" \/>\n<meta property=\"og:type\" content=\"article\" \/>\n<meta property=\"og:title\" content=\"Baia Mare - Mining Watch Romania\" \/>\n<meta property=\"og:description\" content=\"According to the site report of Romaltyn Mining updated in 2012, the company activities would be performed at three different locations in Baia Mare, technologically connected by a 13.6 km long pipe network crossing the city from east to west. \u00a0 This Mining Watch case study report contains a review of the main mining operations [&hellip;]\" \/>\n<meta property=\"og:url\" content=\"https:\/\/miningwatch.ro\/en\/baia-mare\/\" \/>\n<meta property=\"og:site_name\" content=\"Mining Watch Romania\" \/>\n<meta property=\"article:modified_time\" content=\"2020-11-26T05:49:53+00:00\" \/>\n<meta name=\"twitter:card\" content=\"summary_large_image\" \/>\n<meta name=\"twitter:label1\" content=\"Est. reading time\" \/>\n\t<meta name=\"twitter:data1\" content=\"11 minutes\" \/>\n<script type=\"application\/ld+json\" class=\"yoast-schema-graph\">{\"@context\":\"https:\/\/schema.org\",\"@graph\":[{\"@type\":\"WebPage\",\"@id\":\"https:\/\/miningwatch.ro\/en\/baia-mare\/\",\"url\":\"https:\/\/miningwatch.ro\/en\/baia-mare\/\",\"name\":\"Baia Mare - Mining Watch Romania\",\"isPartOf\":{\"@id\":\"https:\/\/miningwatch.ro\/en\/#website\"},\"datePublished\":\"2014-01-14T10:14:42+00:00\",\"dateModified\":\"2020-11-26T05:49:53+00:00\",\"breadcrumb\":{\"@id\":\"https:\/\/miningwatch.ro\/en\/baia-mare\/#breadcrumb\"},\"inLanguage\":\"en-US\",\"potentialAction\":[{\"@type\":\"ReadAction\",\"target\":[[\"https:\/\/miningwatch.ro\/en\/baia-mare\/\"]]}]},{\"@type\":\"BreadcrumbList\",\"@id\":\"https:\/\/miningwatch.ro\/en\/baia-mare\/#breadcrumb\",\"itemListElement\":[{\"@type\":\"ListItem\",\"position\":1,\"name\":\"Home\",\"item\":\"https:\/\/miningwatch.ro\/en\/\"},{\"@type\":\"ListItem\",\"position\":2,\"name\":\"Baia Mare\"}]},{\"@type\":\"WebSite\",\"@id\":\"https:\/\/miningwatch.ro\/en\/#website\",\"url\":\"https:\/\/miningwatch.ro\/en\/\",\"name\":\"Mining Watch Romania\",\"description\":\"Mining Watch Romania is a monitoring network designed to organise civil society and local community actions on proposed gold mining projects in Romania.\",\"potentialAction\":[{\"@type\":\"SearchAction\",\"target\":{\"@type\":\"EntryPoint\",\"urlTemplate\":\"https:\/\/miningwatch.ro\/en\/?s={search_term_string}\"},\"query-input\":\"required name=search_term_string\"}],\"inLanguage\":\"en-US\"}]}<\/script>\n<!-- \/ Yoast SEO plugin. -->","yoast_head_json":{"title":"Baia Mare - Mining Watch Romania","robots":{"index":"index","follow":"follow","max-snippet":"max-snippet:-1","max-image-preview":"max-image-preview:large","max-video-preview":"max-video-preview:-1"},"canonical":"https:\/\/miningwatch.ro\/en\/baia-mare\/","og_locale":"en_US","og_type":"article","og_title":"Baia Mare - Mining Watch Romania","og_description":"According to the site report of Romaltyn Mining updated in 2012, the company activities would be performed at three different locations in Baia Mare, technologically connected by a 13.6 km long pipe network crossing the city from east to west. \u00a0 This Mining Watch case study report contains a review of the main mining operations [&hellip;]","og_url":"https:\/\/miningwatch.ro\/en\/baia-mare\/","og_site_name":"Mining Watch Romania","article_modified_time":"2020-11-26T05:49:53+00:00","twitter_card":"summary_large_image","twitter_misc":{"Est. reading time":"11 minutes"},"schema":{"@context":"https:\/\/schema.org","@graph":[{"@type":"WebPage","@id":"https:\/\/miningwatch.ro\/en\/baia-mare\/","url":"https:\/\/miningwatch.ro\/en\/baia-mare\/","name":"Baia Mare - Mining Watch Romania","isPartOf":{"@id":"https:\/\/miningwatch.ro\/en\/#website"},"datePublished":"2014-01-14T10:14:42+00:00","dateModified":"2020-11-26T05:49:53+00:00","breadcrumb":{"@id":"https:\/\/miningwatch.ro\/en\/baia-mare\/#breadcrumb"},"inLanguage":"en-US","potentialAction":[{"@type":"ReadAction","target":[["https:\/\/miningwatch.ro\/en\/baia-mare\/"]]}]},{"@type":"BreadcrumbList","@id":"https:\/\/miningwatch.ro\/en\/baia-mare\/#breadcrumb","itemListElement":[{"@type":"ListItem","position":1,"name":"Home","item":"https:\/\/miningwatch.ro\/en\/"},{"@type":"ListItem","position":2,"name":"Baia Mare"}]},{"@type":"WebSite","@id":"https:\/\/miningwatch.ro\/en\/#website","url":"https:\/\/miningwatch.ro\/en\/","name":"Mining Watch Romania","description":"Mining Watch Romania is a monitoring network designed to organise civil society and local community actions on proposed gold mining projects in Romania.","potentialAction":[{"@type":"SearchAction","target":{"@type":"EntryPoint","urlTemplate":"https:\/\/miningwatch.ro\/en\/?s={search_term_string}"},"query-input":"required name=search_term_string"}],"inLanguage":"en-US"}]}},"_links":{"self":[{"href":"https:\/\/miningwatch.ro\/en\/wp-json\/wp\/v2\/pages\/285","targetHints":{"allow":["GET"]}}],"collection":[{"href":"https:\/\/miningwatch.ro\/en\/wp-json\/wp\/v2\/pages"}],"about":[{"href":"https:\/\/miningwatch.ro\/en\/wp-json\/wp\/v2\/types\/page"}],"author":[{"embeddable":true,"href":"https:\/\/miningwatch.ro\/en\/wp-json\/wp\/v2\/users\/2"}],"replies":[{"embeddable":true,"href":"https:\/\/miningwatch.ro\/en\/wp-json\/wp\/v2\/comments?post=285"}],"version-history":[{"count":16,"href":"https:\/\/miningwatch.ro\/en\/wp-json\/wp\/v2\/pages\/285\/revisions"}],"predecessor-version":[{"id":3654,"href":"https:\/\/miningwatch.ro\/en\/wp-json\/wp\/v2\/pages\/285\/revisions\/3654"}],"wp:attachment":[{"href":"https:\/\/miningwatch.ro\/en\/wp-json\/wp\/v2\/media?parent=285"}],"curies":[{"name":"wp","href":"https:\/\/api.w.org\/{rel}","templated":true}]}}