{"id":297,"date":"2014-01-14T12:38:58","date_gmt":"2014-01-14T10:38:58","guid":{"rendered":"https:\/\/miningwatch.ro\/sitenou\/?page_id=297"},"modified":"2014-03-14T15:38:24","modified_gmt":"2014-03-14T13:38:24","slug":"camarzana-n-alunis-piatra-handal-si-poprad","status":"publish","type":"page","link":"https:\/\/miningwatch.ro\/en\/camarzana-n-alunis-piatra-handal-si-poprad\/","title":{"rendered":"Camarzana N, Alunis Piatra Handal and Poprad"},"content":{"rendered":"<p><span class=\"symple-highlight symple-highlight-green \">Name of mining area:<\/span> C\u0103m\u00e2rzana Nord, Aluni\u015f Piatra Handal and Poprad<br \/>\n<span class=\"symple-highlight symple-highlight-green \">Location:<\/span>\u00a0Satu Mare and Maramure\u015f<br \/>\n<span class=\"symple-highlight symple-highlight-green \">Licence issuance date:<\/span>\u00a0exploration license No. 11795, 11796 and 11797\/ 03.2009<\/p>\n<span class=\"symple-highlight symple-highlight-green \">Project holder 2013:<\/span> Romaltyn Exploration SRL<br \/>\n<span class=\"symple-highlight symple-highlight-green \">Shareholder:<\/span> subsidiary of\u00a0<a href=\"http:\/\/investing.businessweek.com\/research\/stocks\/private\/snapshot.asp?privcapId=79710375\" target=\"_blank\">Romaltyn Limited<\/a>\u00a0held by SAT&amp;Company (51%) and Fribourg Investments (49%).<br \/>\n<span class=\"symple-highlight symple-highlight-green \">Data on the deposit:<\/span> gold and silver<br \/>\n<span class=\"symple-highlight symple-highlight-green \"> Project permitting stage:<\/span> &#8211;<\/p>\n<div id=\"map_canvas_7222\" class=\"googlemap \" style=\"height:250px;width:100%\"><input class=\"title\" type=\"hidden\" value=\"Camarzana\" \/><input class=\"location\" type=\"hidden\" value=\"Camarzana, Satu Mare, Romania\" \/><input class=\"zoom\" type=\"hidden\" value=\"10\" \/><div class=\"map_canvas\"><\/div><\/div> <hr class=\"symple-divider dashed \" style=\"margin-top: 20px;margin-bottom: 20px;\" \/>\n<div class=\"symple-column symple-one-half symple-column-first  \">\n<p><b>C\u0103m\u00e2rzana Nord, Aluni\u0219 Piatra Handal and Poprad\u00a0\u2013 general aspects<\/b><\/p>\n<p>The companies <a href=\"http:\/\/doingbusiness.ro\/financiar\/raport\/1778316\/romaltyn-exploration-srl\/\" target=\"_blank\">Romaltyn Mining SRL and Romaltyn Exploration SRL<\/a>, subsidiaries of Romaltyn Limited (registered in\u00a0Isle of Man), were part of the portfolio of the largest gold producer in Russia, Polyus Gold, until 2012, when <span class=\"symple-highlight symple-highlight-green \"> they were acquired by SAT&amp;Company of Kazahstan. \u00a0(registered in British Virgin Islands).<\/span>\n<p>One year later, in April 2013, the investment fund <a href=\"http:\/\/wire.seenews.com\/news\/fribourg-investments-buys-49-stake-in-romanias-romaltyn-334002\" target=\"_blank\">Fribourg Investments<\/a>, controlled by the former prime minister of the Republic of Moldova, Ion Sturza and Kenes Rakishev, became one of the shareholders of Romaltyn Limited, who purchased 49% of the company&#8217;s equity. Fribourg Investments also took over operational<a href=\"http:\/\/www.zf.ro\/burse-fonduri-mutuale\/un-fond-de-investitii-al-lui-ion-sturza-a-preluat-49-din-capitalul-companiei-miniere-romaltyn-10554981\" target=\"_blank\"> control<\/a> of the project in Baia Mare.<\/p>\n<p><b>C\u0103m\u00e2rzana Nord<\/b><\/p>\n<p>The first mining area explored is C\u0103m\u00e2rzana Nord of C\u0103m\u00e2rzana commune in Satu Mare, in the close vicinity of the border with Ukraine. According to the census in 2011, the population of C\u0103m\u00e2rzana commune was 2,355 inhabitants. The development strategy of the commune envisages a rural tourism area, the C\u0103m\u00e2rzana village being &#8220;unanimously <a href=\"http:\/\/ro.wikipedia.org\/wiki\/C%C4%83m%C4%83rzana,_Satu_Mare\" target=\"_blank\">considered<\/a> one of the most picturesque settlements in this part of the country&#8221;, particularly for the natural reserve Tinoavele in Oa\u015f Mountains. <\/div><div class=\"symple-column symple-one-half symple-column-last  \">\n<p><b>Aluni\u015f Piatra Handal \u2013 <\/b><b>eastern and western areas<\/b><\/p>\n<p>The next two deposits explored are Aluni\u015f Piatra Handal \u2013 east and west of the communes T\u0103u\u0163ii M\u0103gher\u0103u\u015f and Cic\u00e2rl\u0103u in Maramure\u015f.<\/p>\n<p><a href=\"http:\/\/ro.wikipedia.org\/wiki\/T%C4%83u%C8%9Bii-M%C4%83gher%C4%83u%C8%99\" target=\"_blank\">T\u0103u\u0163ii-M\u0103gher\u0103u\u015f<\/a> is a town in Maramure\u015f county. The town also includes B\u0103i\u0163a, Boz\u00e2nta Mare, Bu\u015fag, Meri\u015for, Nistru and Ulmoasa villages. According to the census in 2011, the population of T\u0103u\u0163ii-M\u0103gher\u0103u\u015f town was 7,136 inhabitants. The Baia Mare <a href=\"http:\/\/revistapresei.hotnews.ro\/stiri-subiectele_zilei-6854569-iadul-bozanta-10-ani-catastrofa-din-baia-mare.htm\" target=\"_blank\">accident<\/a> in 2000 occurred on the territory of this town, in Boz\u00e2nta Mare, when the tailings dam broke and cyanide mining waste spilled in Tisa river and further on in the Danube.<\/p>\n<p><a href=\"http:\/\/ro.wikipedia.org\/wiki\/Comuna_Cic%C3%A2rl%C4%83u,_Maramure%C8%99\" target=\"_blank\">Cic\u00e2rl\u0103u<\/a> is a commune in Maramure\u015f county. According to the census in 2011, the population of Cic\u00e2rl\u0103u commune was 3,691 inhabitants. The place is 15 km distant from Baia Mare city and has an old underground gold mining tradition.<\/p>\n<p><b>Poprad Hill, Baia Mare<\/b><\/p>\n<p>Poprad area is on the hill with the same name in the city of Baia Mare. The <a href=\"http:\/\/www.emaramures.ro\/stiri\/45793\/DRUMETIE-IN-MARAMURES-Dealul-Poprad-stancariile-Tighierului-si-ce-a-mai-ramas-din-castelul-Alexiu-Pocol-GALERIE-FOTO-\" target=\"_blank\">toponymy<\/a> originates from the Slovak mining colonists who settled on the Borcutului Valley coming from the base of Tatra Mountains. The hill is scattered with mine openings of the old underground galleries. <\/div><div class=\"symple-clear-floats\"><\/div>\u00a0<a href=\"http:\/\/www.facebook.com\/faracianura\" class=\"symple-social-icon \" title=\"Like Us\"><img decoding=\"async\" src=\"https:\/\/miningwatch.ro\/sitenou\/wp-content\/plugins\/symple-shortcodes\/shortcodes\/images\/social\/facebook.png\" alt=\"facebook\" \/><\/a><hr class=\"symple-divider dashed \" style=\"margin-top: 20px;margin-bottom: 20px;\" \/>\n<div class=\"symple-callout symple-clearfix  \"><div class=\"symple-callout-caption\"> Rom\u00e2nia, mined field. <\/div><div class=\"symple-callout-button\"><a href=\"https:\/\/miningwatch.ro\/sitenou\/wp-content\/uploads\/2014\/01\/RaportGeneral-MiningWatchRomania.pdf\" class=\"symple-button normal teal\" title=\"Visit Site\"  rel=\"nofollow\" target=\"_blank\"><span class=\"symple-button-inner\" >Read more<\/span><\/a><\/div><\/div>\n<p>Mining is an industry with an extremely high stake for public policies and financial markets, but particularly for the directly affected communities and ecosystems. While the industry highlights its capacity to generate wealth and the use of modern technologies, the responsibility for the risks, costs and liabilities generated has never been fully assumed. The industry\u2019s domination in the area of public policies prevented a change of the status-quo, and the local communities\u2019 voice remains marginal in the public discourse. The shift of mining companies\u2019 interest from large investment projects to smaller but more numerous projects has a major impact upon local communities, with public attention being thus dissipated in many directions and the permitting procedures being simplified.<br \/>\n<hr class=\"symple-divider dashed \" style=\"margin-top: 20px;margin-bottom: 20px;\" \/><\/p>","protected":false},"excerpt":{"rendered":"<p>C\u0103m\u00e2rzana Nord, Aluni\u015f Piatra Handal and Poprad \u00a0Satu Mare and Maramure\u015f \u00a0exploration license No. 11795, 11796 and 11797\/ 03.2009 Romaltyn Exploration SRL subsidiary of\u00a0Romaltyn Limited\u00a0held by SAT&amp;Company (51%) and Fribourg Investments (49%). gold and silver &#8211; \u00a0 Mining is an industry with an extremely high stake for public policies and financial markets, but particularly for [&hellip;]<\/p>\n","protected":false},"author":2,"featured_media":0,"parent":0,"menu_order":0,"comment_status":"closed","ping_status":"closed","template":"","meta":{"_exactmetrics_skip_tracking":false,"_exactmetrics_sitenote_active":false,"_exactmetrics_sitenote_note":"","_exactmetrics_sitenote_category":0,"footnotes":""},"class_list":["post-297","page","type-page","status-publish"],"yoast_head":"<!-- This site is optimized with the Yoast SEO plugin v21.2 - https:\/\/yoast.com\/wordpress\/plugins\/seo\/ -->\n<title>Camarzana N, Alunis Piatra Handal and PopradC\u0103m\u00e2rzana N, Aluni\u0219 Piatra Handal \u0219i Poprad - Mining Watch Romania<\/title>\n<meta name=\"robots\" content=\"index, follow, max-snippet:-1, max-image-preview:large, max-video-preview:-1\" \/>\n<link rel=\"canonical\" href=\"https:\/\/miningwatch.ro\/en\/camarzana-n-alunis-piatra-handal-si-poprad\/\" \/>\n<meta property=\"og:locale\" content=\"en_US\" \/>\n<meta property=\"og:type\" content=\"article\" \/>\n<meta property=\"og:title\" content=\"Camarzana N, Alunis Piatra Handal and PopradC\u0103m\u00e2rzana N, Aluni\u0219 Piatra Handal \u0219i Poprad - Mining Watch Romania\" \/>\n<meta property=\"og:description\" content=\"C\u0103m\u00e2rzana Nord, Aluni\u015f Piatra Handal and Poprad \u00a0Satu Mare and Maramure\u015f \u00a0exploration license No. 11795, 11796 and 11797\/ 03.2009 Romaltyn Exploration SRL subsidiary of\u00a0Romaltyn Limited\u00a0held by SAT&amp;Company (51%) and Fribourg Investments (49%). gold and silver &#8211; \u00a0 Mining is an industry with an extremely high stake for public policies and financial markets, but particularly for [&hellip;]\" \/>\n<meta property=\"og:url\" content=\"https:\/\/miningwatch.ro\/en\/camarzana-n-alunis-piatra-handal-si-poprad\/\" \/>\n<meta property=\"og:site_name\" content=\"Mining Watch Romania\" \/>\n<meta property=\"article:modified_time\" content=\"2014-03-14T13:38:24+00:00\" \/>\n<meta name=\"twitter:card\" content=\"summary_large_image\" \/>\n<meta name=\"twitter:label1\" content=\"Est. reading time\" \/>\n\t<meta name=\"twitter:data1\" content=\"8 minutes\" \/>\n<script type=\"application\/ld+json\" class=\"yoast-schema-graph\">{\"@context\":\"https:\/\/schema.org\",\"@graph\":[{\"@type\":\"WebPage\",\"@id\":\"https:\/\/miningwatch.ro\/en\/camarzana-n-alunis-piatra-handal-si-poprad\/\",\"url\":\"https:\/\/miningwatch.ro\/en\/camarzana-n-alunis-piatra-handal-si-poprad\/\",\"name\":\"Camarzana N, Alunis Piatra Handal and PopradC\u0103m\u00e2rzana N, Aluni\u0219 Piatra Handal \u0219i Poprad - Mining Watch Romania\",\"isPartOf\":{\"@id\":\"https:\/\/miningwatch.ro\/en\/#website\"},\"datePublished\":\"2014-01-14T10:38:58+00:00\",\"dateModified\":\"2014-03-14T13:38:24+00:00\",\"breadcrumb\":{\"@id\":\"https:\/\/miningwatch.ro\/en\/camarzana-n-alunis-piatra-handal-si-poprad\/#breadcrumb\"},\"inLanguage\":\"en-US\",\"potentialAction\":[{\"@type\":\"ReadAction\",\"target\":[[\"https:\/\/miningwatch.ro\/en\/camarzana-n-alunis-piatra-handal-si-poprad\/\"]]}]},{\"@type\":\"BreadcrumbList\",\"@id\":\"https:\/\/miningwatch.ro\/en\/camarzana-n-alunis-piatra-handal-si-poprad\/#breadcrumb\",\"itemListElement\":[{\"@type\":\"ListItem\",\"position\":1,\"name\":\"Home\",\"item\":\"https:\/\/miningwatch.ro\/en\/\"},{\"@type\":\"ListItem\",\"position\":2,\"name\":\"C\u0103m\u00e2rzana N, Aluni\u0219 Piatra Handal \u0219i Poprad\"}]},{\"@type\":\"WebSite\",\"@id\":\"https:\/\/miningwatch.ro\/en\/#website\",\"url\":\"https:\/\/miningwatch.ro\/en\/\",\"name\":\"Mining Watch Romania\",\"description\":\"Mining Watch Romania is a monitoring network designed to organise civil society and local community actions on proposed gold mining projects in Romania.\",\"potentialAction\":[{\"@type\":\"SearchAction\",\"target\":{\"@type\":\"EntryPoint\",\"urlTemplate\":\"https:\/\/miningwatch.ro\/en\/?s={search_term_string}\"},\"query-input\":\"required name=search_term_string\"}],\"inLanguage\":\"en-US\"}]}<\/script>\n<!-- \/ Yoast SEO plugin. -->","yoast_head_json":{"title":"Camarzana N, Alunis Piatra Handal and PopradC\u0103m\u00e2rzana N, Aluni\u0219 Piatra Handal \u0219i Poprad - Mining Watch Romania","robots":{"index":"index","follow":"follow","max-snippet":"max-snippet:-1","max-image-preview":"max-image-preview:large","max-video-preview":"max-video-preview:-1"},"canonical":"https:\/\/miningwatch.ro\/en\/camarzana-n-alunis-piatra-handal-si-poprad\/","og_locale":"en_US","og_type":"article","og_title":"Camarzana N, Alunis Piatra Handal and PopradC\u0103m\u00e2rzana N, Aluni\u0219 Piatra Handal \u0219i Poprad - Mining Watch Romania","og_description":"C\u0103m\u00e2rzana Nord, Aluni\u015f Piatra Handal and Poprad \u00a0Satu Mare and Maramure\u015f \u00a0exploration license No. 11795, 11796 and 11797\/ 03.2009 Romaltyn Exploration SRL subsidiary of\u00a0Romaltyn Limited\u00a0held by SAT&amp;Company (51%) and Fribourg Investments (49%). gold and silver &#8211; \u00a0 Mining is an industry with an extremely high stake for public policies and financial markets, but particularly for [&hellip;]","og_url":"https:\/\/miningwatch.ro\/en\/camarzana-n-alunis-piatra-handal-si-poprad\/","og_site_name":"Mining Watch Romania","article_modified_time":"2014-03-14T13:38:24+00:00","twitter_card":"summary_large_image","twitter_misc":{"Est. reading time":"8 minutes"},"schema":{"@context":"https:\/\/schema.org","@graph":[{"@type":"WebPage","@id":"https:\/\/miningwatch.ro\/en\/camarzana-n-alunis-piatra-handal-si-poprad\/","url":"https:\/\/miningwatch.ro\/en\/camarzana-n-alunis-piatra-handal-si-poprad\/","name":"Camarzana N, Alunis Piatra Handal and PopradC\u0103m\u00e2rzana N, Aluni\u0219 Piatra Handal \u0219i Poprad - Mining Watch Romania","isPartOf":{"@id":"https:\/\/miningwatch.ro\/en\/#website"},"datePublished":"2014-01-14T10:38:58+00:00","dateModified":"2014-03-14T13:38:24+00:00","breadcrumb":{"@id":"https:\/\/miningwatch.ro\/en\/camarzana-n-alunis-piatra-handal-si-poprad\/#breadcrumb"},"inLanguage":"en-US","potentialAction":[{"@type":"ReadAction","target":[["https:\/\/miningwatch.ro\/en\/camarzana-n-alunis-piatra-handal-si-poprad\/"]]}]},{"@type":"BreadcrumbList","@id":"https:\/\/miningwatch.ro\/en\/camarzana-n-alunis-piatra-handal-si-poprad\/#breadcrumb","itemListElement":[{"@type":"ListItem","position":1,"name":"Home","item":"https:\/\/miningwatch.ro\/en\/"},{"@type":"ListItem","position":2,"name":"C\u0103m\u00e2rzana N, Aluni\u0219 Piatra Handal \u0219i Poprad"}]},{"@type":"WebSite","@id":"https:\/\/miningwatch.ro\/en\/#website","url":"https:\/\/miningwatch.ro\/en\/","name":"Mining Watch Romania","description":"Mining Watch Romania is a monitoring network designed to organise civil society and local community actions on proposed gold mining projects in Romania.","potentialAction":[{"@type":"SearchAction","target":{"@type":"EntryPoint","urlTemplate":"https:\/\/miningwatch.ro\/en\/?s={search_term_string}"},"query-input":"required name=search_term_string"}],"inLanguage":"en-US"}]}},"_links":{"self":[{"href":"https:\/\/miningwatch.ro\/en\/wp-json\/wp\/v2\/pages\/297","targetHints":{"allow":["GET"]}}],"collection":[{"href":"https:\/\/miningwatch.ro\/en\/wp-json\/wp\/v2\/pages"}],"about":[{"href":"https:\/\/miningwatch.ro\/en\/wp-json\/wp\/v2\/types\/page"}],"author":[{"embeddable":true,"href":"https:\/\/miningwatch.ro\/en\/wp-json\/wp\/v2\/users\/2"}],"replies":[{"embeddable":true,"href":"https:\/\/miningwatch.ro\/en\/wp-json\/wp\/v2\/comments?post=297"}],"version-history":[{"count":5,"href":"https:\/\/miningwatch.ro\/en\/wp-json\/wp\/v2\/pages\/297\/revisions"}],"predecessor-version":[{"id":426,"href":"https:\/\/miningwatch.ro\/en\/wp-json\/wp\/v2\/pages\/297\/revisions\/426"}],"wp:attachment":[{"href":"https:\/\/miningwatch.ro\/en\/wp-json\/wp\/v2\/media?parent=297"}],"curies":[{"name":"wp","href":"https:\/\/api.w.org\/{rel}","templated":true}]}}