{"id":307,"date":"2014-01-14T12:40:59","date_gmt":"2014-01-14T10:40:59","guid":{"rendered":"https:\/\/miningwatch.ro\/sitenou\/?page_id=307"},"modified":"2020-11-26T07:52:47","modified_gmt":"2020-11-26T05:52:47","slug":"bolcana","status":"publish","type":"page","link":"https:\/\/miningwatch.ro\/en\/bolcana\/","title":{"rendered":"Bolcana"},"content":{"rendered":"<span class=\"symple-highlight symple-highlight-green \">Name of mining area:<\/span>\u00a0Bolcana<br \/>\n<span class=\"symple-highlight symple-highlight-green \">Location:<\/span>\u00a0Barbura village, B\u0103i\u0163a commune, Hunedoara<br \/>\n<span class=\"symple-highlight symple-highlight-green \">License issuance date:<\/span>\u00a0concession license for exploitation n0. 814\/1999<a href=\"https:\/\/miningwatch.ro\/sitenou\/wp-admin\/post.php?post=307&amp;action=edit#sdfootnote1sym\"><sup><br \/>\n<\/sup><\/a><span class=\"symple-highlight symple-highlight-green \">Project holder 2013:<\/span>\u00a0Deva Gold SA<br \/>\n<span class=\"symple-highlight symple-highlight-green \">Shareholders:<\/span>\u00a0Eldorado Gold (80%) (by its subsidiary Deva Gold Barbados Ltd.) and Minvest Deva (&lt;20%)<br \/>\n<span class=\"symple-highlight symple-highlight-green \">Data on the deposit:<\/span>\u00a0 polymetallic ores<br \/>\n<span class=\"symple-highlight symple-highlight-green \">Project permitting stage:<\/span> &#8211;<\/p>\n<div id=\"map_canvas_7283\" class=\"googlemap \" style=\"height:250px;width:100%\"><input class=\"title\" type=\"hidden\" value=\"Bolcana\" \/><input class=\"location\" type=\"hidden\" value=\"Barbura, Baita, Hunedoara, Romania\" \/><input class=\"zoom\" type=\"hidden\" value=\"10\" \/><div class=\"map_canvas\"><\/div><\/div> <hr class=\"symple-divider dashed \" style=\"margin-top: 20px;margin-bottom: 20px;\" \/>\n<div class=\"symple-column symple-one-half symple-column-first  \">\n<p><strong>Bolcana \u2013 general aspects<\/strong><\/p>\n<p>Barbura village within B\u0103i\u0163a commune in Hunedoara is also known as Bolcana and Troi\u0163a, these being the names of the three gold mines present in the area. <span class=\"symple-highlight symple-highlight-green \"> Underground mining was stopped in 1997, with gold mining at Bolcana continuing until 2006 in an open pit (<a href=\"http:\/\/www.zhd.ro\/nou\/article\/%E2%80%9Eel-dorado%E2%80%9D-de-la-barbura\" target=\"_blank\" rel=\"noopener noreferrer\">link<\/a>).<\/span> There is currently no public information on the mineralisation of Bolcana deposit.(<a href=\"http:\/\/www.geo.edu.ro\/sgr\/mod\/downloads\/PDF\/Milu-CRGeosci-2003.pdf\" target=\"_blank\" rel=\"noopener noreferrer\">link<\/a>).<\/div>\n\u00a0<a href=\"http:\/\/www.facebook.com\/faracianura\" class=\"symple-social-icon \" title=\"Like Us\"><img decoding=\"async\" src=\"https:\/\/miningwatch.ro\/sitenou\/wp-content\/plugins\/symple-shortcodes\/shortcodes\/images\/social\/facebook.png\" alt=\"facebook\" \/><\/a> <hr class=\"symple-divider dashed \" style=\"margin-top: 20px;margin-bottom: 20px;\" \/>\n<div class=\"symple-callout symple-clearfix  \"><div class=\"symple-callout-caption\"> Rom\u00e2nia, mined field. <\/div><div class=\"symple-callout-button\"><a href=\"https:\/\/miningwatch.ro\/sitenou\/wp-content\/uploads\/2014\/01\/RaportGeneral-MiningWatchRomania.pdf\" class=\"symple-button normal teal\" title=\"Visit Site\"  rel=\"nofollow\" target=\"_blank\"><span class=\"symple-button-inner\" >Read report<\/span><\/a><\/div><\/div>\nMining is an industry with an extremely high stake for public policies and financial markets, but particularly for the directly affected communities and ecosystems. While the industry highlights its capacity to generate wealth and the use of modern technologies, the responsibility for the risks, costs and liabilities generated has never been fully assumed. The industry\u2019s domination in the area of public policies prevented a change of the status-quo, and the local communities\u2019 voice remains marginal in the public discourse. The shift of mining companies\u2019 interest from large investment projects to smaller but more numerous projects has a major impact upon local communities, with public attention being thus dissipated in many directions and the permitting procedures being simplified.<br \/>\n<hr class=\"symple-divider dashed \" style=\"margin-top: 20px;margin-bottom: 20px;\" \/>\n<p>&nbsp;","protected":false},"excerpt":{"rendered":"<p>\u00a0Bolcana \u00a0Barbura village, B\u0103i\u0163a commune, Hunedoara \u00a0concession license for exploitation n0. 814\/1999 \u00a0Deva Gold SA \u00a0Eldorado Gold (80%) (by its subsidiary Deva Gold Barbados Ltd.) and Minvest Deva (&lt;20%) \u00a0 polymetallic ores &#8211; \u00a0 Mining is an industry with an extremely high stake for public policies and financial markets, but particularly for the directly affected [&hellip;]<\/p>\n","protected":false},"author":2,"featured_media":0,"parent":0,"menu_order":0,"comment_status":"closed","ping_status":"closed","template":"","meta":{"_exactmetrics_skip_tracking":false,"_exactmetrics_sitenote_active":false,"_exactmetrics_sitenote_note":"","_exactmetrics_sitenote_category":0,"footnotes":""},"class_list":["post-307","page","type-page","status-publish"],"yoast_head":"<!-- This site is optimized with the Yoast SEO plugin v21.2 - https:\/\/yoast.com\/wordpress\/plugins\/seo\/ -->\n<title>Bolcana - Mining Watch Romania<\/title>\n<meta name=\"robots\" content=\"index, follow, max-snippet:-1, max-image-preview:large, max-video-preview:-1\" \/>\n<link rel=\"canonical\" href=\"https:\/\/miningwatch.ro\/en\/bolcana\/\" \/>\n<meta property=\"og:locale\" content=\"en_US\" \/>\n<meta property=\"og:type\" content=\"article\" \/>\n<meta property=\"og:title\" content=\"Bolcana - Mining Watch Romania\" \/>\n<meta property=\"og:description\" content=\"\u00a0Bolcana \u00a0Barbura village, B\u0103i\u0163a commune, Hunedoara \u00a0concession license for exploitation n0. 814\/1999 \u00a0Deva Gold SA \u00a0Eldorado Gold (80%) (by its subsidiary Deva Gold Barbados Ltd.) and Minvest Deva (&lt;20%) \u00a0 polymetallic ores &#8211; \u00a0 Mining is an industry with an extremely high stake for public policies and financial markets, but particularly for the directly affected [&hellip;]\" \/>\n<meta property=\"og:url\" content=\"https:\/\/miningwatch.ro\/en\/bolcana\/\" \/>\n<meta property=\"og:site_name\" content=\"Mining Watch Romania\" \/>\n<meta property=\"article:modified_time\" content=\"2020-11-26T05:52:47+00:00\" \/>\n<meta name=\"twitter:card\" content=\"summary_large_image\" \/>\n<meta name=\"twitter:label1\" content=\"Est. reading time\" \/>\n\t<meta name=\"twitter:data1\" content=\"4 minutes\" \/>\n<script type=\"application\/ld+json\" class=\"yoast-schema-graph\">{\"@context\":\"https:\/\/schema.org\",\"@graph\":[{\"@type\":\"WebPage\",\"@id\":\"https:\/\/miningwatch.ro\/en\/bolcana\/\",\"url\":\"https:\/\/miningwatch.ro\/en\/bolcana\/\",\"name\":\"Bolcana - Mining Watch Romania\",\"isPartOf\":{\"@id\":\"https:\/\/miningwatch.ro\/en\/#website\"},\"datePublished\":\"2014-01-14T10:40:59+00:00\",\"dateModified\":\"2020-11-26T05:52:47+00:00\",\"breadcrumb\":{\"@id\":\"https:\/\/miningwatch.ro\/en\/bolcana\/#breadcrumb\"},\"inLanguage\":\"en-US\",\"potentialAction\":[{\"@type\":\"ReadAction\",\"target\":[[\"https:\/\/miningwatch.ro\/en\/bolcana\/\"]]}]},{\"@type\":\"BreadcrumbList\",\"@id\":\"https:\/\/miningwatch.ro\/en\/bolcana\/#breadcrumb\",\"itemListElement\":[{\"@type\":\"ListItem\",\"position\":1,\"name\":\"Home\",\"item\":\"https:\/\/miningwatch.ro\/en\/\"},{\"@type\":\"ListItem\",\"position\":2,\"name\":\"Bolcana\"}]},{\"@type\":\"WebSite\",\"@id\":\"https:\/\/miningwatch.ro\/en\/#website\",\"url\":\"https:\/\/miningwatch.ro\/en\/\",\"name\":\"Mining Watch Romania\",\"description\":\"Mining Watch Romania is a monitoring network designed to organise civil society and local community actions on proposed gold mining projects in Romania.\",\"potentialAction\":[{\"@type\":\"SearchAction\",\"target\":{\"@type\":\"EntryPoint\",\"urlTemplate\":\"https:\/\/miningwatch.ro\/en\/?s={search_term_string}\"},\"query-input\":\"required name=search_term_string\"}],\"inLanguage\":\"en-US\"}]}<\/script>\n<!-- \/ Yoast SEO plugin. -->","yoast_head_json":{"title":"Bolcana - Mining Watch Romania","robots":{"index":"index","follow":"follow","max-snippet":"max-snippet:-1","max-image-preview":"max-image-preview:large","max-video-preview":"max-video-preview:-1"},"canonical":"https:\/\/miningwatch.ro\/en\/bolcana\/","og_locale":"en_US","og_type":"article","og_title":"Bolcana - Mining Watch Romania","og_description":"\u00a0Bolcana \u00a0Barbura village, B\u0103i\u0163a commune, Hunedoara \u00a0concession license for exploitation n0. 814\/1999 \u00a0Deva Gold SA \u00a0Eldorado Gold (80%) (by its subsidiary Deva Gold Barbados Ltd.) and Minvest Deva (&lt;20%) \u00a0 polymetallic ores &#8211; \u00a0 Mining is an industry with an extremely high stake for public policies and financial markets, but particularly for the directly affected [&hellip;]","og_url":"https:\/\/miningwatch.ro\/en\/bolcana\/","og_site_name":"Mining Watch Romania","article_modified_time":"2020-11-26T05:52:47+00:00","twitter_card":"summary_large_image","twitter_misc":{"Est. reading time":"4 minutes"},"schema":{"@context":"https:\/\/schema.org","@graph":[{"@type":"WebPage","@id":"https:\/\/miningwatch.ro\/en\/bolcana\/","url":"https:\/\/miningwatch.ro\/en\/bolcana\/","name":"Bolcana - Mining Watch Romania","isPartOf":{"@id":"https:\/\/miningwatch.ro\/en\/#website"},"datePublished":"2014-01-14T10:40:59+00:00","dateModified":"2020-11-26T05:52:47+00:00","breadcrumb":{"@id":"https:\/\/miningwatch.ro\/en\/bolcana\/#breadcrumb"},"inLanguage":"en-US","potentialAction":[{"@type":"ReadAction","target":[["https:\/\/miningwatch.ro\/en\/bolcana\/"]]}]},{"@type":"BreadcrumbList","@id":"https:\/\/miningwatch.ro\/en\/bolcana\/#breadcrumb","itemListElement":[{"@type":"ListItem","position":1,"name":"Home","item":"https:\/\/miningwatch.ro\/en\/"},{"@type":"ListItem","position":2,"name":"Bolcana"}]},{"@type":"WebSite","@id":"https:\/\/miningwatch.ro\/en\/#website","url":"https:\/\/miningwatch.ro\/en\/","name":"Mining Watch Romania","description":"Mining Watch Romania is a monitoring network designed to organise civil society and local community actions on proposed gold mining projects in Romania.","potentialAction":[{"@type":"SearchAction","target":{"@type":"EntryPoint","urlTemplate":"https:\/\/miningwatch.ro\/en\/?s={search_term_string}"},"query-input":"required name=search_term_string"}],"inLanguage":"en-US"}]}},"_links":{"self":[{"href":"https:\/\/miningwatch.ro\/en\/wp-json\/wp\/v2\/pages\/307","targetHints":{"allow":["GET"]}}],"collection":[{"href":"https:\/\/miningwatch.ro\/en\/wp-json\/wp\/v2\/pages"}],"about":[{"href":"https:\/\/miningwatch.ro\/en\/wp-json\/wp\/v2\/types\/page"}],"author":[{"embeddable":true,"href":"https:\/\/miningwatch.ro\/en\/wp-json\/wp\/v2\/users\/2"}],"replies":[{"embeddable":true,"href":"https:\/\/miningwatch.ro\/en\/wp-json\/wp\/v2\/comments?post=307"}],"version-history":[{"count":4,"href":"https:\/\/miningwatch.ro\/en\/wp-json\/wp\/v2\/pages\/307\/revisions"}],"predecessor-version":[{"id":3656,"href":"https:\/\/miningwatch.ro\/en\/wp-json\/wp\/v2\/pages\/307\/revisions\/3656"}],"wp:attachment":[{"href":"https:\/\/miningwatch.ro\/en\/wp-json\/wp\/v2\/media?parent=307"}],"curies":[{"name":"wp","href":"https:\/\/api.w.org\/{rel}","templated":true}]}}