{"id":311,"date":"2014-01-14T12:41:56","date_gmt":"2014-01-14T10:41:56","guid":{"rendered":"https:\/\/miningwatch.ro\/sitenou\/?page_id=311"},"modified":"2014-03-26T12:04:53","modified_gmt":"2014-03-26T10:04:53","slug":"dealul-bratosin","status":"publish","type":"page","link":"https:\/\/miningwatch.ro\/en\/dealul-bratosin\/","title":{"rendered":"Bratosin Hill"},"content":{"rendered":"<p><span class=\"symple-highlight symple-highlight-green \">Name of mining area:<\/span> Brato\u015fin Hill<br \/>\n<span class=\"symple-highlight symple-highlight-green \">Location:<\/span>\u00a0Va\u0163a de Jos (approximately), Hunedoara, Arad<br \/>\n<span class=\"symple-highlight symple-highlight-green \">License issuance date:<\/span>\u00a0concession license for exploitation <a href=\"https:\/\/miningwatch.ro\/sitenou\/wp-admin\/post.php?post=311&amp;action=edit#sdfootnote1sym\"><sup><br \/>\n<\/sup><\/a><span class=\"symple-highlight symple-highlight-green \">Project holder 2013:<\/span>\u00a0Valhalla Resources LTD<br \/>\n<span class=\"symple-highlight symple-highlight-green \">Shareholders:<\/span>\u00a0Valhalla Resources LTD (TSX:VH)<br \/>\n<span class=\"symple-highlight symple-highlight-green \">Data on the deposit:<\/span>\u00a0copper and gold<br \/>\n<span class=\"symple-highlight symple-highlight-green \">Project permitting stage:<\/span> &#8211;<\/p>\n<div id=\"map_canvas_3238\" class=\"googlemap \" style=\"height:250px;width:100%\"><input class=\"title\" type=\"hidden\" value=\"Dealul Bratosin\" \/><input class=\"location\" type=\"hidden\" value=\"Vata de Jos, Hunedoara, Romania\" \/><input class=\"zoom\" type=\"hidden\" value=\"10\" \/><div class=\"map_canvas\"><\/div><\/div> <hr class=\"symple-divider dashed \" style=\"margin-top: 20px;margin-bottom: 20px;\" \/>\n<div class=\"symple-column symple-one-half symple-column-first  \">\n<p><strong>Dealul Bratosin \u2013 general aspects<\/strong><\/p>\n<p>Since December 2008 Valhalla Resources Ltd. (25%), in association with Barrick Gold Romania (75%), performed exploration activities for the Dealul Brato\u015fin deposit. (<a href=\"http:\/\/www.euromines.org\/sites\/default\/files\/publications\/romania-golden-hope-%E2%80%93-30-august-2010.pdf\" target=\"_blank\">link<\/a>). In July 2011, <span class=\"symple-highlight symple-highlight-green \"> the subsidiary of Barrick Gold Corporation <a href=\"http:\/\/www.infomine.com\/index\/pr\/PB136386.PDF\" target=\"_blank\">withdrew<\/a> from the association. <\/span>\u00a0Valhalla Resources Ltd. is a shareholder in several companies in Romania, such as Valhalla Operations, Transylvania Minerals, Black Sea Resources, Tethyan Gold, Hoq Operations, Shoimul Resources and Vallachia Resources.<\/div>\n<p>Vallachia Resources holds an exploration right and a concession license for the polymetallic ores at Corbe\u015fti-Mic\u0103ne\u015fti (Hunedoara, Arad), while Hoq Operation held an exploration <a href=\"http:\/\/www.gandul.info\/stiri\/cine-se-afla-in-spatele-afacerii-cupru-min-9507142\" target=\"_blank\">license<\/a> at Highi\u015f Sud (Arad).<\/p>\n\u00a0<a href=\"http:\/\/www.facebook.com\/faracianura\" class=\"symple-social-icon \" title=\"Like Us\"><img decoding=\"async\" src=\"https:\/\/miningwatch.ro\/sitenou\/wp-content\/plugins\/symple-shortcodes\/shortcodes\/images\/social\/facebook.png\" alt=\"facebook\" \/><\/a> <hr class=\"symple-divider dashed \" style=\"margin-top: 20px;margin-bottom: 20px;\" \/>\n<div class=\"symple-callout symple-clearfix  \"><div class=\"symple-callout-caption\"> Rom\u00e2nia, mined field. <\/div><div class=\"symple-callout-button\"><a href=\"https:\/\/miningwatch.ro\/sitenou\/wp-content\/uploads\/2014\/01\/RaportGeneral-MiningWatchRomania.pdf\" class=\"symple-button normal teal\" title=\"Visit Site\"  rel=\"nofollow\" target=\"_blank\"><span class=\"symple-button-inner\" >Read report<\/span><\/a><\/div><\/div>\n<p>Mining is an industry with an extremely high stake for public policies and financial markets, but particularly for the directly affected communities and ecosystems. While the industry highlights its capacity to generate wealth and the use of modern technologies, the responsibility for the risks, costs and liabilities generated has never been fully assumed. The industry\u2019s domination in the area of public policies prevented a change of the status-quo, and the local communities\u2019 voice remains marginal in the public discourse. The shift of mining companies\u2019 interest from large investment projects to smaller but more numerous projects has a major impact upon local communities, with public attention being thus dissipated in many directions and the permitting procedures being simplified.<br \/>\n<hr class=\"symple-divider dashed \" style=\"margin-top: 20px;margin-bottom: 20px;\" \/><\/p>","protected":false},"excerpt":{"rendered":"<p>Brato\u015fin Hill \u00a0Va\u0163a de Jos (approximately), Hunedoara, Arad \u00a0concession license for exploitation \u00a0Valhalla Resources LTD \u00a0Valhalla Resources LTD (TSX:VH) \u00a0copper and gold &#8211; Vallachia Resources holds an exploration right and a concession license for the polymetallic ores at Corbe\u015fti-Mic\u0103ne\u015fti (Hunedoara, Arad), while Hoq Operation held an exploration license at Highi\u015f Sud (Arad). \u00a0 Mining is [&hellip;]<\/p>\n","protected":false},"author":2,"featured_media":0,"parent":0,"menu_order":0,"comment_status":"closed","ping_status":"closed","template":"","meta":{"_exactmetrics_skip_tracking":false,"_exactmetrics_sitenote_active":false,"_exactmetrics_sitenote_note":"","_exactmetrics_sitenote_category":0,"footnotes":""},"class_list":["post-311","page","type-page","status-publish"],"yoast_head":"<!-- This site is optimized with the Yoast SEO plugin v21.2 - https:\/\/yoast.com\/wordpress\/plugins\/seo\/ -->\n<title>Bratosin HillDealul Brato\u0219in - Mining Watch Romania<\/title>\n<meta name=\"robots\" content=\"index, follow, max-snippet:-1, max-image-preview:large, max-video-preview:-1\" \/>\n<link rel=\"canonical\" href=\"https:\/\/miningwatch.ro\/en\/dealul-bratosin\/\" \/>\n<meta property=\"og:locale\" content=\"en_US\" \/>\n<meta property=\"og:type\" content=\"article\" \/>\n<meta property=\"og:title\" content=\"Bratosin HillDealul Brato\u0219in - Mining Watch Romania\" \/>\n<meta property=\"og:description\" content=\"Brato\u015fin Hill \u00a0Va\u0163a de Jos (approximately), Hunedoara, Arad \u00a0concession license for exploitation \u00a0Valhalla Resources LTD \u00a0Valhalla Resources LTD (TSX:VH) \u00a0copper and gold &#8211; Vallachia Resources holds an exploration right and a concession license for the polymetallic ores at Corbe\u015fti-Mic\u0103ne\u015fti (Hunedoara, Arad), while Hoq Operation held an exploration license at Highi\u015f Sud (Arad). \u00a0 Mining is [&hellip;]\" \/>\n<meta property=\"og:url\" content=\"https:\/\/miningwatch.ro\/en\/dealul-bratosin\/\" \/>\n<meta property=\"og:site_name\" content=\"Mining Watch Romania\" \/>\n<meta property=\"article:modified_time\" content=\"2014-03-26T10:04:53+00:00\" \/>\n<meta name=\"twitter:card\" content=\"summary_large_image\" \/>\n<meta name=\"twitter:label1\" content=\"Est. reading time\" \/>\n\t<meta name=\"twitter:data1\" content=\"4 minutes\" \/>\n<script type=\"application\/ld+json\" class=\"yoast-schema-graph\">{\"@context\":\"https:\/\/schema.org\",\"@graph\":[{\"@type\":\"WebPage\",\"@id\":\"https:\/\/miningwatch.ro\/en\/dealul-bratosin\/\",\"url\":\"https:\/\/miningwatch.ro\/en\/dealul-bratosin\/\",\"name\":\"Bratosin HillDealul Brato\u0219in - Mining Watch Romania\",\"isPartOf\":{\"@id\":\"https:\/\/miningwatch.ro\/en\/#website\"},\"datePublished\":\"2014-01-14T10:41:56+00:00\",\"dateModified\":\"2014-03-26T10:04:53+00:00\",\"breadcrumb\":{\"@id\":\"https:\/\/miningwatch.ro\/en\/dealul-bratosin\/#breadcrumb\"},\"inLanguage\":\"en-US\",\"potentialAction\":[{\"@type\":\"ReadAction\",\"target\":[[\"https:\/\/miningwatch.ro\/en\/dealul-bratosin\/\"]]}]},{\"@type\":\"BreadcrumbList\",\"@id\":\"https:\/\/miningwatch.ro\/en\/dealul-bratosin\/#breadcrumb\",\"itemListElement\":[{\"@type\":\"ListItem\",\"position\":1,\"name\":\"Home\",\"item\":\"https:\/\/miningwatch.ro\/en\/\"},{\"@type\":\"ListItem\",\"position\":2,\"name\":\"Dealul Brato\u0219in\"}]},{\"@type\":\"WebSite\",\"@id\":\"https:\/\/miningwatch.ro\/en\/#website\",\"url\":\"https:\/\/miningwatch.ro\/en\/\",\"name\":\"Mining Watch Romania\",\"description\":\"Mining Watch Romania is a monitoring network designed to organise civil society and local community actions on proposed gold mining projects in Romania.\",\"potentialAction\":[{\"@type\":\"SearchAction\",\"target\":{\"@type\":\"EntryPoint\",\"urlTemplate\":\"https:\/\/miningwatch.ro\/en\/?s={search_term_string}\"},\"query-input\":\"required name=search_term_string\"}],\"inLanguage\":\"en-US\"}]}<\/script>\n<!-- \/ Yoast SEO plugin. -->","yoast_head_json":{"title":"Bratosin HillDealul Brato\u0219in - Mining Watch Romania","robots":{"index":"index","follow":"follow","max-snippet":"max-snippet:-1","max-image-preview":"max-image-preview:large","max-video-preview":"max-video-preview:-1"},"canonical":"https:\/\/miningwatch.ro\/en\/dealul-bratosin\/","og_locale":"en_US","og_type":"article","og_title":"Bratosin HillDealul Brato\u0219in - Mining Watch Romania","og_description":"Brato\u015fin Hill \u00a0Va\u0163a de Jos (approximately), Hunedoara, Arad \u00a0concession license for exploitation \u00a0Valhalla Resources LTD \u00a0Valhalla Resources LTD (TSX:VH) \u00a0copper and gold &#8211; Vallachia Resources holds an exploration right and a concession license for the polymetallic ores at Corbe\u015fti-Mic\u0103ne\u015fti (Hunedoara, Arad), while Hoq Operation held an exploration license at Highi\u015f Sud (Arad). \u00a0 Mining is [&hellip;]","og_url":"https:\/\/miningwatch.ro\/en\/dealul-bratosin\/","og_site_name":"Mining Watch Romania","article_modified_time":"2014-03-26T10:04:53+00:00","twitter_card":"summary_large_image","twitter_misc":{"Est. reading time":"4 minutes"},"schema":{"@context":"https:\/\/schema.org","@graph":[{"@type":"WebPage","@id":"https:\/\/miningwatch.ro\/en\/dealul-bratosin\/","url":"https:\/\/miningwatch.ro\/en\/dealul-bratosin\/","name":"Bratosin HillDealul Brato\u0219in - Mining Watch Romania","isPartOf":{"@id":"https:\/\/miningwatch.ro\/en\/#website"},"datePublished":"2014-01-14T10:41:56+00:00","dateModified":"2014-03-26T10:04:53+00:00","breadcrumb":{"@id":"https:\/\/miningwatch.ro\/en\/dealul-bratosin\/#breadcrumb"},"inLanguage":"en-US","potentialAction":[{"@type":"ReadAction","target":[["https:\/\/miningwatch.ro\/en\/dealul-bratosin\/"]]}]},{"@type":"BreadcrumbList","@id":"https:\/\/miningwatch.ro\/en\/dealul-bratosin\/#breadcrumb","itemListElement":[{"@type":"ListItem","position":1,"name":"Home","item":"https:\/\/miningwatch.ro\/en\/"},{"@type":"ListItem","position":2,"name":"Dealul Brato\u0219in"}]},{"@type":"WebSite","@id":"https:\/\/miningwatch.ro\/en\/#website","url":"https:\/\/miningwatch.ro\/en\/","name":"Mining Watch Romania","description":"Mining Watch Romania is a monitoring network designed to organise civil society and local community actions on proposed gold mining projects in Romania.","potentialAction":[{"@type":"SearchAction","target":{"@type":"EntryPoint","urlTemplate":"https:\/\/miningwatch.ro\/en\/?s={search_term_string}"},"query-input":"required name=search_term_string"}],"inLanguage":"en-US"}]}},"_links":{"self":[{"href":"https:\/\/miningwatch.ro\/en\/wp-json\/wp\/v2\/pages\/311","targetHints":{"allow":["GET"]}}],"collection":[{"href":"https:\/\/miningwatch.ro\/en\/wp-json\/wp\/v2\/pages"}],"about":[{"href":"https:\/\/miningwatch.ro\/en\/wp-json\/wp\/v2\/types\/page"}],"author":[{"embeddable":true,"href":"https:\/\/miningwatch.ro\/en\/wp-json\/wp\/v2\/users\/2"}],"replies":[{"embeddable":true,"href":"https:\/\/miningwatch.ro\/en\/wp-json\/wp\/v2\/comments?post=311"}],"version-history":[{"count":4,"href":"https:\/\/miningwatch.ro\/en\/wp-json\/wp\/v2\/pages\/311\/revisions"}],"predecessor-version":[{"id":520,"href":"https:\/\/miningwatch.ro\/en\/wp-json\/wp\/v2\/pages\/311\/revisions\/520"}],"wp:attachment":[{"href":"https:\/\/miningwatch.ro\/en\/wp-json\/wp\/v2\/media?parent=311"}],"curies":[{"name":"wp","href":"https:\/\/api.w.org\/{rel}","templated":true}]}}