{"id":313,"date":"2014-01-14T12:42:57","date_gmt":"2014-01-14T10:42:57","guid":{"rendered":"https:\/\/miningwatch.ro\/sitenou\/?page_id=313"},"modified":"2014-03-26T12:23:42","modified_gmt":"2014-03-26T10:23:42","slug":"baisoara","status":"publish","type":"page","link":"https:\/\/miningwatch.ro\/en\/baisoara\/","title":{"rendered":"Baisoara"},"content":{"rendered":"<p><span class=\"symple-highlight symple-highlight-green \">Name of mining area:<\/span>\u00a0B\u0103i\u015foara<br \/>\n<span class=\"symple-highlight symple-highlight-green \">Location:<\/span>\u00a0B\u0103i\u015foara, Cluj<br \/>\n<span class=\"symple-highlight symple-highlight-green \">License:<\/span>\u00a0concession license for exploitation <a href=\"https:\/\/miningwatch.ro\/sitenou\/wp-admin\/post.php?post=313&amp;action=edit#sdfootnote1sym\"><sup><br \/>\n<\/sup><\/a><span class=\"symple-highlight symple-highlight-green \">Project holder 2013:<\/span>\u00a0Rom Aur SRL<br \/>\n<span class=\"symple-highlight symple-highlight-green \">Shareholders:<\/span>\u00a0Gabriel Resources BV Nederland (100%), subsidiary of \u00a0Gabriel Resources Limited<br \/>\n<span class=\"symple-highlight symple-highlight-green \">Data on the deposit:<\/span> gold<br \/>\n<span class=\"symple-highlight symple-highlight-green \">Project permitting stage:<\/span> &#8211;<\/p>\n<div id=\"map_canvas_9031\" class=\"googlemap \" style=\"height:250px;width:100%\"><input class=\"title\" type=\"hidden\" value=\"Baisoara\" \/><input class=\"location\" type=\"hidden\" value=\"Baisoara, Cluj, Romania\" \/><input class=\"zoom\" type=\"hidden\" value=\"10\" \/><div class=\"map_canvas\"><\/div><\/div> <hr class=\"symple-divider dashed \" style=\"margin-top: 20px;margin-bottom: 20px;\" \/>\n<div class=\"symple-column symple-one-half symple-column-first  \">\n<p><strong>Baisoara \u2013 general aspects<\/strong><\/p>\n<p>The National Agency for Mineral Resources issued in 2006 a concession<a href=\"http:\/\/lege5.ro\/Gratuit\/geydanrvg4\/ordinul-nr-147-2006-privind-aprobarea-unor-licente-de-concesiune-pentru-explorare\" target=\"_blank\"> license<\/a>\u00a0for the exploration of gold-silver bearing ores in the B\u0103i\u015foara area, Cluj county, to Rom Aur SRL Ro\u015fia Montan\u0103, a subsidiary of Gabriel Resources Ltd. In their <a href=\"http:\/\/gabrielresources.com\/documents\/Annual_Information_Form.pdf\" target=\"_blank\">report<\/a> for shareholders Gabriel Resources informs that they held until July 2011 a concession license for exploration of the B\u0103i\u015foara area, which expired. The company also announced their decision not to extend the license validity.<\/div>\n<p>The Townhall of B\u0103i\u015foara in Cluj county confirmed in their <a href=\"http:\/\/www.e-primarii.ro\/primaria-baisoara\/stiri.php?id=2069\" target=\"_blank\">press release<\/a> \u201eNo gold-silver exploration and mining with cyanides\u201d that <span class=\"symple-highlight symple-highlight-green \"> the license of Rom Aur SRL, subsidiary of Gabriel Resources, expired in 2011 and was not renewed. <\/span> In addition the Townhall stated that the whole community was against cyanide gold mining and exploration at B\u0103i\u015foara and that &#8220;cyanide or other noxious substances for our community shall never be used.&#8221;<\/p>\n\u00a0<a href=\"http:\/\/www.facebook.com\/faracianura\" class=\"symple-social-icon \" title=\"Like Us\"><img decoding=\"async\" src=\"https:\/\/miningwatch.ro\/sitenou\/wp-content\/plugins\/symple-shortcodes\/shortcodes\/images\/social\/facebook.png\" alt=\"facebook\" \/><\/a> <hr class=\"symple-divider dashed \" style=\"margin-top: 20px;margin-bottom: 20px;\" \/>\n<div class=\"symple-callout symple-clearfix  \"><div class=\"symple-callout-caption\"> Rom\u00e2nia, mined field. <\/div><div class=\"symple-callout-button\"><a href=\"https:\/\/miningwatch.ro\/sitenou\/wp-content\/uploads\/2014\/01\/RaportGeneral-MiningWatchRomania.pdf\" class=\"symple-button normal teal\" title=\"Visit Site\"  rel=\"nofollow\" target=\"_blank\"><span class=\"symple-button-inner\" >Read report<\/span><\/a><\/div><\/div>\n<p>Mining is an industry with an extremely high stake for public policies and financial markets, but particularly for the directly affected communities and ecosystems. While the industry highlights its capacity to generate wealth and the use of modern technologies, the responsibility for the risks, costs and liabilities generated has never been fully assumed. The industry\u2019s domination in the area of public policies prevented a change of the status-quo, and the local communities\u2019 voice remains marginal in the public discourse. The shift of mining companies\u2019 interest from large investment projects to smaller but more numerous projects has a major impact upon local communities, with public attention being thus dissipated in many directions and the permitting procedures being simplified.<br \/>\n<hr class=\"symple-divider dashed \" style=\"margin-top: 20px;margin-bottom: 20px;\" \/><\/p>","protected":false},"excerpt":{"rendered":"<p>\u00a0B\u0103i\u015foara \u00a0B\u0103i\u015foara, Cluj \u00a0concession license for exploitation \u00a0Rom Aur SRL \u00a0Gabriel Resources BV Nederland (100%), subsidiary of \u00a0Gabriel Resources Limited gold &#8211; The Townhall of B\u0103i\u015foara in Cluj county confirmed in their press release \u201eNo gold-silver exploration and mining with cyanides\u201d that In addition the Townhall stated that the whole community was against cyanide gold [&hellip;]<\/p>\n","protected":false},"author":2,"featured_media":0,"parent":0,"menu_order":0,"comment_status":"closed","ping_status":"closed","template":"","meta":{"_exactmetrics_skip_tracking":false,"_exactmetrics_sitenote_active":false,"_exactmetrics_sitenote_note":"","_exactmetrics_sitenote_category":0,"footnotes":""},"class_list":["post-313","page","type-page","status-publish"],"yoast_head":"<!-- This site is optimized with the Yoast SEO plugin v21.2 - https:\/\/yoast.com\/wordpress\/plugins\/seo\/ -->\n<title>BaisoaraB\u0103i\u0219oara - Mining Watch Romania<\/title>\n<meta name=\"robots\" content=\"index, follow, max-snippet:-1, max-image-preview:large, max-video-preview:-1\" \/>\n<link rel=\"canonical\" href=\"https:\/\/miningwatch.ro\/en\/baisoara\/\" \/>\n<meta property=\"og:locale\" content=\"en_US\" \/>\n<meta property=\"og:type\" content=\"article\" \/>\n<meta property=\"og:title\" content=\"BaisoaraB\u0103i\u0219oara - Mining Watch Romania\" \/>\n<meta property=\"og:description\" content=\"\u00a0B\u0103i\u015foara \u00a0B\u0103i\u015foara, Cluj \u00a0concession license for exploitation \u00a0Rom Aur SRL \u00a0Gabriel Resources BV Nederland (100%), subsidiary of \u00a0Gabriel Resources Limited gold &#8211; The Townhall of B\u0103i\u015foara in Cluj county confirmed in their press release \u201eNo gold-silver exploration and mining with cyanides\u201d that In addition the Townhall stated that the whole community was against cyanide gold [&hellip;]\" \/>\n<meta property=\"og:url\" content=\"https:\/\/miningwatch.ro\/en\/baisoara\/\" \/>\n<meta property=\"og:site_name\" content=\"Mining Watch Romania\" \/>\n<meta property=\"article:modified_time\" content=\"2014-03-26T10:23:42+00:00\" \/>\n<meta name=\"twitter:card\" content=\"summary_large_image\" \/>\n<meta name=\"twitter:label1\" content=\"Est. reading time\" \/>\n\t<meta name=\"twitter:data1\" content=\"5 minutes\" \/>\n<script type=\"application\/ld+json\" class=\"yoast-schema-graph\">{\"@context\":\"https:\/\/schema.org\",\"@graph\":[{\"@type\":\"WebPage\",\"@id\":\"https:\/\/miningwatch.ro\/en\/baisoara\/\",\"url\":\"https:\/\/miningwatch.ro\/en\/baisoara\/\",\"name\":\"BaisoaraB\u0103i\u0219oara - Mining Watch Romania\",\"isPartOf\":{\"@id\":\"https:\/\/miningwatch.ro\/en\/#website\"},\"datePublished\":\"2014-01-14T10:42:57+00:00\",\"dateModified\":\"2014-03-26T10:23:42+00:00\",\"breadcrumb\":{\"@id\":\"https:\/\/miningwatch.ro\/en\/baisoara\/#breadcrumb\"},\"inLanguage\":\"en-US\",\"potentialAction\":[{\"@type\":\"ReadAction\",\"target\":[[\"https:\/\/miningwatch.ro\/en\/baisoara\/\"]]}]},{\"@type\":\"BreadcrumbList\",\"@id\":\"https:\/\/miningwatch.ro\/en\/baisoara\/#breadcrumb\",\"itemListElement\":[{\"@type\":\"ListItem\",\"position\":1,\"name\":\"Home\",\"item\":\"https:\/\/miningwatch.ro\/en\/\"},{\"@type\":\"ListItem\",\"position\":2,\"name\":\"B\u0103i\u0219oara\"}]},{\"@type\":\"WebSite\",\"@id\":\"https:\/\/miningwatch.ro\/en\/#website\",\"url\":\"https:\/\/miningwatch.ro\/en\/\",\"name\":\"Mining Watch Romania\",\"description\":\"Mining Watch Romania is a monitoring network designed to organise civil society and local community actions on proposed gold mining projects in Romania.\",\"potentialAction\":[{\"@type\":\"SearchAction\",\"target\":{\"@type\":\"EntryPoint\",\"urlTemplate\":\"https:\/\/miningwatch.ro\/en\/?s={search_term_string}\"},\"query-input\":\"required name=search_term_string\"}],\"inLanguage\":\"en-US\"}]}<\/script>\n<!-- \/ Yoast SEO plugin. -->","yoast_head_json":{"title":"BaisoaraB\u0103i\u0219oara - Mining Watch Romania","robots":{"index":"index","follow":"follow","max-snippet":"max-snippet:-1","max-image-preview":"max-image-preview:large","max-video-preview":"max-video-preview:-1"},"canonical":"https:\/\/miningwatch.ro\/en\/baisoara\/","og_locale":"en_US","og_type":"article","og_title":"BaisoaraB\u0103i\u0219oara - Mining Watch Romania","og_description":"\u00a0B\u0103i\u015foara \u00a0B\u0103i\u015foara, Cluj \u00a0concession license for exploitation \u00a0Rom Aur SRL \u00a0Gabriel Resources BV Nederland (100%), subsidiary of \u00a0Gabriel Resources Limited gold &#8211; The Townhall of B\u0103i\u015foara in Cluj county confirmed in their press release \u201eNo gold-silver exploration and mining with cyanides\u201d that In addition the Townhall stated that the whole community was against cyanide gold [&hellip;]","og_url":"https:\/\/miningwatch.ro\/en\/baisoara\/","og_site_name":"Mining Watch Romania","article_modified_time":"2014-03-26T10:23:42+00:00","twitter_card":"summary_large_image","twitter_misc":{"Est. reading time":"5 minutes"},"schema":{"@context":"https:\/\/schema.org","@graph":[{"@type":"WebPage","@id":"https:\/\/miningwatch.ro\/en\/baisoara\/","url":"https:\/\/miningwatch.ro\/en\/baisoara\/","name":"BaisoaraB\u0103i\u0219oara - Mining Watch Romania","isPartOf":{"@id":"https:\/\/miningwatch.ro\/en\/#website"},"datePublished":"2014-01-14T10:42:57+00:00","dateModified":"2014-03-26T10:23:42+00:00","breadcrumb":{"@id":"https:\/\/miningwatch.ro\/en\/baisoara\/#breadcrumb"},"inLanguage":"en-US","potentialAction":[{"@type":"ReadAction","target":[["https:\/\/miningwatch.ro\/en\/baisoara\/"]]}]},{"@type":"BreadcrumbList","@id":"https:\/\/miningwatch.ro\/en\/baisoara\/#breadcrumb","itemListElement":[{"@type":"ListItem","position":1,"name":"Home","item":"https:\/\/miningwatch.ro\/en\/"},{"@type":"ListItem","position":2,"name":"B\u0103i\u0219oara"}]},{"@type":"WebSite","@id":"https:\/\/miningwatch.ro\/en\/#website","url":"https:\/\/miningwatch.ro\/en\/","name":"Mining Watch Romania","description":"Mining Watch Romania is a monitoring network designed to organise civil society and local community actions on proposed gold mining projects in Romania.","potentialAction":[{"@type":"SearchAction","target":{"@type":"EntryPoint","urlTemplate":"https:\/\/miningwatch.ro\/en\/?s={search_term_string}"},"query-input":"required name=search_term_string"}],"inLanguage":"en-US"}]}},"_links":{"self":[{"href":"https:\/\/miningwatch.ro\/en\/wp-json\/wp\/v2\/pages\/313","targetHints":{"allow":["GET"]}}],"collection":[{"href":"https:\/\/miningwatch.ro\/en\/wp-json\/wp\/v2\/pages"}],"about":[{"href":"https:\/\/miningwatch.ro\/en\/wp-json\/wp\/v2\/types\/page"}],"author":[{"embeddable":true,"href":"https:\/\/miningwatch.ro\/en\/wp-json\/wp\/v2\/users\/2"}],"replies":[{"embeddable":true,"href":"https:\/\/miningwatch.ro\/en\/wp-json\/wp\/v2\/comments?post=313"}],"version-history":[{"count":5,"href":"https:\/\/miningwatch.ro\/en\/wp-json\/wp\/v2\/pages\/313\/revisions"}],"predecessor-version":[{"id":523,"href":"https:\/\/miningwatch.ro\/en\/wp-json\/wp\/v2\/pages\/313\/revisions\/523"}],"wp:attachment":[{"href":"https:\/\/miningwatch.ro\/en\/wp-json\/wp\/v2\/media?parent=313"}],"curies":[{"name":"wp","href":"https:\/\/api.w.org\/{rel}","templated":true}]}}