{"id":3618,"date":"2020-11-16T15:05:47","date_gmt":"2020-11-16T13:05:47","guid":{"rendered":"http:\/\/miningwatch.ro\/?page_id=3618"},"modified":"2020-11-17T15:23:03","modified_gmt":"2020-11-17T13:23:03","slug":"donatii","status":"publish","type":"page","link":"https:\/\/miningwatch.ro\/en\/donatii\/","title":{"rendered":"Donatii"},"content":{"rendered":"<div id=\"tdi_1\" class=\"tdc-zone\"><div class=\"tdc_zone tdi_2  wpb_row td-pb-row\"  >\n<style scoped>\n\/* custom css - generated by TagDiv Composer *\/\n\n\/* custom css - generated by TagDiv Composer *\/\n\/* custom css - generated by TagDiv Composer *\/\n.tdi_2{\r\n                    min-height: 0;\r\n                }\n<\/style><div id=\"tdi_3\" class=\"tdc-row\"><div class=\"vc_row tdi_4  wpb_row td-pb-row\" >\n<style scoped>\n\/* custom css - generated by TagDiv Composer *\/\n\n\/* custom css - generated by TagDiv Composer *\/\n\/* custom css - generated by TagDiv Composer *\/\n.tdi_4,\r\n                .tdi_4 .tdc-columns{\r\n                    min-height: 0;\r\n                }.tdi_4,\r\n\t\t\t\t.tdi_4 .tdc-columns{\r\n\t\t\t\t    display: block;\r\n\t\t\t\t}.tdi_4 .tdc-columns{\r\n\t\t\t\t    width: 100%;\r\n\t\t\t\t}\n<\/style><div class=\"vc_column tdi_6  wpb_column vc_column_container tdc-column td-pb-span3\">\n<style scoped>\n\/* custom css - generated by TagDiv Composer *\/\n\n\/* custom css - generated by TagDiv Composer *\/\n\/* custom css - generated by TagDiv Composer *\/\n.tdi_6{\r\n                    vertical-align: baseline;\r\n                }.tdi_6 > .wpb_wrapper,\r\n\t\t\t\t.tdi_6 > .wpb_wrapper > .tdc-elements{\r\n\t\t\t\t    display: flex;\r\n\t\t\t\t\r\n\t\t\t\t    flex-direction: row;\r\n\t\t\t\t\r\n\t\t\t\t    flex-wrap: nowrap;\r\n\t\t\t\t\r\n\t\t\t\t    justify-content: flex-start;\r\n\t\t\t\t\r\n\t\t\t\t    align-items: flex-start;\r\n\t\t\t\t}.tdi_6 > .wpb_wrapper > .tdc-elements{\r\n\t\t\t\t    width: 100%;\r\n\t\t\t\t}.tdi_6 > .wpb_wrapper > .vc_row_inner{\r\n\t\t\t\t    width: auto;\r\n\t\t\t\t}.tdi_6 > .wpb_wrapper{\r\n\t\t\t\t    width: 100%;\r\n\t\t\t\t    height: 100%;\r\n\t\t\t\t}\n<\/style><div class=\"wpb_wrapper\" ><div class=\"tdm_block td_block_wrap tdm_block_pricing tdi_7 tds_pricing1_block tdm-content-horiz-center td-pb-border-top td_block_template_1\"  data-td-block-uid=\"tdi_7\" >\n<style>\n\/* custom css - generated by TagDiv Composer *\/\n\/* custom css - generated by TagDiv Composer *\/\n.tdm_block_pricing .tdm-pricing-header{\r\n                  position: relative;\r\n                  overflow: hidden;\r\n                }.tdm_block_pricing .tdm-title{\r\n                  margin: 0 0 10px;\r\n                  color: #444;\r\n                }.tdm_block_pricing .tdm-pricing-price{\r\n                  position: relative;\r\n                  margin-bottom: 16px;\r\n                  font-family: 'Roboto', sans-serif;\r\n                  font-size: 58px;\r\n                  font-weight: 700;\r\n                  line-height: 1;\r\n                }.tdm_block_pricing .tdm-pricing-price-old{\r\n                  font-size: 29px;\r\n                  vertical-align: super;\r\n                  color: #666;\r\n                }.tdm_block_pricing .tdm-pricing-price-old .tdm-pricing-price-2{\r\n                    text-decoration: line-through;\r\n                }.tdm_block_pricing .tdm-pricing-ribbon-wrap{\r\n                  position: absolute;\r\n                  top: 0;\r\n                  left: 0;\r\n                  width: 100%;\r\n                  height: 100%;\r\n                  overflow: hidden;\r\n                  z-index: 10;\r\n                  pointer-events: none;\r\n                }.tdm_block_pricing .tdm-pricing-ribbon{\r\n                  position: absolute;\r\n                  top: 16px;\r\n                  right: -68px;\r\n                  padding: 2px 0;\r\n                  width: 200px;\r\n                  background-color: #FF0000;\r\n                  color: #fff;\r\n                  transform: rotate(40deg);\r\n                  text-align: center;\r\n                  font-size: 12px;\r\n                }.tdm_block_pricing.tdm-content-horiz-right .tdm-pricing-ribbon{\r\n                  left: -68px;\r\n                  right: auto;\r\n                  transform: rotate(-40deg);\r\n                }.tdm_block_pricing .tdm-pricing-currency,\r\n                .tdm_block_pricing .tdm-pricing-period{\r\n                  font-weight: 400;\r\n                }.tdm_block_pricing .tdm-pricing-currency,\r\n                .tdm_block_pricing .tdm-pricing-currency-old{\r\n                  vertical-align: super;\r\n                }.tdm_block_pricing .tdm-pricing-currency{\r\n                  font-size: 22px;\r\n                  margin-right: -12px;\r\n                }.tdm_block_pricing .tdm-pricing-currency-old{\r\n                  font-size: 12px;\r\n                  text-decoration: none;\r\n                }.tdm_block_pricing .tdm-pricing-period{\r\n                  font-size: 14px;\r\n                }.tdm_block_pricing .tdm-pricing-features{\r\n                  margin: 0;\r\n                  font-family: 'Open Sans', 'Open Sans Regular', sans-serif;\r\n                  font-size: 15px;\r\n                  line-height: 24px;\r\n                  color: #666;\r\n                }.tdm_block_pricing .tdm-descr{\r\n                  margin-bottom: 18px;\r\n                  font-size: 15px;\r\n                  line-height: 24px;\r\n                }.tdm_block_pricing .tdm-pricing-feature{\r\n                  list-style-type: none;\r\n                  margin: 0 0 5px;\r\n                }.tdm_block_pricing .tdm-pricing-feature .tdm-pricing-icon{\r\n                  margin-top: -3px;\r\n                  vertical-align: middle;\r\n                }.tdm_block_pricing .tdm-pricing-feature i{\r\n                  width: 15px;\r\n                  line-height: 1;\r\n                  vertical-align: middle;\r\n                  text-align: center;\r\n                  color: var(--td_theme_color, #4db2ec);\r\n                }.tdm_block_pricing .tdm-pricing-feature .tdm-pricing-icon-svg{\r\n                  display: inline-flex;\r\n                  align-items: center;\r\n                  justify-content: center;\r\n                }.tdm_block_pricing .tdm-pricing-feature .tdm-pricing-icon-svg svg{\r\n                  width: 15px;\r\n                  height: auto;\r\n                }.tdm_block_pricing .tdm-pricing-feature .tdm-pricing-icon-svg svg,\r\n                .tdm_block_pricing .tdm-pricing-feature .tdm-pricing-icon-svg svg *{\r\n                  fill: var(--td_theme_color, #4db2ec);\r\n                }.tdm_block_pricing .tds-button{\r\n                  margin: 28px 0 26px;\r\n                }.tdm_block_pricing .tds-button:last-child{\r\n                  margin-bottom: 0;\r\n                }.tdm_block_pricing.tdm-content-horiz-center .tdm-descr{\r\n                  padding: 0 10px;\r\n                }.tdm_block_pricing.tdm-content-horiz-center .tdm-pricing-features{\r\n                  display: inline-block;\r\n                  text-align: left;\r\n                }.tdm_block_pricing.tdm-content-horiz-center .tds-button{\r\n                  margin-top: 25px;\r\n                }.tdm_block_pricing .tds-pricing1{\r\n                  padding-top: 13px;\r\n                }.tdm_block_pricing .tds-pricing2 .tdm-pricing-header{\r\n                  background: #F8F8F9;\r\n                  margin-bottom: 5px;\r\n                  padding: 14px 20px;\r\n                }.tdm_block_pricing .tds-pricing2 .tdm-pricing-price{\r\n                  margin-bottom: 0;\r\n                }.tdm_block_pricing .tds-pricing2 .tdm-descr{\r\n                  margin-top: 21px;\r\n                  margin-bottom: 7px;\r\n                }.tdm_block_pricing .tds-pricing2 .tdm-pricing-feature{\r\n                  margin-bottom: 0;\r\n                  padding: 11px 20px 12px;\r\n                  border-bottom: 1px solid #f1f1f1;\r\n                }.tdm_block_pricing.tds_pricing2_block.tdm-pricing-featured:before{\r\n                  display: none;\r\n                }.tdm_block_pricing.tds_pricing2_block.tdm-pricing-featured .tdm-pricing-header{\r\n                  background: var(--td_theme_color, #4db2ec);\r\n                  color: #fff;\r\n                }.tdm_block_pricing.tds_pricing2_block.tdm-pricing-featured .tdm-pricing-header .tdm-title{\r\n                  color: #fff;\r\n                }.tdm_block_pricing.tds_pricing2_block.tdm-pricing-featured .tdm-pricing-price-old{\r\n                  color: #dfdfdf;\r\n                }.tdm_block_pricing.tds_pricing3_block{\r\n                  padding: 25px 22px;\r\n                }\n<\/style>\n<style>\n\/* custom css - generated by TagDiv Composer *\/\n\/* custom css - generated by TagDiv Composer *\/\n.tdi_8 .tdm-pricing-feature.tdm-pricing-feature-non{\r\n\t\t\t\t    color: #c3c3c3;\r\n\t\t\t\t}.tdi_8 .tdm-pricing-feature.tdm-pricing-feature-non i{\r\n\t\t\t\t    color: #c3c3c3;\r\n\t\t\t\t}.tdi_8 .tdm-pricing-feature.tdm-pricing-feature-non .tdm-pricing-icon-svg svg,\r\n\t\t\t\t.tdi_8 .tdm-pricing-feature.tdm-pricing-feature-non .tdm-pricing-icon-svg svg *{\r\n\t\t\t\t    fill: #c3c3c3;\r\n\t\t\t\t}.tdi_8 .tdm-pricing-feature .tdm-pricing-icon{\r\n\t\t\t\t    margin-right: 11px;\r\n\t\t\t\t}.tdi_7.tdm-pricing-featured:before{\r\n\t\t\t\t    content: '';\r\n                    position: absolute;\r\n                    top: 0;\r\n                    left: 0;\r\n                    width: 100%;\r\n                    height: 3px;\r\n                    background: var(--td_theme_color, #4db2ec);\r\n                    z-index: 10;\r\n\t\t\t\t}\n<\/style><div class=\"tdm-pricing-wrap tds-pricing1 tdi_8\"><div class=\"tdm-pricing-header\">\n<style>\n\/* custom css - generated by TagDiv Composer *\/\n\/* custom css - generated by TagDiv Composer *\/\n\n<\/style><div class=\"tds-title tds-title1 td-fix-index tdi_10 \"><h3 class=\"tdm-title tdm-title-sm\">Donatii lunare<\/h3><\/div><\/div><div class=\"tdm-descr td-fix-index\">Prin intermediul contribu\u0163iilor tale lunare ne vei ajuta s\u0103 monitoriz\u0103m legalitatea proiectelor miniere Certej, B\u0103i\u021ba Cr\u0103ciune\u0219ti \u0219i Rovina.<\/div><ul class=\"tdm-pricing-features td-fix-index\"><li class=\"tdm-pricing-feature \"><\/li><\/ul>\n<style>\n\/* custom css - generated by TagDiv Composer *\/\n\/* custom css - generated by TagDiv Composer *\/\n\n<\/style><div class=\"tds-button td-fix-index\"><a \r\n                href=\"http:\/\/miningwatch.ro\/doneaza-online-ep-sms\/\" \r\n                 title=\"Doneaza\"\r\n                class=\"tds-button1 tdm-btn tdm-btn-md tdi_9 \" ><span class=\"tdm-btn-text\">Doneaza<\/span><\/a><\/div><\/div><\/div><\/div><\/div><div class=\"vc_column tdi_12  wpb_column vc_column_container tdc-column td-pb-span3\">\n<style scoped>\n\/* custom css - generated by TagDiv Composer *\/\n\n\/* custom css - generated by TagDiv Composer *\/\n\/* custom css - generated by TagDiv Composer *\/\n.tdi_12{\r\n                    vertical-align: baseline;\r\n                }.tdi_12 > .wpb_wrapper,\r\n\t\t\t\t.tdi_12 > .wpb_wrapper > .tdc-elements{\r\n\t\t\t\t    display: block;\r\n\t\t\t\t}.tdi_12 > .wpb_wrapper > .tdc-elements{\r\n\t\t\t\t    width: 100%;\r\n\t\t\t\t}.tdi_12 > .wpb_wrapper > .vc_row_inner{\r\n\t\t\t\t    width: auto;\r\n\t\t\t\t}.tdi_12 > .wpb_wrapper{\r\n\t\t\t\t    width: auto;\r\n\t\t\t\t    height: auto;\r\n\t\t\t\t}\n<\/style><div class=\"wpb_wrapper\" ><div class=\"tdm_block td_block_wrap tdm_block_pricing tdi_13 tds_pricing1_block tdm-content-horiz-center td-pb-border-top td_block_template_1\"  data-td-block-uid=\"tdi_13\" >\n<style>\n\/* custom css - generated by TagDiv Composer *\/\n\/* custom css - generated by TagDiv Composer *\/\n.tdi_14 .tdm-pricing-feature.tdm-pricing-feature-non{\r\n\t\t\t\t    color: #c3c3c3;\r\n\t\t\t\t}.tdi_14 .tdm-pricing-feature.tdm-pricing-feature-non i{\r\n\t\t\t\t    color: #c3c3c3;\r\n\t\t\t\t}.tdi_14 .tdm-pricing-feature.tdm-pricing-feature-non .tdm-pricing-icon-svg svg,\r\n\t\t\t\t.tdi_14 .tdm-pricing-feature.tdm-pricing-feature-non .tdm-pricing-icon-svg svg *{\r\n\t\t\t\t    fill: #c3c3c3;\r\n\t\t\t\t}.tdi_14 .tdm-pricing-feature .tdm-pricing-icon{\r\n\t\t\t\t    margin-right: 11px;\r\n\t\t\t\t}.tdi_13.tdm-pricing-featured:before{\r\n\t\t\t\t    content: '';\r\n                    position: absolute;\r\n                    top: 0;\r\n                    left: 0;\r\n                    width: 100%;\r\n                    height: 3px;\r\n                    background: var(--td_theme_color, #4db2ec);\r\n                    z-index: 10;\r\n\t\t\t\t}\n<\/style><div class=\"tdm-pricing-wrap tds-pricing1 tdi_14\"><div class=\"tdm-pricing-header\">\n<style>\n\/* custom css - generated by TagDiv Composer *\/\n\/* custom css - generated by TagDiv Composer *\/\n\n<\/style><div class=\"tds-title tds-title1 td-fix-index tdi_16 \"><h3 class=\"tdm-title tdm-title-sm\">Donatii singulare<\/h3><\/div><\/div><div class=\"tdm-descr td-fix-index\">Cu dona\u0163ia ta de ast\u0103zi po\u0163i sus\u0163ine promovarea unei \u0219tiri \u00een mediile de socializare care s\u0103 ajung\u0103 la zeci mii de cet\u0103\u021beni din lumea \u00eentreag\u0103.<\/div><ul class=\"tdm-pricing-features td-fix-index\"><li class=\"tdm-pricing-feature \"><\/li><\/ul>\n<style>\n\/* custom css - generated by TagDiv Composer *\/\n\/* custom css - generated by TagDiv Composer *\/\n\n<\/style><div class=\"tds-button td-fix-index\"><a \r\n                href=\"http:\/\/miningwatch.ro\/doneaza-online-ep\/\" \r\n                 title=\"Doneaza\"\r\n                class=\"tds-button1 tdm-btn tdm-btn-md tdi_15 \" ><span class=\"tdm-btn-text\">Doneaza<\/span><\/a><\/div><\/div><\/div><\/div><\/div><div class=\"vc_column tdi_18  wpb_column vc_column_container tdc-column td-pb-span3\">\n<style scoped>\n\/* custom css - generated by TagDiv Composer *\/\n\n\/* custom css - generated by TagDiv Composer *\/\n\/* custom css - generated by TagDiv Composer *\/\n.tdi_18{\r\n                    vertical-align: baseline;\r\n                }.tdi_18 > .wpb_wrapper,\r\n\t\t\t\t.tdi_18 > .wpb_wrapper > .tdc-elements{\r\n\t\t\t\t    display: block;\r\n\t\t\t\t}.tdi_18 > .wpb_wrapper > .tdc-elements{\r\n\t\t\t\t    width: 100%;\r\n\t\t\t\t}.tdi_18 > .wpb_wrapper > .vc_row_inner{\r\n\t\t\t\t    width: auto;\r\n\t\t\t\t}.tdi_18 > .wpb_wrapper{\r\n\t\t\t\t    width: auto;\r\n\t\t\t\t    height: auto;\r\n\t\t\t\t}\n<\/style><div class=\"wpb_wrapper\" ><div class=\"tdm_block td_block_wrap tdm_block_pricing tdi_19 tds_pricing1_block tdm-content-horiz-center td-pb-border-top td_block_template_1\"  data-td-block-uid=\"tdi_19\" >\n<style>\n\/* custom css - generated by TagDiv Composer *\/\n\/* custom css - generated by TagDiv Composer *\/\n.tdi_20 .tdm-pricing-feature.tdm-pricing-feature-non{\r\n\t\t\t\t    color: #c3c3c3;\r\n\t\t\t\t}.tdi_20 .tdm-pricing-feature.tdm-pricing-feature-non i{\r\n\t\t\t\t    color: #c3c3c3;\r\n\t\t\t\t}.tdi_20 .tdm-pricing-feature.tdm-pricing-feature-non .tdm-pricing-icon-svg svg,\r\n\t\t\t\t.tdi_20 .tdm-pricing-feature.tdm-pricing-feature-non .tdm-pricing-icon-svg svg *{\r\n\t\t\t\t    fill: #c3c3c3;\r\n\t\t\t\t}.tdi_20 .tdm-pricing-feature .tdm-pricing-icon{\r\n\t\t\t\t    margin-right: 11px;\r\n\t\t\t\t}.tdi_19.tdm-pricing-featured:before{\r\n\t\t\t\t    content: '';\r\n                    position: absolute;\r\n                    top: 0;\r\n                    left: 0;\r\n                    width: 100%;\r\n                    height: 3px;\r\n                    background: var(--td_theme_color, #4db2ec);\r\n                    z-index: 10;\r\n\t\t\t\t}\n<\/style><div class=\"tdm-pricing-wrap tds-pricing1 tdi_20\"><div class=\"tdm-pricing-header\">\n<style>\n\/* custom css - generated by TagDiv Composer *\/\n\/* custom css - generated by TagDiv Composer *\/\n\n<\/style><div class=\"tds-title tds-title1 td-fix-index tdi_22 \"><h3 class=\"tdm-title tdm-title-sm\">Investigatiile noastre<\/h3><\/div><\/div><div class=\"tdm-descr td-fix-index\">Cu sprijinul t\u0103u realiz\u0103m h\u0103r\u021bile interactive Pr\u0103d\u0103torii resurselor -despre proiectele miniere planificate \u00een \u021bara noastr\u0103 \u0219i adev\u0103rata amploare a distrugerii.<\/div><ul class=\"tdm-pricing-features td-fix-index\"><li class=\"tdm-pricing-feature \"><\/li><\/ul>\n<style>\n\/* custom css - generated by TagDiv Composer *\/\n\/* custom css - generated by TagDiv Composer *\/\n\n<\/style><div class=\"tds-button td-fix-index\"><a \r\n                href=\"http:\/\/miningwatch.ro\/doneaza-online-ep\/\" \r\n                 title=\"Doneaza\"\r\n                class=\"tds-button1 tdm-btn tdm-btn-md tdi_21 \" ><span class=\"tdm-btn-text\">Doneaza<\/span><\/a><\/div><\/div><\/div><\/div><\/div><div class=\"vc_column tdi_24  wpb_column vc_column_container tdc-column td-pb-span3\">\n<style scoped>\n\/* custom css - generated by TagDiv Composer *\/\n\n\/* custom css - generated by TagDiv Composer *\/\n\/* custom css - generated by TagDiv Composer *\/\n.tdi_24{\r\n                    vertical-align: baseline;\r\n                }.tdi_24 > .wpb_wrapper,\r\n\t\t\t\t.tdi_24 > .wpb_wrapper > .tdc-elements{\r\n\t\t\t\t    display: block;\r\n\t\t\t\t}.tdi_24 > .wpb_wrapper > .tdc-elements{\r\n\t\t\t\t    width: 100%;\r\n\t\t\t\t}.tdi_24 > .wpb_wrapper > .vc_row_inner{\r\n\t\t\t\t    width: auto;\r\n\t\t\t\t}.tdi_24 > .wpb_wrapper{\r\n\t\t\t\t    width: auto;\r\n\t\t\t\t    height: auto;\r\n\t\t\t\t}\n<\/style><div class=\"wpb_wrapper\" ><div class=\"tdm_block td_block_wrap tdm_block_pricing tdi_25 tds_pricing1_block tdm-content-horiz-center td-pb-border-top td_block_template_1\"  data-td-block-uid=\"tdi_25\" >\n<style>\n\/* custom css - generated by TagDiv Composer *\/\n\/* custom css - generated by TagDiv Composer *\/\n.tdi_26 .tdm-pricing-feature.tdm-pricing-feature-non{\r\n\t\t\t\t    color: #c3c3c3;\r\n\t\t\t\t}.tdi_26 .tdm-pricing-feature.tdm-pricing-feature-non i{\r\n\t\t\t\t    color: #c3c3c3;\r\n\t\t\t\t}.tdi_26 .tdm-pricing-feature.tdm-pricing-feature-non .tdm-pricing-icon-svg svg,\r\n\t\t\t\t.tdi_26 .tdm-pricing-feature.tdm-pricing-feature-non .tdm-pricing-icon-svg svg *{\r\n\t\t\t\t    fill: #c3c3c3;\r\n\t\t\t\t}.tdi_26 .tdm-pricing-feature .tdm-pricing-icon{\r\n\t\t\t\t    margin-right: 11px;\r\n\t\t\t\t}.tdi_25.tdm-pricing-featured:before{\r\n\t\t\t\t    content: '';\r\n                    position: absolute;\r\n                    top: 0;\r\n                    left: 0;\r\n                    width: 100%;\r\n                    height: 3px;\r\n                    background: var(--td_theme_color, #4db2ec);\r\n                    z-index: 10;\r\n\t\t\t\t}\n<\/style><div class=\"tdm-pricing-wrap tds-pricing1 tdi_26\"><div class=\"tdm-pricing-header\">\n<style>\n\/* custom css - generated by TagDiv Composer *\/\n\/* custom css - generated by TagDiv Composer *\/\n\n<\/style><div class=\"tds-title tds-title1 td-fix-index tdi_28 \"><h3 class=\"tdm-title tdm-title-sm\">Donatii PayPal<\/h3><\/div><\/div><div class=\"tdm-descr td-fix-index\">De oriunde, prin PayPal. I\u021bi mul\u021bumim c\u0103 ne sprijini \u0219i c\u0103, si pentru tine, oamenii \u0219i natura sunt mai importan\u021bi dec\u00e2t aurul.<\/div><ul class=\"tdm-pricing-features td-fix-index\"><li class=\"tdm-pricing-feature \"><\/li><\/ul>\n<style>\n\/* custom css - generated by TagDiv Composer *\/\n\/* custom css - generated by TagDiv Composer *\/\n\n<\/style><div class=\"tds-button td-fix-index\"><a \r\n                href=\"https:\/\/www.paypal.com\/ro\/home\" \r\n                 title=\"Donatii PayPal\"\r\n                class=\"tds-button1 tdm-btn tdm-btn-md tdi_27 \" ><span class=\"tdm-btn-text\">Donatii PayPal<\/span><\/a><\/div><\/div><\/div><\/div><\/div><\/div><\/div><\/div><\/div>","protected":false},"excerpt":{"rendered":"","protected":false},"author":6,"featured_media":0,"parent":0,"menu_order":0,"comment_status":"closed","ping_status":"closed","template":"","meta":{"_exactmetrics_skip_tracking":false,"_exactmetrics_sitenote_active":false,"_exactmetrics_sitenote_note":"","_exactmetrics_sitenote_category":0,"footnotes":""},"class_list":["post-3618","page","type-page","status-publish"],"yoast_head":"<!-- This site is optimized with the Yoast SEO plugin v21.2 - https:\/\/yoast.com\/wordpress\/plugins\/seo\/ -->\n<title>Donatii - Mining Watch Romania<\/title>\n<meta name=\"robots\" content=\"index, follow, max-snippet:-1, max-image-preview:large, max-video-preview:-1\" \/>\n<link rel=\"canonical\" href=\"https:\/\/miningwatch.ro\/en\/donatii\/\" \/>\n<meta property=\"og:locale\" content=\"en_US\" \/>\n<meta property=\"og:type\" content=\"article\" \/>\n<meta property=\"og:title\" content=\"Donatii - Mining Watch Romania\" \/>\n<meta property=\"og:url\" content=\"https:\/\/miningwatch.ro\/en\/donatii\/\" \/>\n<meta property=\"og:site_name\" content=\"Mining Watch Romania\" \/>\n<meta property=\"article:modified_time\" content=\"2020-11-17T13:23:03+00:00\" \/>\n<meta name=\"twitter:card\" content=\"summary_large_image\" \/>\n<meta name=\"twitter:label1\" content=\"Est. reading time\" \/>\n\t<meta name=\"twitter:data1\" content=\"1 minute\" \/>\n<script type=\"application\/ld+json\" class=\"yoast-schema-graph\">{\"@context\":\"https:\/\/schema.org\",\"@graph\":[{\"@type\":\"WebPage\",\"@id\":\"https:\/\/miningwatch.ro\/en\/donatii\/\",\"url\":\"https:\/\/miningwatch.ro\/en\/donatii\/\",\"name\":\"Donatii - Mining Watch Romania\",\"isPartOf\":{\"@id\":\"https:\/\/miningwatch.ro\/en\/#website\"},\"datePublished\":\"2020-11-16T13:05:47+00:00\",\"dateModified\":\"2020-11-17T13:23:03+00:00\",\"breadcrumb\":{\"@id\":\"https:\/\/miningwatch.ro\/en\/donatii\/#breadcrumb\"},\"inLanguage\":\"en-US\",\"potentialAction\":[{\"@type\":\"ReadAction\",\"target\":[[\"https:\/\/miningwatch.ro\/en\/donatii\/\"]]}]},{\"@type\":\"BreadcrumbList\",\"@id\":\"https:\/\/miningwatch.ro\/en\/donatii\/#breadcrumb\",\"itemListElement\":[{\"@type\":\"ListItem\",\"position\":1,\"name\":\"Home\",\"item\":\"https:\/\/miningwatch.ro\/en\/\"},{\"@type\":\"ListItem\",\"position\":2,\"name\":\"Donatii\"}]},{\"@type\":\"WebSite\",\"@id\":\"https:\/\/miningwatch.ro\/en\/#website\",\"url\":\"https:\/\/miningwatch.ro\/en\/\",\"name\":\"Mining Watch Romania\",\"description\":\"Mining Watch Romania is a monitoring network designed to organise civil society and local community actions on proposed gold mining projects in Romania.\",\"potentialAction\":[{\"@type\":\"SearchAction\",\"target\":{\"@type\":\"EntryPoint\",\"urlTemplate\":\"https:\/\/miningwatch.ro\/en\/?s={search_term_string}\"},\"query-input\":\"required name=search_term_string\"}],\"inLanguage\":\"en-US\"}]}<\/script>\n<!-- \/ Yoast SEO plugin. -->","yoast_head_json":{"title":"Donatii - Mining Watch Romania","robots":{"index":"index","follow":"follow","max-snippet":"max-snippet:-1","max-image-preview":"max-image-preview:large","max-video-preview":"max-video-preview:-1"},"canonical":"https:\/\/miningwatch.ro\/en\/donatii\/","og_locale":"en_US","og_type":"article","og_title":"Donatii - Mining Watch Romania","og_url":"https:\/\/miningwatch.ro\/en\/donatii\/","og_site_name":"Mining Watch Romania","article_modified_time":"2020-11-17T13:23:03+00:00","twitter_card":"summary_large_image","twitter_misc":{"Est. reading time":"1 minute"},"schema":{"@context":"https:\/\/schema.org","@graph":[{"@type":"WebPage","@id":"https:\/\/miningwatch.ro\/en\/donatii\/","url":"https:\/\/miningwatch.ro\/en\/donatii\/","name":"Donatii - Mining Watch Romania","isPartOf":{"@id":"https:\/\/miningwatch.ro\/en\/#website"},"datePublished":"2020-11-16T13:05:47+00:00","dateModified":"2020-11-17T13:23:03+00:00","breadcrumb":{"@id":"https:\/\/miningwatch.ro\/en\/donatii\/#breadcrumb"},"inLanguage":"en-US","potentialAction":[{"@type":"ReadAction","target":[["https:\/\/miningwatch.ro\/en\/donatii\/"]]}]},{"@type":"BreadcrumbList","@id":"https:\/\/miningwatch.ro\/en\/donatii\/#breadcrumb","itemListElement":[{"@type":"ListItem","position":1,"name":"Home","item":"https:\/\/miningwatch.ro\/en\/"},{"@type":"ListItem","position":2,"name":"Donatii"}]},{"@type":"WebSite","@id":"https:\/\/miningwatch.ro\/en\/#website","url":"https:\/\/miningwatch.ro\/en\/","name":"Mining Watch Romania","description":"Mining Watch Romania is a monitoring network designed to organise civil society and local community actions on proposed gold mining projects in Romania.","potentialAction":[{"@type":"SearchAction","target":{"@type":"EntryPoint","urlTemplate":"https:\/\/miningwatch.ro\/en\/?s={search_term_string}"},"query-input":"required name=search_term_string"}],"inLanguage":"en-US"}]}},"_links":{"self":[{"href":"https:\/\/miningwatch.ro\/en\/wp-json\/wp\/v2\/pages\/3618","targetHints":{"allow":["GET"]}}],"collection":[{"href":"https:\/\/miningwatch.ro\/en\/wp-json\/wp\/v2\/pages"}],"about":[{"href":"https:\/\/miningwatch.ro\/en\/wp-json\/wp\/v2\/types\/page"}],"author":[{"embeddable":true,"href":"https:\/\/miningwatch.ro\/en\/wp-json\/wp\/v2\/users\/6"}],"replies":[{"embeddable":true,"href":"https:\/\/miningwatch.ro\/en\/wp-json\/wp\/v2\/comments?post=3618"}],"version-history":[{"count":12,"href":"https:\/\/miningwatch.ro\/en\/wp-json\/wp\/v2\/pages\/3618\/revisions"}],"predecessor-version":[{"id":3633,"href":"https:\/\/miningwatch.ro\/en\/wp-json\/wp\/v2\/pages\/3618\/revisions\/3633"}],"wp:attachment":[{"href":"https:\/\/miningwatch.ro\/en\/wp-json\/wp\/v2\/media?parent=3618"}],"curies":[{"name":"wp","href":"https:\/\/api.w.org\/{rel}","templated":true}]}}