{"id":445,"date":"2014-01-15T17:45:13","date_gmt":"2014-01-15T15:45:13","guid":{"rendered":"https:\/\/miningwatch.ro\/sitenou\/?page_id=445"},"modified":"2014-03-02T12:23:41","modified_gmt":"2014-03-02T10:23:41","slug":"autorizarea-de-mediu-si-reactia-autoritatilor-locale","status":"publish","type":"page","link":"https:\/\/miningwatch.ro\/en\/autorizarea-de-mediu-si-reactia-autoritatilor-locale\/","title":{"rendered":"Community and local authorities reaction"},"content":{"rendered":"<p><b>Local community&#8217;s reaction <\/b><\/p>\n<p>In the SWOT analysis within the Site Report Romaltyn Mining indicates <span class=\"symple-highlight symple-highlight-green \"> as a weakness of the mining project <\/span> <span class=\"symple-highlight symple-highlight-yellow \">\u2018the growing local concern and the perception of the worsening quality of life with the increased risk of pollution in the Vasile Alecsandri and G\u0103rii neighbourhoods and in S\u0103sar and Boz\u00e2nta Mare localities, as a result of the transport and storage of large volumes of mining waste (heavy metals) processed by cyanidation.\u2019 <\/span>.<\/p>\n<p>Indeed <span class=\"symple-highlight symple-highlight-green \"> local community as a whole is against the restart of mining activities in Baia Mare city <\/span>. This is demonstrated by the mobilisation in socialisation networks, the articles in local media and <a href=\"http:\/\/think.hotnews.ro\/referendum-anti-cianura-la-baia-mare.html\" target=\"_blank\">the local referendum in July 2010<\/a>. In a <a href=\"http:\/\/www.emaramures.ro\/Polls\/ViewPoll.aspx?ID=56\" target=\"_blank\">poll<\/a> undertaken by the newspaper eMaramure\u015f.ro more than <span class=\"symple-highlight symple-highlight-green \">76.6% of respondents answered &#8216;No, because I do not want cyanides and pollution in Baia Mare&#8217;<\/span> to the question &#8216;Would you agree for the processing operations by cyanidation to be resumed on the territory of Baia Mare city?&#8217;. The poll was undertaken between 6 August 2013-15 September 2013, with the participation of 8596 respondents, unique visitors on the site.<\/p>\n<p><b>The local referendum of 25 July 2010<\/b><\/p>\n<p>The residents of Baia Mare answered two questions at the local referendum. The first related to their agreement or disagreement on the use of cyanide on their territory and the second was related to the mining of lead from the area under the city&#8217;s administration. <span class=\"symple-highlight symple-highlight-green \"> The over 95% votes against cyanide technologies indicated the residents\u2019 concern regarding the restart of the Processing plant for mining waste<\/span>. According to the final results, 15,878 voters participated in the referendum, representing <a href=\"http:\/\/ebaiamare.ro\/referendumul-antipoluare-din-baia-mare-a-esuat-doar-1267-dintre-alegatori-s-au-prezentat-la-urne\/\" target=\"_blank\">12.67% of the total number of Baia Mare citizens registered on election lists<\/a>. The referendum was therefore invalidated for lack of quorum. The &#8220;22 Decembrie&#8221; organisation in Baia Mare had previously <a href=\"http:\/\/www.ziarmm.ro\/asociatia-22-decembrie-solicita-consiliului-local-amanarea-datei-referendumului-anti-poluare-%E2%80%93-joi-ora-12-este-programat-un-miting-de-protest-in-fata-primariei-baia-mare\/\" target=\"_blank\">requested the Local Council <\/a>&#8220;to postpone the referendum because of its very poor media coverage&#8221;.<\/p>\n<p><b>Local authorities reaction <\/b><\/p>\n<p>In the summer of 2010,<a href=\"http:\/\/www.graiul.ro\/index.php?option=com_content&amp;view=article&amp;id=4309:locuitorii-din-satul-ssar-sint-stui-de-poluare&amp;catid=2:actualitate&amp;Itemid=2\" target=\"_blank\"> the Local Council Recea decided to ban the use of cyanide technologies, the transport and storage of cyanide tailings on the commune&#8217;s territory<\/a>. This decision was also communicated to Romaltyn Mining. Romaltyn had previously obtained a permit from Maramure\u015f County Council to build outside the built area of S\u0103sar village, Recea commune, the plant for lime milk preparation and tailings pulp detoxification.<\/p>\n<p>However local authorities&#8217; representatives criticised the possibility of mining activities being resumed in the commune: &#8216;I don&#8217;t think it is correct that Romaltyn should restart operations, we&#8217;ve had enough pollution, Romania&#8217;s Constitution in Art. 35 acknowledges citizens&#8217; right to a healthy environment and the European Union promotes environmental protection and quality&#8221;, says mayor Octavian Pavel. The deputy mayor of Recea commune, Valer M\u0103d\u0103ra\u015f made the following statements for the Graiul newspaper in Maramure\u015f: &#8220;When we, citizens of S\u0103sar, accepted the pond location we were told that the new Australian method for gold extraction using cyanide is non-polluting, but we were bitterly deceived, the birds flying across the toxic lake die, the dust carried off by wind deposits on crops, people complain about pollution&#8221;.<\/p>\n<p>The Local Council Baia Mare issued an interdiction for building until the regional urban plans (PUZ) are approved, by Local Council Decision HCL 84\/2010. In this context it became impossible for Romaltyn to obtain the construction permit for additional investment works in the perimeter of the mining waste processing plant. Following the issuance of this administrative act, <span class=\"symple-highlight symple-highlight-green \"> the Environmental Protection Agency through its president Iosif Nagy intervened in the favour of Romaltyn by official letters to the local authorities <\/span>. A <a href=\"http:\/\/www.ziarmm.ro\/incredibil-oficializarea-abuzului-puterii-agentia-nationala-de-protectia-mediului-cere-prefecturii-maramures-sa-forteze-consiliul-local-sa-emita-autorizatia-de-construire-pentru-uzina-mortii-de-la\/\" target=\"_blank\">first letter<\/a> was sent in June 2010 to Maramure\u015f Prefecture, the Local Council Baia Mare and the local and regional environmental authorities. &#8216;The operation of SC Romaltyn Mining SRL plants will achieve an ecological restoration of the Central tailings dam with beneficial results upon the quality of environment in Baia Mare. According to legal provisions on the restoration of areas where soil, subsoil and terrestrial ecosystems were affected, the local public administration is responsible for remediation of areas with historic pollution, therefore the local budget would be affected in case the plant does not operate. In line with the above mentioned aspects we hereby request you to take all necessary steps for issuing the construction permit for the treatment plant for water discharged from the Aurul tailings dam&#8221;, says the letter from the National Environmental Protection Agency.<\/p>\n<p>In July 2010 a <a href=\"http:\/\/www.ziarmm.ro\/incredibil-in-timp-ce-primaria-baia-mare-organizeaza-referendumul-anti-poluare-agentia-de-protectia-mediului-face-presiuni-pentru-deschiderea-romaltyn-mining-foto\/\" target=\"_blank\">second letter<\/a> <span class=\"symple-highlight symple-highlight-green \"> from the Maramure\u015f Environmental Protection Agency continued to put pressure locally in the favour of Romaltyn Mining <\/span>. The EPA president explains in this letter to the Maramure\u015f Prefecture that if the wastewater plant investment is not completed the company will not receive the integrated environmental permit.<\/p>\n<p>In February 2013, the chief of the Urban Planning commission of Local Council Baia Mare, Tudor Ilie, stated that he does &#8220;not agree with the Romaltyn plant operating in a residential area. There are educational units there, medical units, blocks of flats, services facilities (&#8230;). There will always be people there. The<a href=\"http:\/\/www.ziarmm.ro\/probleme-pentru-romaltyn-seful-comisiei-de-urbanism-nu-sunt-de-acord-sa-functioneze-intr-o-zona-rezidentiala\/\" target=\"_blank\"> new international urban planning regulations<\/a> recommend the location of industrial plants at the outskirts of cities&#8217;. The Local Council Baia Mare issued in April the decision<a href=\"http:\/\/www.baiamare.ro\/Baiamare\/Consiliu%20local\/HCL\/sed12aprilie2013\/hot120_13.pdf\" target=\"_blank\"> HCL 120\/2013<\/a> whereby &#8220;the economic regime of the territorial reference unit between Independen\u0163ei Blvd., Decebal Blvd, Victoriei St. is established as area for trade-services and a sub-area for collective residences&#8221;. According to this decision, <span class=\"symple-highlight symple-highlight-yellow \"><i> the industrial activity specific to the Processing plant, located within the perimeter described above, became incompliant with the economic and urban planning functions of the area<\/i><\/span>. Immediately after this HCL was issued, Romaltyn<a href=\"http:\/\/www.romaltyn.ro\/comunicat-de-presa-romaltyn-este-nevoita-sa-reduca-activitatea\/\" target=\"_blank\"> announced the reduction of their staff work schedule<\/a> from five to four days per week.<\/p>\n<p>Romaltyn announced in a <a href=\"http:\/\/www.romaltyn.ro\/romaltyn-exclude-varianta-relocarii-uzinei-pentru-a-si-continua-activitatea\/\" target=\"_blank\">press release<\/a> that <span class=\"symple-highlight symple-highlight-green \"> the alternative to relocate the plant &#8220;is absolutely excluded, also for economic reasons&#8221;. The reasons pleaded are the four year duration for relocating the plant, the requirement to prepare again the full permitting documentation, as well as the costs estimated at 30 mil. dollars associated with the relocation, which would render the project totally unfeasible.<\/p>\n<p>At the same time <span class=\"symple-highlight symple-highlight-green \"><\/span> time Romaltyn Mining announced an action in court brought against the Local Council\u00a0 Baia Mare for adopting HCL 120\/2013.<\/span> In a first stage Romaltyn aimed to suspend the act. On 18 September 2013 the Maramure\u015f Court <a href=\"http:\/\/www.ziarmm.ro\/tribunalul-maramures-spune-nu-romaltyn-in-baia-mare\/\" target=\"_blank\">rejected<\/a> Romaltyn&#8217;s request, subject of the case 5916\/100\/2013. At the beginning of September the mining company sued again the Local Council Baia Mare, this time <a href=\"http:\/\/portal.just.ro\/100\/SitePages\/Dosar.aspx?id_dosar=10000000000074847&amp;id_inst=100\" target=\"_blank\">requesting the cancellation of the act issued by the local public authority<\/a>.<\/p>\n<div class=\"symple-callout symple-clearfix  \"><div class=\"symple-callout-caption\"> The mining project proposed at Baia Mare.\u00a0<\/div><div class=\"symple-callout-button\"><a href=\"https:\/\/miningwatch.ro\/sitenou\/baia-mare\/\" class=\"symple-button normal teal\" title=\"Visit Site\"  rel=\"nofollow\" target=\"_blank\"><span class=\"symple-button-inner\" >Read more<\/span><\/a><\/div><\/div><hr class=\"symple-divider dashed \" style=\"margin-top: 20px;margin-bottom: 20px;\" \/>\n<div class=\"symple-callout symple-clearfix  \"><div class=\"symple-callout-caption\">Environmental permit for the mining project at Baia Mare.\u00a0<\/div><div class=\"symple-callout-button\"><a href=\"https:\/\/miningwatch.ro\/sitenou\/baia-mare\/autorizarea-de-mediu-la-baia-mare\/\" class=\"symple-button normal teal\" title=\"Visit Site\"  rel=\"nofollow\" target=\"_blank\"><span class=\"symple-button-inner\" >Read more<\/span><\/a><\/div><\/div><\/p>","protected":false},"excerpt":{"rendered":"<p>Local community&#8217;s reaction In the SWOT analysis within the Site Report Romaltyn Mining indicates . Indeed . This is demonstrated by the mobilisation in socialisation networks, the articles in local media and the local referendum in July 2010. In a poll undertaken by the newspaper eMaramure\u015f.ro more than to the question &#8216;Would you agree for [&hellip;]<\/p>\n","protected":false},"author":2,"featured_media":0,"parent":0,"menu_order":0,"comment_status":"closed","ping_status":"closed","template":"","meta":{"_exactmetrics_skip_tracking":false,"_exactmetrics_sitenote_active":false,"_exactmetrics_sitenote_note":"","_exactmetrics_sitenote_category":0,"footnotes":""},"class_list":["post-445","page","type-page","status-publish"],"yoast_head":"<!-- This site is optimized with the Yoast SEO plugin v21.2 - https:\/\/yoast.com\/wordpress\/plugins\/seo\/ -->\n<title>Community and local authorities reaction Reac\u021bia comunit\u0103\u021bii \u0219i a autorit\u0103\u021bilor locale - Mining Watch Romania<\/title>\n<meta name=\"robots\" content=\"index, follow, max-snippet:-1, max-image-preview:large, max-video-preview:-1\" \/>\n<link rel=\"canonical\" href=\"https:\/\/miningwatch.ro\/en\/autorizarea-de-mediu-si-reactia-autoritatilor-locale\/\" \/>\n<meta property=\"og:locale\" content=\"en_US\" \/>\n<meta property=\"og:type\" content=\"article\" \/>\n<meta property=\"og:title\" content=\"Community and local authorities reaction Reac\u021bia comunit\u0103\u021bii \u0219i a autorit\u0103\u021bilor locale - Mining Watch Romania\" \/>\n<meta property=\"og:description\" content=\"Local community&#8217;s reaction In the SWOT analysis within the Site Report Romaltyn Mining indicates . Indeed . This is demonstrated by the mobilisation in socialisation networks, the articles in local media and the local referendum in July 2010. In a poll undertaken by the newspaper eMaramure\u015f.ro more than to the question &#8216;Would you agree for [&hellip;]\" \/>\n<meta property=\"og:url\" content=\"https:\/\/miningwatch.ro\/en\/autorizarea-de-mediu-si-reactia-autoritatilor-locale\/\" \/>\n<meta property=\"og:site_name\" content=\"Mining Watch Romania\" \/>\n<meta property=\"article:modified_time\" content=\"2014-03-02T10:23:41+00:00\" \/>\n<meta name=\"twitter:card\" content=\"summary_large_image\" \/>\n<meta name=\"twitter:label1\" content=\"Est. reading time\" \/>\n\t<meta name=\"twitter:data1\" content=\"12 minutes\" \/>\n<script type=\"application\/ld+json\" class=\"yoast-schema-graph\">{\"@context\":\"https:\/\/schema.org\",\"@graph\":[{\"@type\":\"WebPage\",\"@id\":\"https:\/\/miningwatch.ro\/en\/autorizarea-de-mediu-si-reactia-autoritatilor-locale\/\",\"url\":\"https:\/\/miningwatch.ro\/en\/autorizarea-de-mediu-si-reactia-autoritatilor-locale\/\",\"name\":\"Community and local authorities reaction Reac\u021bia comunit\u0103\u021bii \u0219i a autorit\u0103\u021bilor locale - Mining Watch Romania\",\"isPartOf\":{\"@id\":\"https:\/\/miningwatch.ro\/en\/#website\"},\"datePublished\":\"2014-01-15T15:45:13+00:00\",\"dateModified\":\"2014-03-02T10:23:41+00:00\",\"breadcrumb\":{\"@id\":\"https:\/\/miningwatch.ro\/en\/autorizarea-de-mediu-si-reactia-autoritatilor-locale\/#breadcrumb\"},\"inLanguage\":\"en-US\",\"potentialAction\":[{\"@type\":\"ReadAction\",\"target\":[[\"https:\/\/miningwatch.ro\/en\/autorizarea-de-mediu-si-reactia-autoritatilor-locale\/\"]]}]},{\"@type\":\"BreadcrumbList\",\"@id\":\"https:\/\/miningwatch.ro\/en\/autorizarea-de-mediu-si-reactia-autoritatilor-locale\/#breadcrumb\",\"itemListElement\":[{\"@type\":\"ListItem\",\"position\":1,\"name\":\"Home\",\"item\":\"https:\/\/miningwatch.ro\/en\/\"},{\"@type\":\"ListItem\",\"position\":2,\"name\":\"Reac\u021bia comunit\u0103\u021bii \u0219i a autorit\u0103\u021bilor locale\"}]},{\"@type\":\"WebSite\",\"@id\":\"https:\/\/miningwatch.ro\/en\/#website\",\"url\":\"https:\/\/miningwatch.ro\/en\/\",\"name\":\"Mining Watch Romania\",\"description\":\"Mining Watch Romania is a monitoring network designed to organise civil society and local community actions on proposed gold mining projects in Romania.\",\"potentialAction\":[{\"@type\":\"SearchAction\",\"target\":{\"@type\":\"EntryPoint\",\"urlTemplate\":\"https:\/\/miningwatch.ro\/en\/?s={search_term_string}\"},\"query-input\":\"required name=search_term_string\"}],\"inLanguage\":\"en-US\"}]}<\/script>\n<!-- \/ Yoast SEO plugin. -->","yoast_head_json":{"title":"Community and local authorities reaction Reac\u021bia comunit\u0103\u021bii \u0219i a autorit\u0103\u021bilor locale - Mining Watch Romania","robots":{"index":"index","follow":"follow","max-snippet":"max-snippet:-1","max-image-preview":"max-image-preview:large","max-video-preview":"max-video-preview:-1"},"canonical":"https:\/\/miningwatch.ro\/en\/autorizarea-de-mediu-si-reactia-autoritatilor-locale\/","og_locale":"en_US","og_type":"article","og_title":"Community and local authorities reaction Reac\u021bia comunit\u0103\u021bii \u0219i a autorit\u0103\u021bilor locale - Mining Watch Romania","og_description":"Local community&#8217;s reaction In the SWOT analysis within the Site Report Romaltyn Mining indicates . Indeed . This is demonstrated by the mobilisation in socialisation networks, the articles in local media and the local referendum in July 2010. In a poll undertaken by the newspaper eMaramure\u015f.ro more than to the question &#8216;Would you agree for [&hellip;]","og_url":"https:\/\/miningwatch.ro\/en\/autorizarea-de-mediu-si-reactia-autoritatilor-locale\/","og_site_name":"Mining Watch Romania","article_modified_time":"2014-03-02T10:23:41+00:00","twitter_card":"summary_large_image","twitter_misc":{"Est. reading time":"12 minutes"},"schema":{"@context":"https:\/\/schema.org","@graph":[{"@type":"WebPage","@id":"https:\/\/miningwatch.ro\/en\/autorizarea-de-mediu-si-reactia-autoritatilor-locale\/","url":"https:\/\/miningwatch.ro\/en\/autorizarea-de-mediu-si-reactia-autoritatilor-locale\/","name":"Community and local authorities reaction Reac\u021bia comunit\u0103\u021bii \u0219i a autorit\u0103\u021bilor locale - Mining Watch Romania","isPartOf":{"@id":"https:\/\/miningwatch.ro\/en\/#website"},"datePublished":"2014-01-15T15:45:13+00:00","dateModified":"2014-03-02T10:23:41+00:00","breadcrumb":{"@id":"https:\/\/miningwatch.ro\/en\/autorizarea-de-mediu-si-reactia-autoritatilor-locale\/#breadcrumb"},"inLanguage":"en-US","potentialAction":[{"@type":"ReadAction","target":[["https:\/\/miningwatch.ro\/en\/autorizarea-de-mediu-si-reactia-autoritatilor-locale\/"]]}]},{"@type":"BreadcrumbList","@id":"https:\/\/miningwatch.ro\/en\/autorizarea-de-mediu-si-reactia-autoritatilor-locale\/#breadcrumb","itemListElement":[{"@type":"ListItem","position":1,"name":"Home","item":"https:\/\/miningwatch.ro\/en\/"},{"@type":"ListItem","position":2,"name":"Reac\u021bia comunit\u0103\u021bii \u0219i a autorit\u0103\u021bilor locale"}]},{"@type":"WebSite","@id":"https:\/\/miningwatch.ro\/en\/#website","url":"https:\/\/miningwatch.ro\/en\/","name":"Mining Watch Romania","description":"Mining Watch Romania is a monitoring network designed to organise civil society and local community actions on proposed gold mining projects in Romania.","potentialAction":[{"@type":"SearchAction","target":{"@type":"EntryPoint","urlTemplate":"https:\/\/miningwatch.ro\/en\/?s={search_term_string}"},"query-input":"required name=search_term_string"}],"inLanguage":"en-US"}]}},"_links":{"self":[{"href":"https:\/\/miningwatch.ro\/en\/wp-json\/wp\/v2\/pages\/445","targetHints":{"allow":["GET"]}}],"collection":[{"href":"https:\/\/miningwatch.ro\/en\/wp-json\/wp\/v2\/pages"}],"about":[{"href":"https:\/\/miningwatch.ro\/en\/wp-json\/wp\/v2\/types\/page"}],"author":[{"embeddable":true,"href":"https:\/\/miningwatch.ro\/en\/wp-json\/wp\/v2\/users\/2"}],"replies":[{"embeddable":true,"href":"https:\/\/miningwatch.ro\/en\/wp-json\/wp\/v2\/comments?post=445"}],"version-history":[{"count":7,"href":"https:\/\/miningwatch.ro\/en\/wp-json\/wp\/v2\/pages\/445\/revisions"}],"predecessor-version":[{"id":448,"href":"https:\/\/miningwatch.ro\/en\/wp-json\/wp\/v2\/pages\/445\/revisions\/448"}],"wp:attachment":[{"href":"https:\/\/miningwatch.ro\/en\/wp-json\/wp\/v2\/media?parent=445"}],"curies":[{"name":"wp","href":"https:\/\/api.w.org\/{rel}","templated":true}]}}