{"id":587,"date":"2014-01-18T18:41:08","date_gmt":"2014-01-18T16:41:08","guid":{"rendered":"https:\/\/miningwatch.ro\/sitenou\/?page_id=587"},"modified":"2020-11-26T07:54:46","modified_gmt":"2020-11-26T05:54:46","slug":"mineritul-in-cariera-deschisa","status":"publish","type":"page","link":"https:\/\/miningwatch.ro\/en\/activism-kit\/mineritul-in-cariera-deschisa\/","title":{"rendered":"Open pit mining"},"content":{"rendered":"<p>Gold jeweleries are the most utilized accessories for defining personal style. However, there are few informations known to those who wear them regarding the hard work required to produce jewelery and, most of all, the consequences for our planet. Nuggets glittering in riverbeds are the realities of other epoques. <span class=\"symple-highlight symple-highlight-green \"> Most gold these days comes from large open-pit mines, where huge amounts of rock are churned up to extract tiny flecks of precious metal.<\/span> A &#8220;rich&#8221; mine might contain just a few tenths of an ounce of gold per ton of ore; a &#8220;poor&#8221; one would have a few hundredths of an ounce per ton. Earthworks estimates that <span class=\"symple-highlight symple-highlight-green \"> a standard 18-karat wedding band <\/span> leaves behind &lt;ahref=&#8221;http:\/\/nodirtygold.earthworksaction.org\/library\/detail\/how_the_20_tons_of_mine_waste_per_gold_ring_figure_was_calculated#.UtqQ92T8LZs&#8221;&gt;<a href=\"http:\/\/nodirtygold.earthworksaction.org\/library\/detail\/how_the_20_tons_of_mine_waste_per_gold_ring_figure_was_calculated#.UtqQ92T8LZs\" target=\"_blank\" rel=\"noopener noreferrer\">20 tons of ore and waste rock.<\/a><br \/>\nInternational demand for gold and other metals triggered the interest of multinational companies for new forms of exploitation involving very little respect for the environment. Benefits remain fully available to mining companies, while local communities face serious risks to human health and the environment.<br \/>\n<a href=\"https:\/\/miningwatch.ro\/sitenou\/wp-content\/uploads\/2014\/01\/uranium.jpg\"><img loading=\"lazy\" decoding=\"async\" class=\"size-medium wp-image-595 alignleft\" alt=\"uranium\" src=\"https:\/\/miningwatch.ro\/sitenou\/wp-content\/uploads\/2014\/01\/uranium-300x187.jpg\" width=\"300\" height=\"187\" srcset=\"https:\/\/miningwatch.ro\/sitenou\/wp-content\/uploads\/2014\/01\/uranium-300x187.jpg 300w, https:\/\/miningwatch.ro\/sitenou\/wp-content\/uploads\/2014\/01\/uranium-150x94.jpg 150w, https:\/\/miningwatch.ro\/sitenou\/wp-content\/uploads\/2014\/01\/uranium.jpg 460w\" sizes=\"auto, (max-width: 300px) 100vw, 300px\" \/><\/a>In many cases, <span class=\"symple-highlight symple-highlight-green \">extensive cutting and burning of woodland vegetation above the deposit precedes the exploitation.<\/span> Open pit mining is used in deposits with low concetrations, that were previously considered unprofitable. <span class=\"symple-highlight symple-highlight-green \"> The depth of the mine goes far beyond the limit of the groundwater.<\/span> In this case, the groundwater combined with heavy metals must be pumped out of the pit. However, after closing the mining operation, water accumulates at the bottom of the quarry, especially after water pumps stop. <span style=\"line-height: 1.5em;\">The impact of mining operations, in all of it\u2019s stages, it is signifiant for the environment: (a) Exploring and extracting the deposits, (b) Preparing the mining operations, (c) Exploitation itself and, (d) Further treatment of the ore obtained in order to obtain a commercially profitable production.<\/span><br \/>\n<span class=\"symple-highlight symple-highlight-green \">Moving such a large quantity of earth and stone requires a lot of energy.<\/span> Their excavation leads to the production of <span class=\"symple-highlight symple-highlight-green \">acid water drainage,<\/span> that is, in fact, the most common environmental concern caused by open pit mining. When you dig up rock that&#8217;s been buried for a long time, air and moisture can set off chemical reactions that produce acids and leach toxic metals. If those substances &#8212; sulfuric acid, arsenic and copper, for example &#8212; run off into lakes, rivers and streams, they will pose serious risks for populations of fish and other aquatic organisms. Mine drainage is a problem for many kinds of operations, but it&#8217;s especially significant for gold extraction. For one thing, gold is often found in rock that contains a lot of acid-generating sulfides; for another, mining gold produces much more unwanted rock than does mining other minerals.<div class=\"symple-callout symple-clearfix  \"><div class=\"symple-callout-caption\"> Open pit mines <\/div><div class=\"symple-callout-button\"><a href=\"http:\/\/www.environmentalgraffiti.com\/featured\/most-incredible-earth-scars\/16808?image=0\" class=\"symple-button normal teal\" title=\"Visit Site\"  rel=\"nofollow\" target=\"_blank\"><span class=\"symple-button-inner\" >See photos<\/span><\/a><\/div><\/div> Big mining operation often use, in the extraction process, cyanides. Cyanide is extremely toxic, and the problem is that it allows the mining companies to extract metals from very poor ores.<span class=\"symple-highlight symple-highlight-green \"> In the process of gold extraction, large quantities of sodium cyanide are used, a very poverful substance, that retrieves gold from other materials eliminated during processing. This chemical product has harmful effects on human health, even at low doses, can affect the respiratory, cardiovascular, gastrointestinal, neurological, ocular and dermal system, because it can be absorbed by skin contact. Health effects can last for months or years, from cancer risk to reproductive problems, hyperthyroidism or permanent damage to the nervous system.<br \/>\n<a href=\"https:\/\/miningwatch.ro\/sitenou\/wp-content\/uploads\/2014\/01\/lacul-geamana.jpg\"><img loading=\"lazy\" decoding=\"async\" class=\"size-medium wp-image-597 alignleft\" alt=\"lacul-geamana\" src=\"https:\/\/miningwatch.ro\/sitenou\/wp-content\/uploads\/2014\/01\/lacul-geamana-300x187.jpg\" width=\"300\" height=\"187\" \/><\/a><span class=\"symple-highlight symple-highlight-green \"><\/span> Mining producers end up digging up more land to produce the same amount of gold, resulting, in exchange, huge amounts of sterile,<\/span> a material remaining after processing ore. Tailing ponds are full of toxic substances such as arsenic, cyanide and mercury waste. Therefore they must be handled carefully to prevent mining accidents, especially since these ponds can remain toxic for centuries.<br \/>\nMoreover, open-pit mining has the following consequences:<br \/>\n&#8211; The environmental change, changes in the the morphology of the land and storage of large quantities of waste hazardous to health. Often, water courses are modified and new dams are created to keep the tailing ponds.<br \/>\n&#8211; Contaminated water. Basins and dams poorly designes or inadequately maintained contaminate surface water courses . Water leakage contaminated with chemicals and reagents used in the extraction process can reach groundwater that is usually used as drinking water.<br \/>\n-Soil contamination. This type of mining process completely eliminates soil in the mining area , contributing to erosion of the peripheral areas.<\/p>\n<p>Mining companies, generally, do not assume responsibility for accidents, and mine closure costs are rarely covered.<\/p>\n<p>Material adapted from:<br \/>\n<a href=\"http:\/\/www.washingtonpost.com\/wp-dyn\/content\/article\/2010\/09\/20\/AR2010092004730_pf.html\" target=\"_blank\" rel=\"noopener noreferrer\">Production of gold has many negative environmental effects<\/a>.<br \/>\n<a href=\"http:\/\/www.alertaminera.net\/p\/la-mineria-cielo-abierto.html#.UtqwVKDg7Zs\" target=\"_blank\" rel=\"noopener noreferrer\">La miner\u00eda a cielo abierto<\/a>.","protected":false},"excerpt":{"rendered":"<p>Gold jeweleries are the most utilized accessories for defining personal style. However, there are few informations known to those who wear them regarding the hard work required to produce jewelery and, most of all, the consequences for our planet. Nuggets glittering in riverbeds are the realities of other epoques. A &#8220;rich&#8221; mine might contain just [&hellip;]<\/p>\n","protected":false},"author":2,"featured_media":0,"parent":98,"menu_order":0,"comment_status":"closed","ping_status":"closed","template":"","meta":{"_exactmetrics_skip_tracking":false,"_exactmetrics_sitenote_active":false,"_exactmetrics_sitenote_note":"","_exactmetrics_sitenote_category":0,"footnotes":""},"class_list":["post-587","page","type-page","status-publish"],"yoast_head":"<!-- This site is optimized with the Yoast SEO plugin v21.2 - https:\/\/yoast.com\/wordpress\/plugins\/seo\/ -->\n<title>Open pit mining - Mining Watch Romania<\/title>\n<meta name=\"robots\" content=\"index, follow, max-snippet:-1, max-image-preview:large, max-video-preview:-1\" \/>\n<link rel=\"canonical\" href=\"https:\/\/miningwatch.ro\/en\/activism-kit\/mineritul-in-cariera-deschisa\/\" \/>\n<meta property=\"og:locale\" content=\"en_US\" \/>\n<meta property=\"og:type\" content=\"article\" \/>\n<meta property=\"og:title\" content=\"Open pit mining - Mining Watch Romania\" \/>\n<meta property=\"og:description\" content=\"Gold jeweleries are the most utilized accessories for defining personal style. However, there are few informations known to those who wear them regarding the hard work required to produce jewelery and, most of all, the consequences for our planet. Nuggets glittering in riverbeds are the realities of other epoques. A &#8220;rich&#8221; mine might contain just [&hellip;]\" \/>\n<meta property=\"og:url\" content=\"https:\/\/miningwatch.ro\/en\/activism-kit\/mineritul-in-cariera-deschisa\/\" \/>\n<meta property=\"og:site_name\" content=\"Mining Watch Romania\" \/>\n<meta property=\"article:modified_time\" content=\"2020-11-26T05:54:46+00:00\" \/>\n<meta property=\"og:image\" content=\"https:\/\/miningwatch.ro\/sitenou\/wp-content\/uploads\/2014\/01\/uranium-300x187.jpg\" \/>\n<meta name=\"twitter:card\" content=\"summary_large_image\" \/>\n<meta name=\"twitter:label1\" content=\"Est. reading time\" \/>\n\t<meta name=\"twitter:data1\" content=\"9 minutes\" \/>\n<script type=\"application\/ld+json\" class=\"yoast-schema-graph\">{\"@context\":\"https:\/\/schema.org\",\"@graph\":[{\"@type\":\"WebPage\",\"@id\":\"https:\/\/miningwatch.ro\/en\/activism-kit\/mineritul-in-cariera-deschisa\/\",\"url\":\"https:\/\/miningwatch.ro\/en\/activism-kit\/mineritul-in-cariera-deschisa\/\",\"name\":\"Open pit mining - Mining Watch Romania\",\"isPartOf\":{\"@id\":\"https:\/\/miningwatch.ro\/en\/#website\"},\"datePublished\":\"2014-01-18T16:41:08+00:00\",\"dateModified\":\"2020-11-26T05:54:46+00:00\",\"breadcrumb\":{\"@id\":\"https:\/\/miningwatch.ro\/en\/activism-kit\/mineritul-in-cariera-deschisa\/#breadcrumb\"},\"inLanguage\":\"en-US\",\"potentialAction\":[{\"@type\":\"ReadAction\",\"target\":[[\"https:\/\/miningwatch.ro\/en\/activism-kit\/mineritul-in-cariera-deschisa\/\"]]}]},{\"@type\":\"BreadcrumbList\",\"@id\":\"https:\/\/miningwatch.ro\/en\/activism-kit\/mineritul-in-cariera-deschisa\/#breadcrumb\",\"itemListElement\":[{\"@type\":\"ListItem\",\"position\":1,\"name\":\"Home\",\"item\":\"https:\/\/miningwatch.ro\/en\/\"},{\"@type\":\"ListItem\",\"position\":2,\"name\":\"Rapoarte \u0219i publica\u021bii\",\"item\":\"https:\/\/miningwatch.ro\/en\/activism-kit\/\"},{\"@type\":\"ListItem\",\"position\":3,\"name\":\"Mineritul \u00een carier\u0103 deschis\u0103\"}]},{\"@type\":\"WebSite\",\"@id\":\"https:\/\/miningwatch.ro\/en\/#website\",\"url\":\"https:\/\/miningwatch.ro\/en\/\",\"name\":\"Mining Watch Romania\",\"description\":\"Mining Watch Romania is a monitoring network designed to organise civil society and local community actions on proposed gold mining projects in Romania.\",\"potentialAction\":[{\"@type\":\"SearchAction\",\"target\":{\"@type\":\"EntryPoint\",\"urlTemplate\":\"https:\/\/miningwatch.ro\/en\/?s={search_term_string}\"},\"query-input\":\"required name=search_term_string\"}],\"inLanguage\":\"en-US\"}]}<\/script>\n<!-- \/ Yoast SEO plugin. -->","yoast_head_json":{"title":"Open pit mining - Mining Watch Romania","robots":{"index":"index","follow":"follow","max-snippet":"max-snippet:-1","max-image-preview":"max-image-preview:large","max-video-preview":"max-video-preview:-1"},"canonical":"https:\/\/miningwatch.ro\/en\/activism-kit\/mineritul-in-cariera-deschisa\/","og_locale":"en_US","og_type":"article","og_title":"Open pit mining - Mining Watch Romania","og_description":"Gold jeweleries are the most utilized accessories for defining personal style. However, there are few informations known to those who wear them regarding the hard work required to produce jewelery and, most of all, the consequences for our planet. Nuggets glittering in riverbeds are the realities of other epoques. A &#8220;rich&#8221; mine might contain just [&hellip;]","og_url":"https:\/\/miningwatch.ro\/en\/activism-kit\/mineritul-in-cariera-deschisa\/","og_site_name":"Mining Watch Romania","article_modified_time":"2020-11-26T05:54:46+00:00","og_image":[{"url":"https:\/\/miningwatch.ro\/sitenou\/wp-content\/uploads\/2014\/01\/uranium-300x187.jpg"}],"twitter_card":"summary_large_image","twitter_misc":{"Est. reading time":"9 minutes"},"schema":{"@context":"https:\/\/schema.org","@graph":[{"@type":"WebPage","@id":"https:\/\/miningwatch.ro\/en\/activism-kit\/mineritul-in-cariera-deschisa\/","url":"https:\/\/miningwatch.ro\/en\/activism-kit\/mineritul-in-cariera-deschisa\/","name":"Open pit mining - Mining Watch Romania","isPartOf":{"@id":"https:\/\/miningwatch.ro\/en\/#website"},"datePublished":"2014-01-18T16:41:08+00:00","dateModified":"2020-11-26T05:54:46+00:00","breadcrumb":{"@id":"https:\/\/miningwatch.ro\/en\/activism-kit\/mineritul-in-cariera-deschisa\/#breadcrumb"},"inLanguage":"en-US","potentialAction":[{"@type":"ReadAction","target":[["https:\/\/miningwatch.ro\/en\/activism-kit\/mineritul-in-cariera-deschisa\/"]]}]},{"@type":"BreadcrumbList","@id":"https:\/\/miningwatch.ro\/en\/activism-kit\/mineritul-in-cariera-deschisa\/#breadcrumb","itemListElement":[{"@type":"ListItem","position":1,"name":"Home","item":"https:\/\/miningwatch.ro\/en\/"},{"@type":"ListItem","position":2,"name":"Rapoarte \u0219i publica\u021bii","item":"https:\/\/miningwatch.ro\/en\/activism-kit\/"},{"@type":"ListItem","position":3,"name":"Mineritul \u00een carier\u0103 deschis\u0103"}]},{"@type":"WebSite","@id":"https:\/\/miningwatch.ro\/en\/#website","url":"https:\/\/miningwatch.ro\/en\/","name":"Mining Watch Romania","description":"Mining Watch Romania is a monitoring network designed to organise civil society and local community actions on proposed gold mining projects in Romania.","potentialAction":[{"@type":"SearchAction","target":{"@type":"EntryPoint","urlTemplate":"https:\/\/miningwatch.ro\/en\/?s={search_term_string}"},"query-input":"required name=search_term_string"}],"inLanguage":"en-US"}]}},"_links":{"self":[{"href":"https:\/\/miningwatch.ro\/en\/wp-json\/wp\/v2\/pages\/587","targetHints":{"allow":["GET"]}}],"collection":[{"href":"https:\/\/miningwatch.ro\/en\/wp-json\/wp\/v2\/pages"}],"about":[{"href":"https:\/\/miningwatch.ro\/en\/wp-json\/wp\/v2\/types\/page"}],"author":[{"embeddable":true,"href":"https:\/\/miningwatch.ro\/en\/wp-json\/wp\/v2\/users\/2"}],"replies":[{"embeddable":true,"href":"https:\/\/miningwatch.ro\/en\/wp-json\/wp\/v2\/comments?post=587"}],"version-history":[{"count":6,"href":"https:\/\/miningwatch.ro\/en\/wp-json\/wp\/v2\/pages\/587\/revisions"}],"predecessor-version":[{"id":3658,"href":"https:\/\/miningwatch.ro\/en\/wp-json\/wp\/v2\/pages\/587\/revisions\/3658"}],"up":[{"embeddable":true,"href":"https:\/\/miningwatch.ro\/en\/wp-json\/wp\/v2\/pages\/98"}],"wp:attachment":[{"href":"https:\/\/miningwatch.ro\/en\/wp-json\/wp\/v2\/media?parent=587"}],"curies":[{"name":"wp","href":"https:\/\/api.w.org\/{rel}","templated":true}]}}